{"id":1082,"date":"2025-09-26T09:28:59","date_gmt":"2025-09-26T09:28:59","guid":{"rendered":"https:\/\/lepex-novum.com\/regulamentacao-da-ue\/"},"modified":"2025-10-24T13:09:31","modified_gmt":"2025-10-24T13:09:31","slug":"regulamentacao-da-ue","status":"publish","type":"page","link":"https:\/\/lepex-novum.com\/pt-pt\/regulamentacao-da-ue\/","title":{"rendered":"Regulamenta\u00e7\u00e3o da UE"},"content":{"rendered":"\t\t<div data-elementor-type=\"wp-page\" data-elementor-id=\"1082\" class=\"elementor elementor-1082 elementor-64\">\n\t\t\t\t<div class=\"elementor-element elementor-element-3e9ca36 e-flex e-con-boxed e-con e-parent\" data-id=\"3e9ca36\" data-element_type=\"container\" data-e-type=\"container\">\n\t\t\t\t\t<div class=\"e-con-inner\">\n\t\t\t\t<div class=\"elementor-element elementor-element-ab96b59 elementor-widget elementor-widget-image\" data-id=\"ab96b59\" data-element_type=\"widget\" data-e-type=\"widget\" data-widget_type=\"image.default\">\n\t\t\t\t\t\t\t\t\t\t\t\t\t\t\t<img fetchpriority=\"high\" decoding=\"async\" width=\"1024\" height=\"796\" src=\"https:\/\/lepex-novum.com\/wp-content\/uploads\/2025\/09\/Firefly_EU-regulaiton-490357-1024x796.jpg\" class=\"attachment-large size-large wp-image-1084\" alt=\"\" srcset=\"https:\/\/lepex-novum.com\/wp-content\/uploads\/2025\/09\/Firefly_EU-regulaiton-490357-1024x796.jpg 1024w, https:\/\/lepex-novum.com\/wp-content\/uploads\/2025\/09\/Firefly_EU-regulaiton-490357-200x156.jpg 200w, https:\/\/lepex-novum.com\/wp-content\/uploads\/2025\/09\/Firefly_EU-regulaiton-490357-300x233.jpg 300w, https:\/\/lepex-novum.com\/wp-content\/uploads\/2025\/09\/Firefly_EU-regulaiton-490357-768x597.jpg 768w, https:\/\/lepex-novum.com\/wp-content\/uploads\/2025\/09\/Firefly_EU-regulaiton-490357-1536x1195.jpg 1536w, https:\/\/lepex-novum.com\/wp-content\/uploads\/2025\/09\/Firefly_EU-regulaiton-490357-2048x1593.jpg 2048w\" sizes=\"(max-width: 1024px) 100vw, 1024px\" \/>\t\t\t\t\t\t\t\t\t\t\t\t\t\t\t<\/div>\n\t\t\t\t<div class=\"elementor-element elementor-element-2479f7b elementor-widget elementor-widget-text-editor\" data-id=\"2479f7b\" data-element_type=\"widget\" data-e-type=\"widget\" data-widget_type=\"text-editor.default\">\n\t\t\t\t\t\t\t\t\t<div id=\"bgLayers_comp-m25vs53w1\" class=\"MW5IWV\" data-hook=\"bgLayers\" data-motion-part=\"BG_LAYER comp-m25vs53w1\"><div id=\"bgMedia_comp-m25vs53w1\" class=\"VgO9Yg\" data-motion-part=\"BG_MEDIA comp-m25vs53w1\"> <\/div><\/div><div class=\"\" data-mesh-id=\"comp-m25vs53w1inlineContent\" data-testid=\"inline-content\"><div data-mesh-id=\"comp-m25vs53w1inlineContent-gridContainer\" data-testid=\"mesh-container-content\"><div id=\"comp-lr5o0ez4\" class=\"Z_l5lU ku3DBC zQ9jDz comp-lr5o0ez4 wixui-rich-text\" data-testid=\"richTextElement\"><h2 class=\"font_2 wixui-rich-text__text\"><span class=\"wixui-rich-text__text\">Sobre a regulamenta\u00e7\u00e3o dos meios de preserva\u00e7\u00e3o de s\u00e9men animal na UE.<\/span><\/h2><\/div><div id=\"comp-lr5o0ez56\" class=\"Z_l5lU ku3DBC zQ9jDz comp-lr5o0ez56 wixui-rich-text\" data-testid=\"richTextElement\"><p class=\"font_8 wixui-rich-text__text\"><span class=\"wixui-rich-text__text\">Os meios de preserva\u00e7\u00e3o de s\u00e9men animal s\u00e3o solu\u00e7\u00f5es l\u00edquidas utilizadas para diluir ejaculados, aumentando assim o volume do ejaculado para alcan\u00e7ar a concentra\u00e7\u00e3o adequada de espermatozoides para a insemina\u00e7\u00e3o artificial. Al\u00e9m disso, estes meios servem para manter a funcionalidade dos espermatozoides para a fertiliza\u00e7\u00e3o. Compostos por sais e a\u00e7\u00facares, os meios de preserva\u00e7\u00e3o de s\u00e9men regulam o pH e a osmolaridade, incorporando tamb\u00e9m antibi\u00f3ticos para mitigar a prolifera\u00e7\u00e3o de microrganismos. Al\u00e9m disso, v\u00e1rias outras subst\u00e2ncias podem ser inclu\u00eddas nestes meios.   <\/span><\/p><p class=\"font_8 wixui-rich-text__text\"><span class=\"wixui-rich-text__text\">Ao contr\u00e1rio dos produtos medicinais veterin\u00e1rios, atualmente n\u00e3o existe regulamenta\u00e7\u00e3o espec\u00edfica que governe os meios de preserva\u00e7\u00e3o de s\u00e9men animal. Por exemplo, os meios de preserva\u00e7\u00e3o de espermatozoides podem incluir antibi\u00f3ticos, que se destinam a manter a viabilidade dos espermatozoides em vez de exercer um efeito fisiol\u00f3gico no animal submetido \u00e0 insemina\u00e7\u00e3o. \u00c9 poss\u00edvel que certos componentes encontrados em meios espec\u00edficos de preserva\u00e7\u00e3o de s\u00e9men, sejam comercialmente dispon\u00edveis ou n\u00e3o, possam ser categorizados como medicamentos veterin\u00e1rios. Se estes ingredientes forem efetivamente medicamentos veterin\u00e1rios, provavelmente necessitar\u00e3o de conformidade com os requisitos regulamentares relevantes.   <\/span><\/p><p class=\"font_8 wixui-rich-text__text\"><span class=\"wixui-rich-text__text\"> <\/span><span class=\"wixui-rich-text__text\">A classifica\u00e7\u00e3o de certos ingredientes nos meios de preserva\u00e7\u00e3o de espermatozoides pode ser amb\u00edgua, criando incerteza sobre se o meio deve ser classificado como medicamento veterin\u00e1rio ou se o ingrediente pode ser considerado uma subst\u00e2ncia n\u00e3o medicinal. Alguns ingredientes podem n\u00e3o atuar como conservantes, mas ainda assim desempenhar um papel na fertiliza\u00e7\u00e3o. Por exemplo, subst\u00e2ncias adicionadas ao s\u00e9men dilu\u00eddo para melhorar a sua miscibilidade com o muco vaginal podem potencialmente aumentar as hip\u00f3teses de conce\u00e7\u00e3o, como demonstrado em esp\u00e9cies como porcos e coelhos. Ou subst\u00e2ncias adicionadas ao meio para auxiliar no processo de ovula\u00e7\u00e3o natural, como no caso do meio de preserva\u00e7\u00e3o de s\u00e9men de coelho Lepex-Novum.   <\/span><\/p><p class=\"font_8 wixui-rich-text__text\"><span class=\"wixui-rich-text__text\">Quando confrontado com o dilema de classificar ingredientes como produtos medicinais veterin\u00e1rios ou aditivos n\u00e3o medicinais de preserva\u00e7\u00e3o de espermatozoides, pode-se solicitar uma classifica\u00e7\u00e3o ao Grupo de Trabalho de Fronteira (BWG) estabelecido pelo Grupo de Coordena\u00e7\u00e3o para Reconhecimento M\u00fatuo e Procedimentos Descentralizados para Produtos Medicinais Veterin\u00e1rios (CMDv) da Ag\u00eancia Europeia de Medicamentos (EMA). O CMDv, formado sob legisla\u00e7\u00e3o farmac\u00eautica revista, aborda quest\u00f5es relacionadas com a autoriza\u00e7\u00e3o de comercializa\u00e7\u00e3o de produtos medicinais veterin\u00e1rios em m\u00faltiplos Estados-Membros atrav\u00e9s de reconhecimento m\u00fatuo ou procedimento descentralizado. <\/span><\/p><p class=\"font_8 wixui-rich-text__text\"><span class=\"wixui-rich-text__text\">\u200b<\/span><span class=\"wixui-rich-text__text\">O CMDv atribuiu ao BWG o seguinte mandato.<\/span><\/p><p class=\"font_8 wixui-rich-text__text\"><span class=\"wixui-rich-text__text\">\u200b<\/span><span class=\"wixui-rich-text__text\">1. Fazer um invent\u00e1rio do pessoal relevante, grupos de trabalho e equipas dentro das Autoridades Competentes Nacionais para criar uma rede europeia de &#8216;fronteira&#8217;. Identificar a legisla\u00e7\u00e3o relevante, os atos de implementa\u00e7\u00e3o da Comiss\u00e3o conforme referido no Artigo 3(2) e a jurisprud\u00eancia europeia relacionada com a quest\u00e3o e a jurisprud\u00eancia europeia relacionada com a quest\u00e3o.<\/span><\/p><p class=\"font_8 wixui-rich-text__text\"><span class=\"wixui-rich-text__text\">2. Identificar as diferentes \u00e1reas de produtos de fronteira.<\/span><\/p><p class=\"font_8 wixui-rich-text__text\"><span class=\"wixui-rich-text__text\">3. Acordar entendimentos comuns entre Estados-Membros sobre defini\u00e7\u00f5es de fronteira e sobre diferentes \u00e1reas de produtos de fronteira identificados, para minimizar quaisquer diferen\u00e7as de interpreta\u00e7\u00e3o entre Estados-Membros.<\/span><\/p><p class=\"font_8 wixui-rich-text__text\"><span class=\"wixui-rich-text__text\">4. Fornecer recomenda\u00e7\u00f5es para a classifica\u00e7\u00e3o de um produto ou grupo de produtos.<\/span><\/p><p class=\"font_8 wixui-rich-text__text\"><span class=\"wixui-rich-text__text\">5. Comunicar com a Comiss\u00e3o Europeia quando necess\u00e1rio sobre uma recomenda\u00e7\u00e3o espec\u00edfica.<\/span><\/p><p class=\"font_8 wixui-rich-text__text\"><span class=\"wixui-rich-text__text\">6. A classifica\u00e7\u00e3o baseia-se na avalia\u00e7\u00e3o da fun\u00e7\u00e3o e apresenta\u00e7\u00e3o do produto caso a caso.<\/span><\/p><p class=\"font_8 wixui-rich-text__text\"><span class=\"wixui-rich-text__text\">Com este mandato, o BWG pode emitir recomenda\u00e7\u00f5es sobre ingredientes de meios de preserva\u00e7\u00e3o de s\u00e9men animal para os quais foi submetido um pedido.<\/span><\/p><\/div><div id=\"comp-m3bc1zkc\" class=\"Z_l5lU ku3DBC zQ9jDz comp-m3bc1zkc wixui-rich-text\" data-testid=\"richTextElement\"><h2 class=\"font_2 wixui-rich-text__text\"><span style=\"text-decoration: underline;\"><span class=\"wixui-rich-text__text\">Recomenda\u00e7\u00e3o da ag\u00eancia de avalia\u00e7\u00e3o de medicamentos europeus<\/span><\/span><\/h2><\/div><div id=\"comp-m3bc0wor\" class=\"Z_l5lU ku3DBC zQ9jDz comp-m3bc0wor wixui-rich-text\" data-testid=\"richTextElement\"><p class=\"font_8 wixui-rich-text__text\"><span class=\"wixui-rich-text__text\">Em julho de 2023, dois pedidos de classifica\u00e7\u00e3o foram submetidos ao Grupo de Trabalho de Fronteira (BWG), um \u00f3rg\u00e3o estabelecido pelo Grupo de Coordena\u00e7\u00e3o para Reconhecimento M\u00fatuo e Procedimentos Descentralizados para Produtos Medicinais Veterin\u00e1rios (CMDv) da Ag\u00eancia Europeia de Medicamentos (EMA), relativos ao Pronexcell e Matrixcell, dois ingredientes principais do Lepex-Novum.<\/span><\/p><p class=\"font_8 wixui-rich-text__text\"><span class=\"wixui-rich-text__text\">Adicionalmente, em novembro de 2023, a receita completa do Novum foi encaminhada para a Ag\u00eancia de Medicamentos Veterin\u00e1rios para a classifica\u00e7\u00e3o do suplemento Novum. A submiss\u00e3o incluiu detalhes sobre todos os ingredientes do Novum, juntamente com uma explica\u00e7\u00e3o do mecanismo baseado na presen\u00e7a da prote\u00edna NGF, consistente com a informa\u00e7\u00e3o dispon\u00edvel no s\u00edtio Web atual. <\/span><\/p><p class=\"font_8 wixui-rich-text__text\"><span class=\"wixui-rich-text__text\">\u200b<\/span><span class=\"wixui-rich-text__text\">A resposta escrita do L\u00edder de Projeto Regulamentar\/Representante Holand\u00eas \u2013 um membro do CMDv da Unidade de Produtos Medicinais Veterin\u00e1rios da Ag\u00eancia de Avalia\u00e7\u00e3o de Medicamentos foi a seguinte.<\/span><\/p><p class=\"font_8 wixui-rich-text__text\"><span class=\"wixui-rich-text__text\">\u200b<\/span><span class=\"wixui-rich-text__text\">De acordo com o Regulamento UE 2019\/6, o termo \"Produto medicinal veterin\u00e1rio\" abrange qualquer subst\u00e2ncia ou combina\u00e7\u00e3o de subst\u00e2ncias que cumpra pelo menos uma das seguintes condi\u00e7\u00f5es:<\/span><\/p><p class=\"font_8 wixui-rich-text__text\"><span class=\"wixui-rich-text__text\">a) apresentada como tendo propriedades terap\u00eauticas ou profil\u00e1ticas para doen\u00e7as em animais;<\/span><\/p><p class=\"font_8 wixui-rich-text__text\"><span class=\"wixui-rich-text__text\">b) destinada ao uso ou administra\u00e7\u00e3o em animais para restaurar, melhorar ou modificar fun\u00e7\u00f5es fisiol\u00f3gicas atrav\u00e9s de um efeito farmacol\u00f3gico, imunol\u00f3gico ou metab\u00f3lico.<\/span><\/p><p class=\"font_8 wixui-rich-text__text\"><span class=\"wixui-rich-text__text\">Com base na informa\u00e7\u00e3o fornecida, o Novum n\u00e3o cumpre a defini\u00e7\u00e3o de produto medicinal veterin\u00e1rio conforme delineado no Artigo 4(1a) ou 4(1b) do Regulamento UE 2019\/6.<\/span><\/p><\/div><\/div><\/div>\t\t\t\t\t\t\t\t<\/div>\n\t\t\t\t\t<\/div>\n\t\t\t\t<\/div>\n\t\t\t\t<\/div>\n\t\t","protected":false},"excerpt":{"rendered":"<p>Sobre a regulamenta\u00e7\u00e3o dos meios de preserva\u00e7\u00e3o de s\u00e9men animal na UE. Os meios de preserva\u00e7\u00e3o de s\u00e9men animal s\u00e3o [&hellip;]<\/p>\n","protected":false},"author":1,"featured_media":0,"parent":0,"menu_order":0,"comment_status":"closed","ping_status":"closed","template":"","meta":{"site-sidebar-layout":"no-sidebar","site-content-layout":"","ast-site-content-layout":"full-width-container","site-content-style":"default","site-sidebar-style":"default","ast-global-header-display":"","ast-banner-title-visibility":"","ast-main-header-display":"","ast-hfb-above-header-display":"","ast-hfb-below-header-display":"","ast-hfb-mobile-header-display":"","site-post-title":"disabled","ast-breadcrumbs-content":"","ast-featured-img":"disabled","footer-sml-layout":"","ast-disable-related-posts":"","theme-transparent-header-meta":"","adv-header-id-meta":"","stick-header-meta":"","header-above-stick-meta":"","header-main-stick-meta":"","header-below-stick-meta":"","astra-migrate-meta-layouts":"default","ast-page-background-enabled":"default","ast-page-background-meta":{"desktop":{"background-color":"var(--ast-global-color-5)","background-image":"","background-repeat":"repeat","background-position":"center center","background-size":"auto","background-attachment":"scroll","background-type":"","background-media":"","overlay-type":"","overlay-color":"","overlay-opacity":"","overlay-gradient":""},"tablet":{"background-color":"","background-image":"","background-repeat":"repeat","background-position":"center center","background-size":"auto","background-attachment":"scroll","background-type":"","background-media":"","overlay-type":"","overlay-color":"","overlay-opacity":"","overlay-gradient":""},"mobile":{"background-color":"","background-image":"","background-repeat":"repeat","background-position":"center center","background-size":"auto","background-attachment":"scroll","background-type":"","background-media":"","overlay-type":"","overlay-color":"","overlay-opacity":"","overlay-gradient":""}},"ast-content-background-meta":{"desktop":{"background-color":"var(--ast-global-color-4)","background-image":"","background-repeat":"repeat","background-position":"center center","background-size":"auto","background-attachment":"scroll","background-type":"","background-media":"","overlay-type":"","overlay-color":"","overlay-opacity":"","overlay-gradient":""},"tablet":{"background-color":"var(--ast-global-color-4)","background-image":"","background-repeat":"repeat","background-position":"center center","background-size":"auto","background-attachment":"scroll","background-type":"","background-media":"","overlay-type":"","overlay-color":"","overlay-opacity":"","overlay-gradient":""},"mobile":{"background-color":"var(--ast-global-color-4)","background-image":"","background-repeat":"repeat","background-position":"center center","background-size":"auto","background-attachment":"scroll","background-type":"","background-media":"","overlay-type":"","overlay-color":"","overlay-opacity":"","overlay-gradient":""}},"footnotes":""},"class_list":["post-1082","page","type-page","status-publish","hentry"],"jetpack_sharing_enabled":true,"_links":{"self":[{"href":"https:\/\/lepex-novum.com\/pt-pt\/wp-json\/wp\/v2\/pages\/1082","targetHints":{"allow":["GET"]}}],"collection":[{"href":"https:\/\/lepex-novum.com\/pt-pt\/wp-json\/wp\/v2\/pages"}],"about":[{"href":"https:\/\/lepex-novum.com\/pt-pt\/wp-json\/wp\/v2\/types\/page"}],"author":[{"embeddable":true,"href":"https:\/\/lepex-novum.com\/pt-pt\/wp-json\/wp\/v2\/users\/1"}],"replies":[{"embeddable":true,"href":"https:\/\/lepex-novum.com\/pt-pt\/wp-json\/wp\/v2\/comments?post=1082"}],"version-history":[{"count":1,"href":"https:\/\/lepex-novum.com\/pt-pt\/wp-json\/wp\/v2\/pages\/1082\/revisions"}],"predecessor-version":[{"id":1085,"href":"https:\/\/lepex-novum.com\/pt-pt\/wp-json\/wp\/v2\/pages\/1082\/revisions\/1085"}],"wp:attachment":[{"href":"https:\/\/lepex-novum.com\/pt-pt\/wp-json\/wp\/v2\/media?parent=1082"}],"curies":[{"name":"wp","href":"https:\/\/api.w.org\/{rel}","templated":true}]}}