{"id":1075,"date":"2025-10-02T13:31:33","date_gmt":"2025-10-02T12:31:33","guid":{"rendered":"https:\/\/lepex-novum.com\/lepex-novum\/"},"modified":"2025-11-20T16:00:15","modified_gmt":"2025-11-20T15:00:15","slug":"lepex-novum","status":"publish","type":"page","link":"https:\/\/lepex-novum.com\/pt-pt\/lepex-novum\/","title":{"rendered":"Lepex-novum"},"content":{"rendered":"\t\t<div data-elementor-type=\"wp-page\" data-elementor-id=\"1075\" class=\"elementor elementor-1075 elementor-350\">\n\t\t\t\t<div class=\"elementor-element elementor-element-be42f96 e-flex e-con-boxed e-con e-parent\" data-id=\"be42f96\" data-element_type=\"container\" data-e-type=\"container\">\n\t\t\t\t\t<div class=\"e-con-inner\">\n\t\t\t\t<div class=\"elementor-element elementor-element-651c71e elementor-widget elementor-widget-image\" data-id=\"651c71e\" data-element_type=\"widget\" data-e-type=\"widget\" data-widget_type=\"image.default\">\n\t\t\t\t\t\t\t\t\t\t\t\t\t\t\t<img fetchpriority=\"high\" decoding=\"async\" width=\"300\" height=\"300\" src=\"https:\/\/lepex-novum.com\/wp-content\/uploads\/2025\/09\/Logo-Novum-copie-300x300.jpg\" class=\"attachment-medium size-medium wp-image-45\" alt=\"\" srcset=\"https:\/\/lepex-novum.com\/wp-content\/uploads\/2025\/09\/Logo-Novum-copie-300x300.jpg 300w, https:\/\/lepex-novum.com\/wp-content\/uploads\/2025\/09\/Logo-Novum-copie-200x200.jpg 200w, https:\/\/lepex-novum.com\/wp-content\/uploads\/2025\/09\/Logo-Novum-copie-100x100.jpg 100w, https:\/\/lepex-novum.com\/wp-content\/uploads\/2025\/09\/Logo-Novum-copie-150x150.jpg 150w, https:\/\/lepex-novum.com\/wp-content\/uploads\/2025\/09\/Logo-Novum-copie-768x768.jpg 768w, https:\/\/lepex-novum.com\/wp-content\/uploads\/2025\/09\/Logo-Novum-copie.jpg 1024w\" sizes=\"(max-width: 300px) 100vw, 300px\" \/>\t\t\t\t\t\t\t\t\t\t\t\t\t\t\t<\/div>\n\t\t\t\t<div class=\"elementor-element elementor-element-0e3b1ec elementor-widget elementor-widget-text-editor\" data-id=\"0e3b1ec\" data-element_type=\"widget\" data-e-type=\"widget\" data-widget_type=\"text-editor.default\">\n\t\t\t\t\t\t\t\t\t<div><p><strong><span lang=\"NL-BE\">Revolucionando a cria\u00e7\u00e3o de coelhos com tecnologia de extensor orientada por IA<\/span><\/strong><\/p><\/div><div><p>O <b>LEPEX-NOVUM<\/b> \u00e9 um extensor de vanguarda concebido especificamente para melhorar a insemina\u00e7\u00e3o artificial (IA) na cria\u00e7\u00e3o de coelhos. Ao integrar a plataforma avan\u00e7ada NOVUM no sistema de extensor LEPEX comprovado, esta solu\u00e7\u00e3o inovadora otimiza a preserva\u00e7\u00e3o e viabilidade dos espermatozoides, melhorando em \u00faltima inst\u00e2ncia as taxas de sucesso reprodutivo e a efici\u00eancia da cria\u00e7\u00e3o (tamanho da ninhada). <\/p><\/div><div><p>Com o <b>LEPEX-NOVUM<\/b>, os criadores beneficiam de uma formula\u00e7\u00e3o e tecnologia de \u00faltima gera\u00e7\u00e3o que suporta uma melhor motilidade e longevidade dos espermatozoides, permitindo taxas de fertiliza\u00e7\u00e3o mais elevadas e ninhadas mais saud\u00e1veis. Este novo extensor n\u00e3o s\u00f3 aborda os desafios biol\u00f3gicos \u00fanicos da reprodu\u00e7\u00e3o de coelhos, como tamb\u00e9m capacita os criadores a aproveitar as t\u00e9cnicas de IA para programas de cria\u00e7\u00e3o mais precisos, controlados e sustent\u00e1veis. <\/p><\/div><div><p>Ao combinar inova\u00e7\u00e3o cient\u00edfica com aplica\u00e7\u00e3o pr\u00e1tica, o <b>LEPEX-NOVUM<\/b> est\u00e1 destinado a transformar as pr\u00e1ticas de cria\u00e7\u00e3o de coelhos, tornando a insemina\u00e7\u00e3o artificial mais fi\u00e1vel e produtiva do que nunca.<\/p><\/div>\t\t\t\t\t\t\t\t<\/div>\n\t\t\t\t\t<\/div>\n\t\t\t\t<\/div>\n\t\t\t\t<\/div>\n\t\t","protected":false},"excerpt":{"rendered":"<p>Revolucionando a cria\u00e7\u00e3o de coelhos com tecnologia de extensor orientada por IA O LEPEX-NOVUM \u00e9 um extensor de vanguarda concebido [&hellip;]<\/p>\n","protected":false},"author":1,"featured_media":0,"parent":0,"menu_order":0,"comment_status":"closed","ping_status":"closed","template":"","meta":{"site-sidebar-layout":"no-sidebar","site-content-layout":"","ast-site-content-layout":"full-width-container","site-content-style":"default","site-sidebar-style":"default","ast-global-header-display":"","ast-banner-title-visibility":"","ast-main-header-display":"","ast-hfb-above-header-display":"","ast-hfb-below-header-display":"","ast-hfb-mobile-header-display":"","site-post-title":"disabled","ast-breadcrumbs-content":"","ast-featured-img":"disabled","footer-sml-layout":"","ast-disable-related-posts":"","theme-transparent-header-meta":"","adv-header-id-meta":"","stick-header-meta":"","header-above-stick-meta":"","header-main-stick-meta":"","header-below-stick-meta":"","astra-migrate-meta-layouts":"default","ast-page-background-enabled":"default","ast-page-background-meta":{"desktop":{"background-color":"var(--ast-global-color-5)","background-image":"","background-repeat":"repeat","background-position":"center center","background-size":"auto","background-attachment":"scroll","background-type":"","background-media":"","overlay-type":"","overlay-color":"","overlay-opacity":"","overlay-gradient":""},"tablet":{"background-color":"","background-image":"","background-repeat":"repeat","background-position":"center center","background-size":"auto","background-attachment":"scroll","background-type":"","background-media":"","overlay-type":"","overlay-color":"","overlay-opacity":"","overlay-gradient":""},"mobile":{"background-color":"","background-image":"","background-repeat":"repeat","background-position":"center center","background-size":"auto","background-attachment":"scroll","background-type":"","background-media":"","overlay-type":"","overlay-color":"","overlay-opacity":"","overlay-gradient":""}},"ast-content-background-meta":{"desktop":{"background-color":"var(--ast-global-color-4)","background-image":"","background-repeat":"repeat","background-position":"center center","background-size":"auto","background-attachment":"scroll","background-type":"","background-media":"","overlay-type":"","overlay-color":"","overlay-opacity":"","overlay-gradient":""},"tablet":{"background-color":"var(--ast-global-color-4)","background-image":"","background-repeat":"repeat","background-position":"center center","background-size":"auto","background-attachment":"scroll","background-type":"","background-media":"","overlay-type":"","overlay-color":"","overlay-opacity":"","overlay-gradient":""},"mobile":{"background-color":"var(--ast-global-color-4)","background-image":"","background-repeat":"repeat","background-position":"center center","background-size":"auto","background-attachment":"scroll","background-type":"","background-media":"","overlay-type":"","overlay-color":"","overlay-opacity":"","overlay-gradient":""}},"footnotes":""},"class_list":["post-1075","page","type-page","status-publish","hentry"],"jetpack_sharing_enabled":true,"_links":{"self":[{"href":"https:\/\/lepex-novum.com\/pt-pt\/wp-json\/wp\/v2\/pages\/1075","targetHints":{"allow":["GET"]}}],"collection":[{"href":"https:\/\/lepex-novum.com\/pt-pt\/wp-json\/wp\/v2\/pages"}],"about":[{"href":"https:\/\/lepex-novum.com\/pt-pt\/wp-json\/wp\/v2\/types\/page"}],"author":[{"embeddable":true,"href":"https:\/\/lepex-novum.com\/pt-pt\/wp-json\/wp\/v2\/users\/1"}],"replies":[{"embeddable":true,"href":"https:\/\/lepex-novum.com\/pt-pt\/wp-json\/wp\/v2\/comments?post=1075"}],"version-history":[{"count":1,"href":"https:\/\/lepex-novum.com\/pt-pt\/wp-json\/wp\/v2\/pages\/1075\/revisions"}],"predecessor-version":[{"id":1078,"href":"https:\/\/lepex-novum.com\/pt-pt\/wp-json\/wp\/v2\/pages\/1075\/revisions\/1078"}],"wp:attachment":[{"href":"https:\/\/lepex-novum.com\/pt-pt\/wp-json\/wp\/v2\/media?parent=1075"}],"curies":[{"name":"wp","href":"https:\/\/api.w.org\/{rel}","templated":true}]}}