{"id":1032,"date":"2025-09-26T09:21:09","date_gmt":"2025-09-26T08:21:09","guid":{"rendered":"https:\/\/lepex-novum.com\/inicio\/"},"modified":"2025-11-24T10:19:51","modified_gmt":"2025-11-24T09:19:51","slug":"inicio","status":"publish","type":"page","link":"https:\/\/lepex-novum.com\/pt-pt\/","title":{"rendered":"In\u00edcio"},"content":{"rendered":"\t\t<div data-elementor-type=\"wp-page\" data-elementor-id=\"1032\" class=\"elementor elementor-1032 elementor-58\">\n\t\t\t\t<div class=\"elementor-element elementor-element-2648367 e-flex e-con-boxed e-con e-parent\" data-id=\"2648367\" data-element_type=\"container\" data-e-type=\"container\">\n\t\t\t\t\t<div class=\"e-con-inner\">\n\t\t\t\t<div class=\"elementor-element elementor-element-9b5199b elementor-widget elementor-widget-heading\" data-id=\"9b5199b\" data-element_type=\"widget\" data-e-type=\"widget\" data-widget_type=\"heading.default\">\n\t\t\t\t\t<h2 class=\"elementor-heading-title elementor-size-default\">Bem-vindo ao s\u00edtio Web da Lepex-Novum.<\/h2>\t\t\t\t<\/div>\n\t\t\t\t<div class=\"elementor-element elementor-element-8aa2525 elementor-widget elementor-widget-image\" data-id=\"8aa2525\" data-element_type=\"widget\" data-e-type=\"widget\" data-widget_type=\"image.default\">\n\t\t\t\t\t\t\t\t\t\t\t\t\t\t\t<img fetchpriority=\"high\" decoding=\"async\" width=\"1024\" height=\"796\" src=\"https:\/\/lepex-novum.com\/wp-content\/uploads\/2025\/09\/Firefly_lapins-en-laboratoire-683029-1024x796.jpg\" class=\"attachment-large size-large wp-image-1034\" alt=\"\" srcset=\"https:\/\/lepex-novum.com\/wp-content\/uploads\/2025\/09\/Firefly_lapins-en-laboratoire-683029-1024x796.jpg 1024w, https:\/\/lepex-novum.com\/wp-content\/uploads\/2025\/09\/Firefly_lapins-en-laboratoire-683029-200x156.jpg 200w, https:\/\/lepex-novum.com\/wp-content\/uploads\/2025\/09\/Firefly_lapins-en-laboratoire-683029-300x233.jpg 300w, https:\/\/lepex-novum.com\/wp-content\/uploads\/2025\/09\/Firefly_lapins-en-laboratoire-683029-768x597.jpg 768w, https:\/\/lepex-novum.com\/wp-content\/uploads\/2025\/09\/Firefly_lapins-en-laboratoire-683029-1536x1195.jpg 1536w, https:\/\/lepex-novum.com\/wp-content\/uploads\/2025\/09\/Firefly_lapins-en-laboratoire-683029-2048x1593.jpg 2048w\" sizes=\"(max-width: 1024px) 100vw, 1024px\" \/>\t\t\t\t\t\t\t\t\t\t\t\t\t\t\t<\/div>\n\t\t\t\t<div class=\"elementor-element elementor-element-0324b49 elementor-widget elementor-widget-text-editor\" data-id=\"0324b49\" data-element_type=\"widget\" data-e-type=\"widget\" data-widget_type=\"text-editor.default\">\n\t\t\t\t\t\t\t\t\t<div id=\"bgLayers_comp-m3affkvw\" class=\"MW5IWV\" data-hook=\"bgLayers\" data-motion-part=\"BG_LAYER comp-m3affkvw\"><div id=\"bgMedia_comp-m3affkvw\" class=\"VgO9Yg\" data-motion-part=\"BG_MEDIA comp-m3affkvw\"><div><p><strong>Insemina\u00e7\u00e3o artificial em coelhos<\/strong><\/p><\/div><div><p>A insemina\u00e7\u00e3o artificial (IA) em coelhos \u00e9 uma t\u00e9cnica reprodutiva na qual o s\u00e9men \u00e9 recolhido de um macho e introduzido manualmente no trato reprodutivo da f\u00eamea. <span lang=\"NL-BE\">Este m\u00e9todo \u00e9 amplamente utilizado em programas comerciais de reprodu\u00e7\u00e3o de coelhos para melhorar a produtividade do efetivo e a sele\u00e7\u00e3o gen\u00e9tica. Tamb\u00e9m contribui para o controlo de doen\u00e7as ao minimizar o contacto f\u00edsico direto entre os animais.<\/span> <\/p><p>Em opera\u00e7\u00f5es de grande escala, a IA permite a reprodu\u00e7\u00e3o sincronizada, o registo eficiente de dados e a produ\u00e7\u00e3o consistente de carne ou pele. <span style=\"font-size: 16px;\">Em geral, a IA melhora tanto a efici\u00eancia econ\u00f3mica como a gest\u00e3o da reprodu\u00e7\u00e3o na produ\u00e7\u00e3o comercial de coelhos.<\/span><\/p><\/div><div><p><span style=\"text-decoration: underline;\"><strong><span lang=\"NL-BE\">LEPEX E NOVUM.<\/span><\/strong><\/span><\/p><p class=\"font7\"><span lang=\"NL-BE\">E<\/span><span class=\"wixui-rich-texttext\"><span lang=\"NL-BE\">m 2015, o Dr. Bart van den Berg (Pa\u00edses Baixos) desenvolveu o meio de preserva\u00e7\u00e3o de s\u00e9men de coelho <b>LEPEX<\/b>, que tem estado comercialmente dispon\u00edvel desde ent\u00e3o.<\/span><\/span><span class=\"wixui-rich-texttext\"><b><span lang=\"NL-BE\">LEPEX<\/span><\/b><\/span><span class=\"wixui-rich-texttext\"><span lang=\"NL-BE\"> \u00e9 um diluidor de s\u00e9men leporino, fornecido como um p\u00f3 micronizado de alta qualidade, para utiliza\u00e7\u00e3o fresca e transporte refrigerado. \u00c9 especialmente formulado para a dilui\u00e7\u00e3o de esperma de coelho e o armazenamento do dilu\u00eddo a 17\u00b0C.<\/span><\/span> <\/p><p class=\"font7\"><span class=\"wixui-rich-texttext\">Recentemente, novos conhecimentos sobre os mecanismos bioqu\u00edmicos subjacentes \u00e0 reprodu\u00e7\u00e3o de coelhos levaram ao desenvolvimento de um novo suplemento denominado <b>NOVUM<\/b>. Este suplemento em p\u00f3 micronizado, quando adicionado ao diluidor de s\u00e9men, oferece uma abordagem inovadora que apoia a indu\u00e7\u00e3o da ovula\u00e7\u00e3o.<\/span> <span class=\"wixui-rich-texttext\"><span lang=\"NL-BE\">A combina\u00e7\u00e3o de <b>NOVUM<\/b> com o diluidor <b>LEPEX<\/b> especialmente desenvolvido \u00e9 comercializada como <b>LEPEX-NOVUM<\/b>.<\/span><\/span> <\/p><\/div><div><p class=\"font7\"><span class=\"wixui-rich-texttext\">Informa\u00e7\u00f5es comerciais, t\u00e9cnicas e cient\u00edficas abrangentes sobre estes produtos e suplemento podem ser encontradas noutras sec\u00e7\u00f5es deste s\u00edtio Web. <\/span><\/p><\/div><div><p class=\"font7\"><span style=\"font-size: 16px;\">Todos os produtos:<\/span> <b style=\"font-style: inherit;\">LEPEX<\/b><span style=\"font-size: 16px;\">,<\/span> <b style=\"font-style: inherit;\">NOVUM<\/b><span style=\"font-size: 16px;\"> e<\/span> <b style=\"font-style: inherit;\">LEPEX-NOVUM<\/b><span style=\"font-size: 16px;\"> s\u00e3o produzidos pela HuVeSearch bv (B\u00e9lgica) e fornecidos como p\u00f3s micronizados. O Dr. Bart van den Berg continua a trabalhar como consultor da HuVeSearch bv.<\/span><\/p><\/div><\/div><\/div>\t\t\t\t\t\t\t\t<\/div>\n\t\t\t\t<div class=\"elementor-element elementor-element-c33f2c6 elementor-widget__width-inherit elementor-align-justify elementor-widget elementor-widget-button\" data-id=\"c33f2c6\" data-element_type=\"widget\" data-e-type=\"widget\" data-widget_type=\"button.default\">\n\t\t\t\t\t\t\t\t\t\t<a class=\"elementor-button elementor-button-link elementor-size-sm\" href=\"tel:+32474988280\">\n\t\t\t\t\t\t<span class=\"elementor-button-content-wrapper\">\n\t\t\t\t\t\t\t\t\t<span class=\"elementor-button-text\">Contacte-nos<\/span>\n\t\t\t\t\t<\/span>\n\t\t\t\t\t<\/a>\n\t\t\t\t\t\t\t\t<\/div>\n\t\t\t\t\t<\/div>\n\t\t\t\t<\/div>\n\t\t\t\t<\/div>\n\t\t","protected":false},"excerpt":{"rendered":"<p>Bem-vindo ao s\u00edtio Web da Lepex-Novum. Insemina\u00e7\u00e3o artificial em coelhos A insemina\u00e7\u00e3o artificial (IA) em coelhos \u00e9 uma t\u00e9cnica reprodutiva [&hellip;]<\/p>\n","protected":false},"author":1,"featured_media":0,"parent":0,"menu_order":0,"comment_status":"closed","ping_status":"closed","template":"elementor_header_footer","meta":{"site-sidebar-layout":"no-sidebar","site-content-layout":"","ast-site-content-layout":"full-width-container","site-content-style":"default","site-sidebar-style":"default","ast-global-header-display":"","ast-banner-title-visibility":"","ast-main-header-display":"","ast-hfb-above-header-display":"","ast-hfb-below-header-display":"","ast-hfb-mobile-header-display":"","site-post-title":"disabled","ast-breadcrumbs-content":"","ast-featured-img":"disabled","footer-sml-layout":"","ast-disable-related-posts":"","theme-transparent-header-meta":"","adv-header-id-meta":"","stick-header-meta":"","header-above-stick-meta":"","header-main-stick-meta":"","header-below-stick-meta":"","astra-migrate-meta-layouts":"default","ast-page-background-enabled":"default","ast-page-background-meta":{"desktop":{"background-color":"var(--ast-global-color-5)","background-image":"","background-repeat":"repeat","background-position":"center center","background-size":"auto","background-attachment":"scroll","background-type":"","background-media":"","overlay-type":"","overlay-color":"","overlay-opacity":"","overlay-gradient":""},"tablet":{"background-color":"","background-image":"","background-repeat":"repeat","background-position":"center center","background-size":"auto","background-attachment":"scroll","background-type":"","background-media":"","overlay-type":"","overlay-color":"","overlay-opacity":"","overlay-gradient":""},"mobile":{"background-color":"","background-image":"","background-repeat":"repeat","background-position":"center center","background-size":"auto","background-attachment":"scroll","background-type":"","background-media":"","overlay-type":"","overlay-color":"","overlay-opacity":"","overlay-gradient":""}},"ast-content-background-meta":{"desktop":{"background-color":"var(--ast-global-color-4)","background-image":"","background-repeat":"repeat","background-position":"center center","background-size":"auto","background-attachment":"scroll","background-type":"","background-media":"","overlay-type":"","overlay-color":"","overlay-opacity":"","overlay-gradient":""},"tablet":{"background-color":"var(--ast-global-color-4)","background-image":"","background-repeat":"repeat","background-position":"center center","background-size":"auto","background-attachment":"scroll","background-type":"","background-media":"","overlay-type":"","overlay-color":"","overlay-opacity":"","overlay-gradient":""},"mobile":{"background-color":"var(--ast-global-color-4)","background-image":"","background-repeat":"repeat","background-position":"center center","background-size":"auto","background-attachment":"scroll","background-type":"","background-media":"","overlay-type":"","overlay-color":"","overlay-opacity":"","overlay-gradient":""}},"footnotes":""},"class_list":["post-1032","page","type-page","status-publish","hentry"],"jetpack_sharing_enabled":true,"_links":{"self":[{"href":"https:\/\/lepex-novum.com\/pt-pt\/wp-json\/wp\/v2\/pages\/1032","targetHints":{"allow":["GET"]}}],"collection":[{"href":"https:\/\/lepex-novum.com\/pt-pt\/wp-json\/wp\/v2\/pages"}],"about":[{"href":"https:\/\/lepex-novum.com\/pt-pt\/wp-json\/wp\/v2\/types\/page"}],"author":[{"embeddable":true,"href":"https:\/\/lepex-novum.com\/pt-pt\/wp-json\/wp\/v2\/users\/1"}],"replies":[{"embeddable":true,"href":"https:\/\/lepex-novum.com\/pt-pt\/wp-json\/wp\/v2\/comments?post=1032"}],"version-history":[{"count":4,"href":"https:\/\/lepex-novum.com\/pt-pt\/wp-json\/wp\/v2\/pages\/1032\/revisions"}],"predecessor-version":[{"id":1263,"href":"https:\/\/lepex-novum.com\/pt-pt\/wp-json\/wp\/v2\/pages\/1032\/revisions\/1263"}],"wp:attachment":[{"href":"https:\/\/lepex-novum.com\/pt-pt\/wp-json\/wp\/v2\/media?parent=1032"}],"curies":[{"name":"wp","href":"https:\/\/api.w.org\/{rel}","templated":true}]}}