{"id":1018,"date":"2025-09-26T09:28:26","date_gmt":"2025-09-26T09:28:26","guid":{"rendered":"https:\/\/lepex-novum.com\/novum\/"},"modified":"2025-10-24T13:09:08","modified_gmt":"2025-10-24T13:09:08","slug":"novum","status":"publish","type":"page","link":"https:\/\/lepex-novum.com\/pt-pt\/novum\/","title":{"rendered":"Novum"},"content":{"rendered":"\t\t<div data-elementor-type=\"wp-page\" data-elementor-id=\"1018\" class=\"elementor elementor-1018 elementor-62\">\n\t\t\t\t<div class=\"elementor-element elementor-element-1d8dfdc e-flex e-con-boxed e-con e-parent\" data-id=\"1d8dfdc\" data-element_type=\"container\" data-e-type=\"container\">\n\t\t\t\t\t<div class=\"e-con-inner\">\n\t\t<div class=\"elementor-element elementor-element-00d761f e-con-full e-flex e-con e-child\" data-id=\"00d761f\" data-element_type=\"container\" data-e-type=\"container\">\n\t\t\t\t<div class=\"elementor-element elementor-element-6f1cb32 elementor-widget elementor-widget-text-editor\" data-id=\"6f1cb32\" data-element_type=\"widget\" data-e-type=\"widget\" data-widget_type=\"text-editor.default\">\n\t\t\t\t\t\t\t\t\t<p class=\"font_8 wixui-rich-text__text\"><span class=\"wixui-rich-text__text\">Novum \u00e9 um p\u00f3 de cor laranja que pode ser adicionado a diluentes de s\u00e9men de coelho para apoiar a ovula\u00e7\u00e3o e a gravidez. A sua a\u00e7\u00e3o baseia-se na prote\u00e7\u00e3o dos componentes do s\u00e9men de coelho que induzem naturalmente a ovula\u00e7\u00e3o. Portanto, n\u00e3o \u00e9 necess\u00e1rio registo como medicamento veterin\u00e1rio para preservar estes fatores indutores de ovula\u00e7\u00e3o. Pode ser considerado um suplemento.   <\/span><\/p><p class=\"font_8 wixui-rich-text__text\"><span style=\"text-decoration: underline;\"><span class=\"wixui-rich-text__text\">Embalagem<\/span><\/span><\/p><p class=\"font_8 wixui-rich-text__text\"><span class=\"wixui-rich-text__text\">O p\u00f3 Novum \u00e9 embalado em frascos de pl\u00e1stico, cada um contendo 2,4 gramas. Esta quantidade de 2,4 gramas pode ser adicionada a 500 ml de diluente de s\u00e9men de coelho. Dependendo da quantidade de diluente necess\u00e1ria, o conte\u00fado de um \u00fanico frasco pode ser usado total ou parcialmente. Alternativamente, outros tamanhos de embalagem podem ser produzidos mediante pedido.   <\/span><\/p><p class=\"font_8 wixui-rich-text__text\"><span style=\"text-decoration: underline;\"><span class=\"wixui-rich-text__text\">Instru\u00e7\u00f5es de armazenamento<\/span><\/span><\/p><p class=\"font_8 wixui-rich-text__text\"><span class=\"wixui-rich-text__text\">O Novum \u00e9 enviado refrigerado. Ao receb\u00ea-lo, o Novum deve ser armazenado imediatamente a -20\u00b0C. <\/span><\/p><p class=\"font_8 wixui-rich-text__text\"><span style=\"text-decoration: underline;\"><span class=\"wixui-rich-text__text\">Instru\u00e7\u00f5es de uso<\/span><\/span><\/p><p class=\"font_8 wixui-rich-text__text\"><span class=\"wixui-rich-text__text\">\u200b<\/span><span class=\"wixui-rich-text__text\">Antes de adicionar o Novum ao diluente, o p\u00f3 deve ser trazido \u00e0 temperatura ambiente. Pode retirar um frasco do congelador um dia antes do uso ou no pr\u00f3prio dia de uso. Se for trazido \u00e0 temperatura ambiente no dia de uso, role o frasco entre as m\u00e3os para acelerar o processo.<\/span><\/p><p class=\"font_8 wixui-rich-text__text\"><span class=\"wixui-rich-text__text\"> <\/span><span class=\"wixui-rich-text__text\">A quantidade recomendada de p\u00f3 por quantidade de diluente \u00e9 a seguinte: 2,4 gramas de p\u00f3 devem ser adicionadas a 500 ml de diluente. Ao adicionar o p\u00f3 ao diluente, mexa lentamente para evitar a forma\u00e7\u00e3o de grumos, embora o p\u00f3 seja facilmente sol\u00favel no meio utilizado para diluir o s\u00e9men de coelho. Pode usar qualquer diluente comercialmente dispon\u00edvel.  <\/span><\/p><p class=\"font_8 wixui-rich-text__text\"><span class=\"wixui-rich-text__text\">O tempo entre a adi\u00e7\u00e3o do Novum ao diluente e a insemina\u00e7\u00e3o deve ser mantido o mais curto poss\u00edvel. Para obter resultados aceit\u00e1veis, o tempo m\u00e1ximo permitido entre a adi\u00e7\u00e3o do Novum e a insemina\u00e7\u00e3o \u00e9 de 12 horas. <\/span><\/p>\t\t\t\t\t\t\t\t<\/div>\n\t\t\t\t<\/div>\n\t\t<div class=\"elementor-element elementor-element-6126566 e-con-full e-flex e-con e-child\" data-id=\"6126566\" data-element_type=\"container\" data-e-type=\"container\">\n\t\t\t\t<div class=\"elementor-element elementor-element-3a66360 elementor-widget elementor-widget-image\" data-id=\"3a66360\" data-element_type=\"widget\" data-e-type=\"widget\" data-widget_type=\"image.default\">\n\t\t\t\t\t\t\t\t\t\t\t\t\t\t\t<img fetchpriority=\"high\" decoding=\"async\" width=\"1024\" height=\"1024\" src=\"https:\/\/lepex-novum.com\/wp-content\/uploads\/2025\/09\/ChatGPT-Image-26-sept.-2025-a-13_29_50.png\" class=\"attachment-large size-large wp-image-1020\" alt=\"\" srcset=\"https:\/\/lepex-novum.com\/wp-content\/uploads\/2025\/09\/ChatGPT-Image-26-sept.-2025-a-13_29_50.png 1024w, https:\/\/lepex-novum.com\/wp-content\/uploads\/2025\/09\/ChatGPT-Image-26-sept.-2025-a-13_29_50-200x200.png 200w, https:\/\/lepex-novum.com\/wp-content\/uploads\/2025\/09\/ChatGPT-Image-26-sept.-2025-a-13_29_50-100x100.png 100w, https:\/\/lepex-novum.com\/wp-content\/uploads\/2025\/09\/ChatGPT-Image-26-sept.-2025-a-13_29_50-300x300.png 300w, https:\/\/lepex-novum.com\/wp-content\/uploads\/2025\/09\/ChatGPT-Image-26-sept.-2025-a-13_29_50-150x150.png 150w, https:\/\/lepex-novum.com\/wp-content\/uploads\/2025\/09\/ChatGPT-Image-26-sept.-2025-a-13_29_50-768x768.png 768w\" sizes=\"(max-width: 1024px) 100vw, 1024px\" \/>\t\t\t\t\t\t\t\t\t\t\t\t\t\t\t<\/div>\n\t\t\t\t<\/div>\n\t\t\t\t\t<\/div>\n\t\t\t\t<\/div>\n\t\t<div class=\"elementor-element elementor-element-56c8d7c e-flex e-con-boxed e-con e-parent\" data-id=\"56c8d7c\" data-element_type=\"container\" data-e-type=\"container\">\n\t\t\t\t\t<div class=\"e-con-inner\">\n\t\t<div class=\"elementor-element elementor-element-26d2947 e-con-full e-flex e-con e-child\" data-id=\"26d2947\" data-element_type=\"container\" data-e-type=\"container\">\n\t\t\t\t<div class=\"elementor-element elementor-element-b83c24d elementor-widget elementor-widget-image\" data-id=\"b83c24d\" data-element_type=\"widget\" data-e-type=\"widget\" data-widget_type=\"image.default\">\n\t\t\t\t\t\t\t\t\t\t\t\t\t\t\t<img decoding=\"async\" width=\"1024\" height=\"796\" src=\"https:\/\/lepex-novum.com\/wp-content\/uploads\/2025\/09\/Firefly_lapin-avec-dadn-orange-new-design-photo-realiste-fond-transparent-907576-1024x796.jpg\" class=\"attachment-large size-large wp-image-1021\" alt=\"\" srcset=\"https:\/\/lepex-novum.com\/wp-content\/uploads\/2025\/09\/Firefly_lapin-avec-dadn-orange-new-design-photo-realiste-fond-transparent-907576-1024x796.jpg 1024w, https:\/\/lepex-novum.com\/wp-content\/uploads\/2025\/09\/Firefly_lapin-avec-dadn-orange-new-design-photo-realiste-fond-transparent-907576-200x156.jpg 200w, https:\/\/lepex-novum.com\/wp-content\/uploads\/2025\/09\/Firefly_lapin-avec-dadn-orange-new-design-photo-realiste-fond-transparent-907576-300x233.jpg 300w, https:\/\/lepex-novum.com\/wp-content\/uploads\/2025\/09\/Firefly_lapin-avec-dadn-orange-new-design-photo-realiste-fond-transparent-907576-768x597.jpg 768w, https:\/\/lepex-novum.com\/wp-content\/uploads\/2025\/09\/Firefly_lapin-avec-dadn-orange-new-design-photo-realiste-fond-transparent-907576-1536x1195.jpg 1536w, https:\/\/lepex-novum.com\/wp-content\/uploads\/2025\/09\/Firefly_lapin-avec-dadn-orange-new-design-photo-realiste-fond-transparent-907576-2048x1593.jpg 2048w\" sizes=\"(max-width: 1024px) 100vw, 1024px\" \/>\t\t\t\t\t\t\t\t\t\t\t\t\t\t\t<\/div>\n\t\t\t\t<\/div>\n\t\t<div class=\"elementor-element elementor-element-de737f2 e-con-full e-flex e-con e-child\" data-id=\"de737f2\" data-element_type=\"container\" data-e-type=\"container\">\n\t\t\t\t<div class=\"elementor-element elementor-element-a83165c elementor-widget elementor-widget-text-editor\" data-id=\"a83165c\" data-element_type=\"widget\" data-e-type=\"widget\" data-widget_type=\"text-editor.default\">\n\t\t\t\t\t\t\t\t\t<div id=\"bgLayers_comp-m3bc62h11\" class=\"MW5IWV\" data-hook=\"bgLayers\" data-motion-part=\"BG_LAYER comp-m3bc62h11\"><div id=\"bgMedia_comp-m3bc62h11\" class=\"VgO9Yg\" data-motion-part=\"BG_MEDIA comp-m3bc62h11\"> <\/div><\/div><div class=\"\" data-mesh-id=\"comp-m3bc62h11inlineContent\" data-testid=\"inline-content\"><div data-mesh-id=\"comp-m3bc62h11inlineContent-gridContainer\" data-testid=\"mesh-container-content\"><div id=\"comp-m3bc62h28\" class=\"Z_l5lU ku3DBC zQ9jDz comp-m3bc62h28 wixui-rich-text\" data-testid=\"richTextElement\"><h2 class=\"font_2 wixui-rich-text__text\"><span style=\"text-decoration: underline;\"><strong><span class=\"wixui-rich-text__text\">Desempenho do Novum<\/span><\/strong><\/span><\/h2><\/div><div id=\"comp-m3bc62h46\" class=\"Z_l5lU ku3DBC zQ9jDz comp-m3bc62h46 wixui-rich-text\" data-testid=\"richTextElement\"><p class=\"font_8 wixui-rich-text__text\"><span class=\"wixui-rich-text__text\">No que diz respeito ao desempenho do uso do Novum como suplemento num diluente<\/span><span class=\"wixui-rich-text__text\">, o foco principal \u00e9 na taxa de gravidez e no tamanho da ninhada. Como o desempenho depende de muitas vari\u00e1veis, incluindo gest\u00e3o da explora\u00e7\u00e3o, linhas parentais e esta\u00e7\u00e3o do ano, \u00e9 necess\u00e1rio realizar experi\u00eancias extensas em condi\u00e7\u00f5es variadas.<\/span><\/p><p class=\"font_8 wixui-rich-text__text\"><span class=\"wixui-rich-text__text\">As primeiras experi\u00eancias foram realizadas durante e ap\u00f3s o ver\u00e3o de 2023 usando pequenos grupos de animais. Mais tarde nesse ano, tamb\u00e9m foram realizados experimentos de acompanhamento para otimizar a f\u00f3rmula do Novum. Experi\u00eancias em grande escala, nas quais muitas centenas de f\u00eameas foram inseminadas, s\u00f3 come\u00e7aram em 2024.  <\/span><\/p><p class=\"font_8 wixui-rich-text__text\"><span class=\"wixui-rich-text__text\">Em 2024, come\u00e7ou a colabora\u00e7\u00e3o com v\u00e1rias partes em diferentes pa\u00edses, incluindo os Pa\u00edses Baixos, Fran\u00e7a, Hungria e It\u00e1lia. Em geral, podemos dizer que a aplica\u00e7\u00e3o do Novum, sob as condi\u00e7\u00f5es adequadas, resulta numa taxa de gravidez na casa dos 80% altos e, por vezes, quase 90%. O tamanho da ninhada varia ent\u00e3o entre 10 e 12.   <\/span><\/p><p class=\"font_8 wixui-rich-text__text\"><span class=\"wixui-rich-text__text\">\u200b<\/span><span class=\"wixui-rich-text__text\">Al\u00e9m do desempenho, tamb\u00e9m foi realizada pesquisa sobre a vida \u00fatil do Novum. Com base em fundamentos te\u00f3ricos, espera-se uma vida \u00fatil de pelo menos 2 anos quando o Novum \u00e9 armazenado a -20 graus Celsius. No entanto, o transporte\u2014embora refrigerado\u2014tamb\u00e9m deve ser considerado. Experi\u00eancias mostraram que o Novum permanece eficaz por pelo menos 9 meses, mantendo um bom desempenho.<\/span> <\/p><p class=\"font_8 wixui-rich-text__text\"><span class=\"wixui-rich-text__text\">Experi\u00eancias sobre desempenho e vida \u00fatil em v\u00e1rias condi\u00e7\u00f5es continuar\u00e3o a ser realizadas para reunir o m\u00e1ximo de conhecimento poss\u00edvel sobre estes assuntos.<\/span><\/p><\/div><\/div><\/div>\t\t\t\t\t\t\t\t<\/div>\n\t\t\t\t<\/div>\n\t\t\t\t\t<\/div>\n\t\t\t\t<\/div>\n\t\t<div class=\"elementor-element elementor-element-412f0f8 e-flex e-con-boxed e-con e-parent\" data-id=\"412f0f8\" data-element_type=\"container\" data-e-type=\"container\">\n\t\t\t\t\t<div class=\"e-con-inner\">\n\t\t<div class=\"elementor-element elementor-element-ada6fbe e-con-full e-flex e-con e-child\" data-id=\"ada6fbe\" data-element_type=\"container\" data-e-type=\"container\">\n\t\t\t\t<div class=\"elementor-element elementor-element-4cc5c09 elementor-widget elementor-widget-text-editor\" data-id=\"4cc5c09\" data-element_type=\"widget\" data-e-type=\"widget\" data-widget_type=\"text-editor.default\">\n\t\t\t\t\t\t\t\t\t<div id=\"bgLayers_comp-m6uihgat1\" class=\"MW5IWV\" data-hook=\"bgLayers\" data-motion-part=\"BG_LAYER comp-m6uihgat1\"><div id=\"bgMedia_comp-m6uihgat1\" class=\"VgO9Yg\" data-motion-part=\"BG_MEDIA comp-m6uihgat1\"><strong style=\"font-size: 16px; text-decoration: underline;\"><span class=\"wixui-rich-text__text\">Mecanismo molecular do Novum.<\/span><\/strong><\/div><div data-motion-part=\"BG_MEDIA comp-m6uihgat1\"> <\/div><\/div><div class=\"\" data-mesh-id=\"comp-m6uihgat1inlineContent\" data-testid=\"inline-content\"><div data-mesh-id=\"comp-m6uihgat1inlineContent-gridContainer\" data-testid=\"mesh-container-content\"><div id=\"comp-m6uihgay1\" class=\"MazNVa comp-m6uihgay1 wixui-image\" title=\"d5961d_13a1742004d948f3805f58db8414f7c8~mv2.png\"><div class=\"j7pOnl\" data-testid=\"linkElement\"><span style=\"font-size: 16px;\">Novum: uma chave para prolongar a atividade do NGF<\/span><\/div><\/div><div id=\"comp-m6uij3wa\" class=\"Z_l5lU ku3DBC zQ9jDz comp-m6uij3wa wixui-rich-text\" data-testid=\"richTextElement\"><p class=\"font_8 wixui-rich-text__text\">Evid\u00eancias recentes da literatura, bem como experi\u00eancias pr\u00f3prias, sugerem que o Novum desempenha um papel crucial na preserva\u00e7\u00e3o do Fator de Crescimento Nervoso (NGF), uma mol\u00e9cula chave envolvida nos processos reprodutivos. Consegue isso atrav\u00e9s de dois mecanismos principais que ajudam a prevenir a degrada\u00e7\u00e3o do NGF no trato reprodutivo feminino e no s\u00e9men. <\/p><p class=\"font_8 wixui-rich-text__text\">O primeiro mecanismo envolve inibidores de enzimas proteol\u00edticas. Estes inibidores visam especificamente e reduzem a degrada\u00e7\u00e3o do NGF, permitindo que permane\u00e7a ativo por um per\u00edodo mais longo. Ao prolongar a presen\u00e7a do NGF, o Novum aumenta a probabilidade de indu\u00e7\u00e3o de ovula\u00e7\u00e3o bem-sucedida.  <\/p><p class=\"font_8 wixui-rich-text__text\">A segunda estrat\u00e9gia gira em torno de hidrolisados de prote\u00ednas, uma mistura complexa de pept\u00eddeos derivados de v\u00e1rias fontes, como soro de leite, soja e gr\u00e3os. Estes hidrolisados atuam como iscas, envolvendo enzimas proteol\u00edticas e impedindo-as de atacar o NGF. Isso cria um efeito de impedimento est\u00e9rico, protegendo efetivamente o NGF e aumentando sua biodisponibilidade.  <\/p><p class=\"font_8 wixui-rich-text__text\">Ao combinar estas duas abordagens, o Novum prolonga significativamente a vida \u00fatil do NGF no ambiente reprodutivo, aumentando sua efic\u00e1cia no apoio \u00e0 ovula\u00e7\u00e3o e fertilidade.<\/p><\/div><\/div><\/div>\t\t\t\t\t\t\t\t<\/div>\n\t\t\t\t<\/div>\n\t\t<div class=\"elementor-element elementor-element-55e3f07 e-con-full e-flex e-con e-child\" data-id=\"55e3f07\" data-element_type=\"container\" data-e-type=\"container\">\n\t\t\t\t<div class=\"elementor-element elementor-element-4d1ad38 elementor-widget elementor-widget-image\" data-id=\"4d1ad38\" data-element_type=\"widget\" data-e-type=\"widget\" data-widget_type=\"image.default\">\n\t\t\t\t\t\t\t\t\t\t\t\t\t\t\t<img decoding=\"async\" width=\"1024\" height=\"796\" src=\"https:\/\/lepex-novum.com\/wp-content\/uploads\/2025\/09\/Firefly_spermatozoides-humains-au-microscope-vers-ovule-879941-1024x796.jpg\" class=\"attachment-large size-large wp-image-1022\" alt=\"\" srcset=\"https:\/\/lepex-novum.com\/wp-content\/uploads\/2025\/09\/Firefly_spermatozoides-humains-au-microscope-vers-ovule-879941-1024x796.jpg 1024w, https:\/\/lepex-novum.com\/wp-content\/uploads\/2025\/09\/Firefly_spermatozoides-humains-au-microscope-vers-ovule-879941-200x156.jpg 200w, https:\/\/lepex-novum.com\/wp-content\/uploads\/2025\/09\/Firefly_spermatozoides-humains-au-microscope-vers-ovule-879941-300x233.jpg 300w, https:\/\/lepex-novum.com\/wp-content\/uploads\/2025\/09\/Firefly_spermatozoides-humains-au-microscope-vers-ovule-879941-768x597.jpg 768w, https:\/\/lepex-novum.com\/wp-content\/uploads\/2025\/09\/Firefly_spermatozoides-humains-au-microscope-vers-ovule-879941-1536x1195.jpg 1536w, https:\/\/lepex-novum.com\/wp-content\/uploads\/2025\/09\/Firefly_spermatozoides-humains-au-microscope-vers-ovule-879941-2048x1593.jpg 2048w\" sizes=\"(max-width: 1024px) 100vw, 1024px\" \/>\t\t\t\t\t\t\t\t\t\t\t\t\t\t\t<\/div>\n\t\t\t\t<\/div>\n\t\t\t\t\t<\/div>\n\t\t\t\t<\/div>\n\t\t\t\t<\/div>\n\t\t","protected":false},"excerpt":{"rendered":"<p>Novum \u00e9 um p\u00f3 de cor laranja que pode ser adicionado a diluentes de s\u00e9men de coelho para apoiar a [&hellip;]<\/p>\n","protected":false},"author":1,"featured_media":0,"parent":0,"menu_order":0,"comment_status":"closed","ping_status":"closed","template":"","meta":{"site-sidebar-layout":"no-sidebar","site-content-layout":"","ast-site-content-layout":"full-width-container","site-content-style":"default","site-sidebar-style":"default","ast-global-header-display":"","ast-banner-title-visibility":"","ast-main-header-display":"","ast-hfb-above-header-display":"","ast-hfb-below-header-display":"","ast-hfb-mobile-header-display":"","site-post-title":"disabled","ast-breadcrumbs-content":"","ast-featured-img":"disabled","footer-sml-layout":"","ast-disable-related-posts":"","theme-transparent-header-meta":"","adv-header-id-meta":"","stick-header-meta":"","header-above-stick-meta":"","header-main-stick-meta":"","header-below-stick-meta":"","astra-migrate-meta-layouts":"default","ast-page-background-enabled":"default","ast-page-background-meta":{"desktop":{"background-color":"var(--ast-global-color-5)","background-image":"","background-repeat":"repeat","background-position":"center center","background-size":"auto","background-attachment":"scroll","background-type":"","background-media":"","overlay-type":"","overlay-color":"","overlay-opacity":"","overlay-gradient":""},"tablet":{"background-color":"","background-image":"","background-repeat":"repeat","background-position":"center center","background-size":"auto","background-attachment":"scroll","background-type":"","background-media":"","overlay-type":"","overlay-color":"","overlay-opacity":"","overlay-gradient":""},"mobile":{"background-color":"","background-image":"","background-repeat":"repeat","background-position":"center center","background-size":"auto","background-attachment":"scroll","background-type":"","background-media":"","overlay-type":"","overlay-color":"","overlay-opacity":"","overlay-gradient":""}},"ast-content-background-meta":{"desktop":{"background-color":"var(--ast-global-color-4)","background-image":"","background-repeat":"repeat","background-position":"center center","background-size":"auto","background-attachment":"scroll","background-type":"","background-media":"","overlay-type":"","overlay-color":"","overlay-opacity":"","overlay-gradient":""},"tablet":{"background-color":"var(--ast-global-color-4)","background-image":"","background-repeat":"repeat","background-position":"center center","background-size":"auto","background-attachment":"scroll","background-type":"","background-media":"","overlay-type":"","overlay-color":"","overlay-opacity":"","overlay-gradient":""},"mobile":{"background-color":"var(--ast-global-color-4)","background-image":"","background-repeat":"repeat","background-position":"center center","background-size":"auto","background-attachment":"scroll","background-type":"","background-media":"","overlay-type":"","overlay-color":"","overlay-opacity":"","overlay-gradient":""}},"footnotes":""},"class_list":["post-1018","page","type-page","status-publish","hentry"],"jetpack_sharing_enabled":true,"_links":{"self":[{"href":"https:\/\/lepex-novum.com\/pt-pt\/wp-json\/wp\/v2\/pages\/1018","targetHints":{"allow":["GET"]}}],"collection":[{"href":"https:\/\/lepex-novum.com\/pt-pt\/wp-json\/wp\/v2\/pages"}],"about":[{"href":"https:\/\/lepex-novum.com\/pt-pt\/wp-json\/wp\/v2\/types\/page"}],"author":[{"embeddable":true,"href":"https:\/\/lepex-novum.com\/pt-pt\/wp-json\/wp\/v2\/users\/1"}],"replies":[{"embeddable":true,"href":"https:\/\/lepex-novum.com\/pt-pt\/wp-json\/wp\/v2\/comments?post=1018"}],"version-history":[{"count":1,"href":"https:\/\/lepex-novum.com\/pt-pt\/wp-json\/wp\/v2\/pages\/1018\/revisions"}],"predecessor-version":[{"id":1024,"href":"https:\/\/lepex-novum.com\/pt-pt\/wp-json\/wp\/v2\/pages\/1018\/revisions\/1024"}],"wp:attachment":[{"href":"https:\/\/lepex-novum.com\/pt-pt\/wp-json\/wp\/v2\/media?parent=1018"}],"curies":[{"name":"wp","href":"https:\/\/api.w.org\/{rel}","templated":true}]}}