{"id":1393,"date":"2025-10-02T13:31:33","date_gmt":"2025-10-02T12:31:33","guid":{"rendered":"https:\/\/lepex-novum.com\/lepex-novum\/"},"modified":"2026-01-06T15:13:26","modified_gmt":"2026-01-06T14:13:26","slug":"lepex-novum","status":"publish","type":"page","link":"https:\/\/lepex-novum.com\/pl\/lepex-novum\/","title":{"rendered":"Lepex-Novum"},"content":{"rendered":"\t\t<div data-elementor-type=\"wp-page\" data-elementor-id=\"1393\" class=\"elementor elementor-1393 elementor-350\">\n\t\t\t\t<div class=\"elementor-element elementor-element-be42f96 e-flex e-con-boxed e-con e-parent\" data-id=\"be42f96\" data-element_type=\"container\" data-e-type=\"container\">\n\t\t\t\t\t<div class=\"e-con-inner\">\n\t\t\t\t<div class=\"elementor-element elementor-element-651c71e elementor-widget elementor-widget-image\" data-id=\"651c71e\" data-element_type=\"widget\" data-e-type=\"widget\" data-widget_type=\"image.default\">\n\t\t\t\t\t\t\t\t\t\t\t\t\t\t\t<img fetchpriority=\"high\" decoding=\"async\" width=\"300\" height=\"300\" src=\"https:\/\/lepex-novum.com\/wp-content\/uploads\/2025\/09\/Logo-Novum-copie-300x300.jpg\" class=\"attachment-medium size-medium wp-image-45\" alt=\"\" srcset=\"https:\/\/lepex-novum.com\/wp-content\/uploads\/2025\/09\/Logo-Novum-copie-300x300.jpg 300w, https:\/\/lepex-novum.com\/wp-content\/uploads\/2025\/09\/Logo-Novum-copie-200x200.jpg 200w, https:\/\/lepex-novum.com\/wp-content\/uploads\/2025\/09\/Logo-Novum-copie-100x100.jpg 100w, https:\/\/lepex-novum.com\/wp-content\/uploads\/2025\/09\/Logo-Novum-copie-150x150.jpg 150w, https:\/\/lepex-novum.com\/wp-content\/uploads\/2025\/09\/Logo-Novum-copie-768x768.jpg 768w, https:\/\/lepex-novum.com\/wp-content\/uploads\/2025\/09\/Logo-Novum-copie.jpg 1024w\" sizes=\"(max-width: 300px) 100vw, 300px\" \/>\t\t\t\t\t\t\t\t\t\t\t\t\t\t\t<\/div>\n\t\t\t\t<div class=\"elementor-element elementor-element-0e3b1ec elementor-widget elementor-widget-text-editor\" data-id=\"0e3b1ec\" data-element_type=\"widget\" data-e-type=\"widget\" data-widget_type=\"text-editor.default\">\n\t\t\t\t\t\t\t\t\t<div><p><strong><span lang=\"NL-BE\">Rewolucja w hodowli kr\u00f3lik\u00f3w dzi\u0119ki technologii rozcie\u0144czalnika wspomaganej sztuczn\u0105 inteligencj\u0105<\/span><\/strong><\/p><\/div><div><p><b>LEPEX-NOVUM<\/b> to nowoczesny rozcie\u0144czalnik zaprojektowany specjalnie w celu usprawnienia sztucznej inseminacji (AI) w hodowli kr\u00f3lik\u00f3w. Poprzez integracj\u0119 zaawansowanej platformy NOVUM ze sprawdzonym systemem rozcie\u0144czalnika LEPEX, to innowacyjne rozwi\u0105zanie optymalizuje konserwacj\u0119 i \u017cywotno\u015b\u0107 nasienia, ostatecznie poprawiaj\u0105c wska\u017aniki sukcesu reprodukcyjnego i efektywno\u015b\u0107 hodowli (wielko\u015b\u0107 miotu). <\/p><\/div><div><p>Dzi\u0119ki <b>LEPEX-NOVUM<\/b> hodowcy korzystaj\u0105 z najnowocze\u015bniejszej formulacji i technologii, kt\u00f3ra wspiera lepsz\u0105 ruchliwo\u015b\u0107 i \u017cywotno\u015b\u0107 plemnik\u00f3w, umo\u017cliwiaj\u0105c wy\u017csze wska\u017aniki zap\u0142odnienia i zdrowsze mioty. Ten nowy rozcie\u0144czalnik nie tylko odpowiada na wyj\u0105tkowe wyzwania biologiczne zwi\u0105zane z reprodukcj\u0105 kr\u00f3lik\u00f3w, ale tak\u017ce umo\u017cliwia hodowcom wykorzystanie technik AI do bardziej precyzyjnych, kontrolowanych i zr\u00f3wnowa\u017conych program\u00f3w hodowlanych. <\/p><\/div><div><p>\u0141\u0105cz\u0105c innowacje naukowe z praktycznym zastosowaniem, <b>LEPEX-NOVUM<\/b> ma na celu transformacj\u0119 praktyk hodowli kr\u00f3lik\u00f3w, czyni\u0105c sztuczn\u0105 inseminacj\u0119 bardziej niezawodn\u0105 i wydajn\u0105 ni\u017c kiedykolwiek wcze\u015bniej.<\/p><\/div>\t\t\t\t\t\t\t\t<\/div>\n\t\t\t\t\t<\/div>\n\t\t\t\t<\/div>\n\t\t\t\t<\/div>\n\t\t","protected":false},"excerpt":{"rendered":"<p>Rewolucja w hodowli kr\u00f3lik\u00f3w dzi\u0119ki technologii rozcie\u0144czalnika wspomaganej sztuczn\u0105 inteligencj\u0105 LEPEX-NOVUM to nowoczesny rozcie\u0144czalnik zaprojektowany specjalnie w celu usprawnienia sztucznej [&hellip;]<\/p>\n","protected":false},"author":1,"featured_media":0,"parent":0,"menu_order":0,"comment_status":"closed","ping_status":"closed","template":"","meta":{"site-sidebar-layout":"no-sidebar","site-content-layout":"","ast-site-content-layout":"full-width-container","site-content-style":"default","site-sidebar-style":"default","ast-global-header-display":"","ast-banner-title-visibility":"","ast-main-header-display":"","ast-hfb-above-header-display":"","ast-hfb-below-header-display":"","ast-hfb-mobile-header-display":"","site-post-title":"disabled","ast-breadcrumbs-content":"","ast-featured-img":"disabled","footer-sml-layout":"","ast-disable-related-posts":"","theme-transparent-header-meta":"","adv-header-id-meta":"","stick-header-meta":"","header-above-stick-meta":"","header-main-stick-meta":"","header-below-stick-meta":"","astra-migrate-meta-layouts":"default","ast-page-background-enabled":"default","ast-page-background-meta":{"desktop":{"background-color":"var(--ast-global-color-5)","background-image":"","background-repeat":"repeat","background-position":"center center","background-size":"auto","background-attachment":"scroll","background-type":"","background-media":"","overlay-type":"","overlay-color":"","overlay-opacity":"","overlay-gradient":""},"tablet":{"background-color":"","background-image":"","background-repeat":"repeat","background-position":"center center","background-size":"auto","background-attachment":"scroll","background-type":"","background-media":"","overlay-type":"","overlay-color":"","overlay-opacity":"","overlay-gradient":""},"mobile":{"background-color":"","background-image":"","background-repeat":"repeat","background-position":"center center","background-size":"auto","background-attachment":"scroll","background-type":"","background-media":"","overlay-type":"","overlay-color":"","overlay-opacity":"","overlay-gradient":""}},"ast-content-background-meta":{"desktop":{"background-color":"var(--ast-global-color-4)","background-image":"","background-repeat":"repeat","background-position":"center center","background-size":"auto","background-attachment":"scroll","background-type":"","background-media":"","overlay-type":"","overlay-color":"","overlay-opacity":"","overlay-gradient":""},"tablet":{"background-color":"var(--ast-global-color-4)","background-image":"","background-repeat":"repeat","background-position":"center center","background-size":"auto","background-attachment":"scroll","background-type":"","background-media":"","overlay-type":"","overlay-color":"","overlay-opacity":"","overlay-gradient":""},"mobile":{"background-color":"var(--ast-global-color-4)","background-image":"","background-repeat":"repeat","background-position":"center center","background-size":"auto","background-attachment":"scroll","background-type":"","background-media":"","overlay-type":"","overlay-color":"","overlay-opacity":"","overlay-gradient":""}},"footnotes":""},"class_list":["post-1393","page","type-page","status-publish","hentry"],"jetpack_sharing_enabled":true,"_links":{"self":[{"href":"https:\/\/lepex-novum.com\/pl\/wp-json\/wp\/v2\/pages\/1393","targetHints":{"allow":["GET"]}}],"collection":[{"href":"https:\/\/lepex-novum.com\/pl\/wp-json\/wp\/v2\/pages"}],"about":[{"href":"https:\/\/lepex-novum.com\/pl\/wp-json\/wp\/v2\/types\/page"}],"author":[{"embeddable":true,"href":"https:\/\/lepex-novum.com\/pl\/wp-json\/wp\/v2\/users\/1"}],"replies":[{"embeddable":true,"href":"https:\/\/lepex-novum.com\/pl\/wp-json\/wp\/v2\/comments?post=1393"}],"version-history":[{"count":1,"href":"https:\/\/lepex-novum.com\/pl\/wp-json\/wp\/v2\/pages\/1393\/revisions"}],"predecessor-version":[{"id":1395,"href":"https:\/\/lepex-novum.com\/pl\/wp-json\/wp\/v2\/pages\/1393\/revisions\/1395"}],"wp:attachment":[{"href":"https:\/\/lepex-novum.com\/pl\/wp-json\/wp\/v2\/media?parent=1393"}],"curies":[{"name":"wp","href":"https:\/\/api.w.org\/{rel}","templated":true}]}}