{"id":1337,"date":"2025-09-26T09:21:09","date_gmt":"2025-09-26T08:21:09","guid":{"rendered":"https:\/\/lepex-novum.com\/strona-glowna\/"},"modified":"2026-01-06T15:03:01","modified_gmt":"2026-01-06T14:03:01","slug":"strona-glowna","status":"publish","type":"page","link":"https:\/\/lepex-novum.com\/pl\/","title":{"rendered":"Strona g\u0142\u00f3wna"},"content":{"rendered":"\t\t<div data-elementor-type=\"wp-page\" data-elementor-id=\"1337\" class=\"elementor elementor-1337 elementor-58\">\n\t\t\t\t<div class=\"elementor-element elementor-element-2648367 e-flex e-con-boxed e-con e-parent\" data-id=\"2648367\" data-element_type=\"container\" data-e-type=\"container\">\n\t\t\t\t\t<div class=\"e-con-inner\">\n\t\t\t\t<div class=\"elementor-element elementor-element-9b5199b elementor-widget elementor-widget-heading\" data-id=\"9b5199b\" data-element_type=\"widget\" data-e-type=\"widget\" data-widget_type=\"heading.default\">\n\t\t\t\t\t<h2 class=\"elementor-heading-title elementor-size-default\">Witamy na stronie Lepex-Novum.<\/h2>\t\t\t\t<\/div>\n\t\t\t\t<div class=\"elementor-element elementor-element-8aa2525 elementor-widget elementor-widget-image\" data-id=\"8aa2525\" data-element_type=\"widget\" data-e-type=\"widget\" data-widget_type=\"image.default\">\n\t\t\t\t\t\t\t\t\t\t\t\t\t\t\t<img fetchpriority=\"high\" decoding=\"async\" width=\"1024\" height=\"796\" src=\"https:\/\/lepex-novum.com\/wp-content\/uploads\/2025\/09\/Firefly_lapins-en-laboratoire-683029-1024x796.jpg\" class=\"attachment-large size-large wp-image-1341\" alt=\"\" srcset=\"https:\/\/lepex-novum.com\/wp-content\/uploads\/2025\/09\/Firefly_lapins-en-laboratoire-683029-1024x796.jpg 1024w, https:\/\/lepex-novum.com\/wp-content\/uploads\/2025\/09\/Firefly_lapins-en-laboratoire-683029-200x156.jpg 200w, https:\/\/lepex-novum.com\/wp-content\/uploads\/2025\/09\/Firefly_lapins-en-laboratoire-683029-300x233.jpg 300w, https:\/\/lepex-novum.com\/wp-content\/uploads\/2025\/09\/Firefly_lapins-en-laboratoire-683029-768x597.jpg 768w, https:\/\/lepex-novum.com\/wp-content\/uploads\/2025\/09\/Firefly_lapins-en-laboratoire-683029-1536x1195.jpg 1536w, https:\/\/lepex-novum.com\/wp-content\/uploads\/2025\/09\/Firefly_lapins-en-laboratoire-683029-2048x1593.jpg 2048w\" sizes=\"(max-width: 1024px) 100vw, 1024px\" \/>\t\t\t\t\t\t\t\t\t\t\t\t\t\t\t<\/div>\n\t\t\t\t<div class=\"elementor-element elementor-element-0324b49 elementor-widget elementor-widget-text-editor\" data-id=\"0324b49\" data-element_type=\"widget\" data-e-type=\"widget\" data-widget_type=\"text-editor.default\">\n\t\t\t\t\t\t\t\t\t<div id=\"bgLayers_comp-m3affkvw\" class=\"MW5IWV\" data-hook=\"bgLayers\" data-motion-part=\"BG_LAYER comp-m3affkvw\"><div id=\"bgMedia_comp-m3affkvw\" class=\"VgO9Yg\" data-motion-part=\"BG_MEDIA comp-m3affkvw\"><div><p><strong>Sztuczna Inseminacja u Kr\u00f3lik\u00f3w<\/strong><\/p><\/div><div><p>Sztuczna inseminacja (AI) u kr\u00f3lik\u00f3w to technika rozrodu, w kt\u00f3rej nasienie pobierane jest od samca i wprowadzane manualnie do uk\u0142adu rozrodczego samicy. <span lang=\"NL-BE\">Ta metoda jest szeroko stosowana w komercyjnych programach hodowli kr\u00f3lik\u00f3w w celu zwi\u0119kszenia produktywno\u015bci stada i selekcji genetycznej. Wspomaga r\u00f3wnie\u017c kontrol\u0119 chor\u00f3b poprzez minimalizacj\u0119 bezpo\u015bredniego kontaktu fizycznego mi\u0119dzy zwierz\u0119tami.<\/span> <\/p><p>W hodowlach na du\u017c\u0105 skal\u0119, AI umo\u017cliwia zsynchronizowany rozr\u00f3d, efektywne prowadzenie dokumentacji i stabiln\u0105 produkcj\u0119 mi\u0119sa lub futra. <span style=\"font-size: 16px;\">Og\u00f3lnie rzecz bior\u0105c, AI zwi\u0119ksza zar\u00f3wno efektywno\u015b\u0107 ekonomiczn\u0105, jak i zarz\u0105dzanie hodowl\u0105 w komercyjnej produkcji kr\u00f3lik\u00f3w.<\/span><\/p><\/div><div><p><span style=\"text-decoration: underline;\"><strong><span lang=\"NL-BE\">LEPEX I NOVUM.<\/span><\/strong><\/span><\/p><p class=\"font7\"><span lang=\"NL-BE\">W<\/span><span class=\"wixui-rich-texttext\"><span lang=\"NL-BE\"> 2015 roku dr Bart van den Berg (Holandia) opracowa\u0142 medium do konserwacji nasienia kr\u00f3lik\u00f3w <b>LEPEX<\/b>, kt\u00f3re od tego czasu jest dost\u0119pne w sprzeda\u017cy.<\/span><\/span><span class=\"wixui-rich-texttext\"><b><span lang=\"NL-BE\">LEPEX<\/span><\/b><\/span><span class=\"wixui-rich-texttext\"><span lang=\"NL-BE\"> to rozcie\u0144czalnik nasienia kr\u00f3liczego, dostarczany w postaci wysokiej jako\u015bci proszku mikronizowanego, do u\u017cytku na \u015bwie\u017co i transportu w warunkach ch\u0142odniczych. Jest specjalnie opracowany do rozcie\u0144czania nasienia kr\u00f3lik\u00f3w i przechowywania rozcie\u0144czonego nasienia w temperaturze 17\u00b0C.<\/span><\/span> <\/p><p class=\"font7\"><span class=\"wixui-rich-texttext\">Niedawno nowe spojrzenie na biochemiczne mechanizmy le\u017c\u0105ce u podstaw rozrodu kr\u00f3lik\u00f3w doprowadzi\u0142o do opracowania nowego suplementu o nazwie <b>NOVUM<\/b>. Ten mikronizowany suplement w proszku, dodawany do rozcie\u0144czalnika nasienia, oferuje prze\u0142omowe podej\u015bcie wspieraj\u0105ce indukcj\u0119 owulacji.<\/span><span class=\"wixui-rich-texttext\"><span lang=\"NL-BE\">Po\u0142\u0105czenie <b>NOVUM<\/b> ze specjalnie opracowanym rozcie\u0144czalnikiem <b>LEPEX<\/b> jest wprowadzane na rynek jako <b>LEPEX-NOVUM.<\/b><\/span><\/span> <\/p><\/div><div><p class=\"font7\"><span class=\"wixui-rich-texttext\">Szczeg\u00f3\u0142owe informacje handlowe, techniczne i naukowe o tych produktach i suplemencie mo\u017cna znale\u017a\u0107 w innych miejscach tej strony internetowej. <\/span><\/p><\/div><div><p class=\"font7\"><span style=\"font-size: 16px;\">Wszystkie produkty: <\/span><b style=\"font-style: inherit;\">LEPEX<\/b><span style=\"font-size: 16px;\">, <\/span><b style=\"font-style: inherit;\">NOVUM<\/b><span style=\"font-size: 16px;\"> i <\/span><b style=\"font-style: inherit;\">LEPEX-NOVUM<\/b><span style=\"font-size: 16px;\"> s\u0105 produkowane przez HuVeSearch bv (Belgia) i dostarczane w postaci proszk\u00f3w mikronizowanych. Dr Bart van den Berg nadal pracuje jako konsultant dla HuVeSearch bv.<\/span><\/p><\/div><\/div><\/div>\t\t\t\t\t\t\t\t<\/div>\n\t\t\t\t<div class=\"elementor-element elementor-element-c33f2c6 elementor-widget__width-inherit elementor-align-justify elementor-widget elementor-widget-button\" data-id=\"c33f2c6\" data-element_type=\"widget\" data-e-type=\"widget\" data-widget_type=\"button.default\">\n\t\t\t\t\t\t\t\t\t\t<a class=\"elementor-button elementor-button-link elementor-size-sm\" href=\"tel:+32474988280\">\n\t\t\t\t\t\t<span class=\"elementor-button-content-wrapper\">\n\t\t\t\t\t\t\t\t\t<span class=\"elementor-button-text\">Skontaktuj si\u0119 z nami<\/span>\n\t\t\t\t\t<\/span>\n\t\t\t\t\t<\/a>\n\t\t\t\t\t\t\t\t<\/div>\n\t\t\t\t\t<\/div>\n\t\t\t\t<\/div>\n\t\t\t\t<\/div>\n\t\t","protected":false},"excerpt":{"rendered":"<p>Witamy na stronie Lepex-Novum. Sztuczna Inseminacja u Kr\u00f3lik\u00f3w Sztuczna inseminacja (AI) u kr\u00f3lik\u00f3w to technika rozrodu, w kt\u00f3rej nasienie pobierane [&hellip;]<\/p>\n","protected":false},"author":1,"featured_media":0,"parent":0,"menu_order":0,"comment_status":"closed","ping_status":"closed","template":"elementor_header_footer","meta":{"site-sidebar-layout":"no-sidebar","site-content-layout":"","ast-site-content-layout":"full-width-container","site-content-style":"default","site-sidebar-style":"default","ast-global-header-display":"","ast-banner-title-visibility":"","ast-main-header-display":"","ast-hfb-above-header-display":"","ast-hfb-below-header-display":"","ast-hfb-mobile-header-display":"","site-post-title":"disabled","ast-breadcrumbs-content":"","ast-featured-img":"disabled","footer-sml-layout":"","ast-disable-related-posts":"","theme-transparent-header-meta":"","adv-header-id-meta":"","stick-header-meta":"","header-above-stick-meta":"","header-main-stick-meta":"","header-below-stick-meta":"","astra-migrate-meta-layouts":"default","ast-page-background-enabled":"default","ast-page-background-meta":{"desktop":{"background-color":"var(--ast-global-color-5)","background-image":"","background-repeat":"repeat","background-position":"center center","background-size":"auto","background-attachment":"scroll","background-type":"","background-media":"","overlay-type":"","overlay-color":"","overlay-opacity":"","overlay-gradient":""},"tablet":{"background-color":"","background-image":"","background-repeat":"repeat","background-position":"center center","background-size":"auto","background-attachment":"scroll","background-type":"","background-media":"","overlay-type":"","overlay-color":"","overlay-opacity":"","overlay-gradient":""},"mobile":{"background-color":"","background-image":"","background-repeat":"repeat","background-position":"center center","background-size":"auto","background-attachment":"scroll","background-type":"","background-media":"","overlay-type":"","overlay-color":"","overlay-opacity":"","overlay-gradient":""}},"ast-content-background-meta":{"desktop":{"background-color":"var(--ast-global-color-4)","background-image":"","background-repeat":"repeat","background-position":"center center","background-size":"auto","background-attachment":"scroll","background-type":"","background-media":"","overlay-type":"","overlay-color":"","overlay-opacity":"","overlay-gradient":""},"tablet":{"background-color":"var(--ast-global-color-4)","background-image":"","background-repeat":"repeat","background-position":"center center","background-size":"auto","background-attachment":"scroll","background-type":"","background-media":"","overlay-type":"","overlay-color":"","overlay-opacity":"","overlay-gradient":""},"mobile":{"background-color":"var(--ast-global-color-4)","background-image":"","background-repeat":"repeat","background-position":"center center","background-size":"auto","background-attachment":"scroll","background-type":"","background-media":"","overlay-type":"","overlay-color":"","overlay-opacity":"","overlay-gradient":""}},"footnotes":""},"class_list":["post-1337","page","type-page","status-publish","hentry"],"jetpack_sharing_enabled":true,"_links":{"self":[{"href":"https:\/\/lepex-novum.com\/pl\/wp-json\/wp\/v2\/pages\/1337","targetHints":{"allow":["GET"]}}],"collection":[{"href":"https:\/\/lepex-novum.com\/pl\/wp-json\/wp\/v2\/pages"}],"about":[{"href":"https:\/\/lepex-novum.com\/pl\/wp-json\/wp\/v2\/types\/page"}],"author":[{"embeddable":true,"href":"https:\/\/lepex-novum.com\/pl\/wp-json\/wp\/v2\/users\/1"}],"replies":[{"embeddable":true,"href":"https:\/\/lepex-novum.com\/pl\/wp-json\/wp\/v2\/comments?post=1337"}],"version-history":[{"count":1,"href":"https:\/\/lepex-novum.com\/pl\/wp-json\/wp\/v2\/pages\/1337\/revisions"}],"predecessor-version":[{"id":1343,"href":"https:\/\/lepex-novum.com\/pl\/wp-json\/wp\/v2\/pages\/1337\/revisions\/1343"}],"wp:attachment":[{"href":"https:\/\/lepex-novum.com\/pl\/wp-json\/wp\/v2\/media?parent=1337"}],"curies":[{"name":"wp","href":"https:\/\/api.w.org\/{rel}","templated":true}]}}