{"id":1321,"date":"2025-09-26T09:28:26","date_gmt":"2025-09-26T08:28:26","guid":{"rendered":"https:\/\/lepex-novum.com\/novum\/"},"modified":"2026-01-06T15:03:01","modified_gmt":"2026-01-06T14:03:01","slug":"novum","status":"publish","type":"page","link":"https:\/\/lepex-novum.com\/pl\/novum\/","title":{"rendered":"Novum"},"content":{"rendered":"\t\t<div data-elementor-type=\"wp-page\" data-elementor-id=\"1321\" class=\"elementor elementor-1321 elementor-62\">\n\t\t\t\t<div class=\"elementor-element elementor-element-1d8dfdc e-flex e-con-boxed e-con e-parent\" data-id=\"1d8dfdc\" data-element_type=\"container\" data-e-type=\"container\">\n\t\t\t\t\t<div class=\"e-con-inner\">\n\t\t<div class=\"elementor-element elementor-element-00d761f e-con-full e-flex e-con e-child\" data-id=\"00d761f\" data-element_type=\"container\" data-e-type=\"container\">\n\t\t\t\t<div class=\"elementor-element elementor-element-6f1cb32 elementor-widget elementor-widget-text-editor\" data-id=\"6f1cb32\" data-element_type=\"widget\" data-e-type=\"widget\" data-widget_type=\"text-editor.default\">\n\t\t\t\t\t\t\t\t\t<p class=\"font_8 wixui-rich-text__text\"><span class=\"wixui-rich-text__text\">Novum to pomara\u0144czowy proszek, kt\u00f3ry mo\u017cna dodawa\u0107 do rozcie\u0144czalnik\u00f3w nasienia kr\u00f3lik\u00f3w w celu wspomagania owulacji i ci\u0105\u017cy. Jego dzia\u0142anie opiera si\u0119 na ochronie sk\u0142adnik\u00f3w nasienia kr\u00f3lik\u00f3w, kt\u00f3re naturalnie indukuj\u0105 owulacj\u0119. Dlatego nie jest wymagana rejestracja jako leku weterynaryjnego w celu zachowania tych czynnik\u00f3w indukuj\u0105cych owulacj\u0119. Mo\u017cna go traktowa\u0107 jako suplement.   <\/span><\/p><p class=\"font_8 wixui-rich-text__text\"><span style=\"text-decoration: underline;\"><span class=\"wixui-rich-text__text\">Opakowanie<\/span><\/span><\/p><p class=\"font_8 wixui-rich-text__text\"><span class=\"wixui-rich-text__text\">Proszek Novum jest pakowany w plastikowe butelki, z kt\u00f3rych ka\u017cda zawiera 2,4 grama. Ta ilo\u015b\u0107 2,4 grama mo\u017ce by\u0107 dodana do 500 ml rozcie\u0144czalnika nasienia kr\u00f3lik\u00f3w. W zale\u017cno\u015bci od potrzebnej ilo\u015bci rozcie\u0144czalnika, zawarto\u015b\u0107 pojedynczej butelki mo\u017ce by\u0107 u\u017cyta w ca\u0142o\u015bci lub cz\u0119\u015bciowo. Alternatywnie, inne rozmiary opakowa\u0144 mog\u0105 by\u0107 wyprodukowane na \u017cyczenie.   <\/span><\/p><p class=\"font_8 wixui-rich-text__text\"><span style=\"text-decoration: underline;\"><span class=\"wixui-rich-text__text\">Instrukcje przechowywania<\/span><\/span><\/p><p class=\"font_8 wixui-rich-text__text\"><span class=\"wixui-rich-text__text\">Novum jest wysy\u0142any w warunkach ch\u0142odniczych. Po otrzymaniu Novum musi by\u0107 natychmiast przechowywany w temperaturze -20\u00b0C. <\/span><\/p><p class=\"font_8 wixui-rich-text__text\"><span style=\"text-decoration: underline;\"><span class=\"wixui-rich-text__text\">Instrukcje u\u017cytkowania<\/span><\/span><\/p><p class=\"font_8 wixui-rich-text__text\"><span class=\"wixui-rich-text__text\">\u200b<\/span><span class=\"wixui-rich-text__text\">Przed dodaniem Novum do rozcie\u0144czalnika proszek musi osi\u0105gn\u0105\u0107 temperatur\u0119 pokojow\u0105. Mo\u017cna wyj\u0105\u0107 butelk\u0119 z zamra\u017carki dzie\u0144 przed u\u017cyciem lub w dniu u\u017cycia. Je\u015bli doprowadza si\u0119 go do temperatury pokojowej w dniu u\u017cycia, nale\u017cy toczy\u0107 butelk\u0119 mi\u0119dzy d\u0142o\u0144mi, aby przyspieszy\u0107 proces.<\/span><\/p><p class=\"font_8 wixui-rich-text__text\"><span class=\"wixui-rich-text__text\"> <\/span><span class=\"wixui-rich-text__text\">Zalecana ilo\u015b\u0107 proszku na ilo\u015b\u0107 rozcie\u0144czalnika jest nast\u0119puj\u0105ca: 2,4 grama proszku nale\u017cy doda\u0107 do 500 ml rozcie\u0144czalnika. Podczas dodawania proszku do rozcie\u0144czalnika nale\u017cy miesza\u0107 powoli, aby unikn\u0105\u0107 tworzenia si\u0119 grudek, chocia\u017c proszek \u0142atwo rozpuszcza si\u0119 w medium u\u017cywanym do rozcie\u0144czania nasienia kr\u00f3lik\u00f3w. Mo\u017cna u\u017cywa\u0107 dowolnego dost\u0119pnego komercyjnie rozcie\u0144czalnika.  <\/span><\/p><p class=\"font_8 wixui-rich-text__text\"><span class=\"wixui-rich-text__text\">Czas mi\u0119dzy dodaniem Novum do rozcie\u0144czalnika a inseminacj\u0105 powinien by\u0107 jak najkr\u00f3tszy. Aby osi\u0105gn\u0105\u0107 akceptowalne wyniki, maksymalny dopuszczalny czas mi\u0119dzy dodaniem Novum a inseminacj\u0105 wynosi 12 godzin. <\/span><\/p>\t\t\t\t\t\t\t\t<\/div>\n\t\t\t\t<\/div>\n\t\t<div class=\"elementor-element elementor-element-6126566 e-con-full e-flex e-con e-child\" data-id=\"6126566\" data-element_type=\"container\" data-e-type=\"container\">\n\t\t\t\t<div class=\"elementor-element elementor-element-3a66360 elementor-widget elementor-widget-image\" data-id=\"3a66360\" data-element_type=\"widget\" data-e-type=\"widget\" data-widget_type=\"image.default\">\n\t\t\t\t\t\t\t\t\t\t\t\t\t\t\t<img fetchpriority=\"high\" decoding=\"async\" width=\"1024\" height=\"1024\" src=\"https:\/\/lepex-novum.com\/wp-content\/uploads\/2025\/09\/ChatGPT-Image-26-sept.-2025-a-13_29_50.png\" class=\"attachment-large size-large wp-image-1323\" alt=\"\" srcset=\"https:\/\/lepex-novum.com\/wp-content\/uploads\/2025\/09\/ChatGPT-Image-26-sept.-2025-a-13_29_50.png 1024w, https:\/\/lepex-novum.com\/wp-content\/uploads\/2025\/09\/ChatGPT-Image-26-sept.-2025-a-13_29_50-200x200.png 200w, https:\/\/lepex-novum.com\/wp-content\/uploads\/2025\/09\/ChatGPT-Image-26-sept.-2025-a-13_29_50-100x100.png 100w, https:\/\/lepex-novum.com\/wp-content\/uploads\/2025\/09\/ChatGPT-Image-26-sept.-2025-a-13_29_50-300x300.png 300w, https:\/\/lepex-novum.com\/wp-content\/uploads\/2025\/09\/ChatGPT-Image-26-sept.-2025-a-13_29_50-150x150.png 150w, https:\/\/lepex-novum.com\/wp-content\/uploads\/2025\/09\/ChatGPT-Image-26-sept.-2025-a-13_29_50-768x768.png 768w\" sizes=\"(max-width: 1024px) 100vw, 1024px\" \/>\t\t\t\t\t\t\t\t\t\t\t\t\t\t\t<\/div>\n\t\t\t\t<\/div>\n\t\t\t\t\t<\/div>\n\t\t\t\t<\/div>\n\t\t<div class=\"elementor-element elementor-element-56c8d7c e-flex e-con-boxed e-con e-parent\" data-id=\"56c8d7c\" data-element_type=\"container\" data-e-type=\"container\">\n\t\t\t\t\t<div class=\"e-con-inner\">\n\t\t<div class=\"elementor-element elementor-element-26d2947 e-con-full e-flex e-con e-child\" data-id=\"26d2947\" data-element_type=\"container\" data-e-type=\"container\">\n\t\t\t\t<div class=\"elementor-element elementor-element-b83c24d elementor-widget elementor-widget-image\" data-id=\"b83c24d\" data-element_type=\"widget\" data-e-type=\"widget\" data-widget_type=\"image.default\">\n\t\t\t\t\t\t\t\t\t\t\t\t\t\t\t<img decoding=\"async\" width=\"1024\" height=\"796\" src=\"https:\/\/lepex-novum.com\/wp-content\/uploads\/2025\/09\/Firefly_lapin-avec-dadn-orange-new-design-photo-realiste-fond-transparent-907576-1024x796.jpg\" class=\"attachment-large size-large wp-image-1324\" alt=\"\" srcset=\"https:\/\/lepex-novum.com\/wp-content\/uploads\/2025\/09\/Firefly_lapin-avec-dadn-orange-new-design-photo-realiste-fond-transparent-907576-1024x796.jpg 1024w, https:\/\/lepex-novum.com\/wp-content\/uploads\/2025\/09\/Firefly_lapin-avec-dadn-orange-new-design-photo-realiste-fond-transparent-907576-200x156.jpg 200w, https:\/\/lepex-novum.com\/wp-content\/uploads\/2025\/09\/Firefly_lapin-avec-dadn-orange-new-design-photo-realiste-fond-transparent-907576-300x233.jpg 300w, https:\/\/lepex-novum.com\/wp-content\/uploads\/2025\/09\/Firefly_lapin-avec-dadn-orange-new-design-photo-realiste-fond-transparent-907576-768x597.jpg 768w, https:\/\/lepex-novum.com\/wp-content\/uploads\/2025\/09\/Firefly_lapin-avec-dadn-orange-new-design-photo-realiste-fond-transparent-907576-1536x1195.jpg 1536w, https:\/\/lepex-novum.com\/wp-content\/uploads\/2025\/09\/Firefly_lapin-avec-dadn-orange-new-design-photo-realiste-fond-transparent-907576-2048x1593.jpg 2048w\" sizes=\"(max-width: 1024px) 100vw, 1024px\" \/>\t\t\t\t\t\t\t\t\t\t\t\t\t\t\t<\/div>\n\t\t\t\t<\/div>\n\t\t<div class=\"elementor-element elementor-element-de737f2 e-con-full e-flex e-con e-child\" data-id=\"de737f2\" data-element_type=\"container\" data-e-type=\"container\">\n\t\t\t\t<div class=\"elementor-element elementor-element-a83165c elementor-widget elementor-widget-text-editor\" data-id=\"a83165c\" data-element_type=\"widget\" data-e-type=\"widget\" data-widget_type=\"text-editor.default\">\n\t\t\t\t\t\t\t\t\t<div id=\"bgLayers_comp-m3bc62h11\" class=\"MW5IWV\" data-hook=\"bgLayers\" data-motion-part=\"BG_LAYER comp-m3bc62h11\"><div id=\"bgMedia_comp-m3bc62h11\" class=\"VgO9Yg\" data-motion-part=\"BG_MEDIA comp-m3bc62h11\"> <\/div><\/div><div class=\"\" data-mesh-id=\"comp-m3bc62h11inlineContent\" data-testid=\"inline-content\"><div data-mesh-id=\"comp-m3bc62h11inlineContent-gridContainer\" data-testid=\"mesh-container-content\"><div id=\"comp-m3bc62h28\" class=\"Z_l5lU ku3DBC zQ9jDz comp-m3bc62h28 wixui-rich-text\" data-testid=\"richTextElement\"><h2 class=\"font_2 wixui-rich-text__text\"><span style=\"text-decoration: underline;\"><strong><span class=\"wixui-rich-text__text\">Wydajno\u015b\u0107 Novum<\/span><\/strong><\/span><\/h2><\/div><div id=\"comp-m3bc62h46\" class=\"Z_l5lU ku3DBC zQ9jDz comp-m3bc62h46 wixui-rich-text\" data-testid=\"richTextElement\"><p class=\"font_8 wixui-rich-text__text\"><span class=\"wixui-rich-text__text\">Je\u015bli chodzi o wydajno\u015b\u0107 stosowania Novum jako suplementu w rozcie\u0144czalniku<\/span><span class=\"wixui-rich-text__text\">, g\u0142\u00f3wny nacisk k\u0142adzie si\u0119 na wska\u017anik ci\u0105\u017c i wielko\u015b\u0107 miotu. Poniewa\u017c wydajno\u015b\u0107 zale\u017cy od wielu zmiennych, w tym zarz\u0105dzania gospodarstwem, linii rodzicielskich i pory roku, konieczne jest przeprowadzenie obszernych eksperyment\u00f3w w r\u00f3\u017cnych warunkach.<\/span><\/p><p class=\"font_8 wixui-rich-text__text\"><span class=\"wixui-rich-text__text\">Pierwsze eksperymenty zosta\u0142y przeprowadzone podczas i po lecie 2023 roku z u\u017cyciem ma\u0142ych grup zwierz\u0105t. P\u00f3\u017aniej w tym samym roku przeprowadzono r\u00f3wnie\u017c eksperymenty kontynuacyjne w celu optymalizacji formu\u0142y Novum. Eksperymenty na du\u017c\u0105 skal\u0119, w kt\u00f3rych inseminowano wiele setek samic, nie rozpocz\u0119\u0142y si\u0119 a\u017c do 2024 roku.  <\/span><\/p><p class=\"font_8 wixui-rich-text__text\"><span class=\"wixui-rich-text__text\">W 2024 roku rozpocz\u0119\u0142a si\u0119 wsp\u00f3\u0142praca z r\u00f3\u017cnymi stronami w r\u00f3\u017cnych krajach, w tym w Holandii, Francji, W\u0119grzech i W\u0142oszech. Og\u00f3lnie mo\u017cna powiedzie\u0107, \u017ce zastosowanie Novum, w odpowiednich warunkach, skutkuje wska\u017anikiem ci\u0105\u017c na poziomie wysokich lat 80. i czasami prawie 90%. Wielko\u015b\u0107 miotu waha si\u0119 wtedy mi\u0119dzy 10 a 12.   <\/span><\/p><p class=\"font_8 wixui-rich-text__text\"><span class=\"wixui-rich-text__text\">\u200b<\/span><span class=\"wixui-rich-text__text\">Opr\u00f3cz wydajno\u015bci przeprowadzono r\u00f3wnie\u017c badania nad trwa\u0142o\u015bci\u0105 Novum. Na podstawie teoretycznych przes\u0142anek oczekuje si\u0119 trwa\u0142o\u015bci co najmniej 2 lat, gdy Novum jest przechowywany w temperaturze -20 stopni Celsjusza. Nale\u017cy jednak r\u00f3wnie\u017c wzi\u0105\u0107 pod uwag\u0119 transport \u2014 cho\u0107 ch\u0142odniczy. Eksperymenty wykaza\u0142y, \u017ce Novum pozostaje skuteczny przez co najmniej 9 miesi\u0119cy, zachowuj\u0105c dobr\u0105 wydajno\u015b\u0107.<\/span> <\/p><p class=\"font_8 wixui-rich-text__text\"><span class=\"wixui-rich-text__text\">Eksperymenty dotycz\u0105ce wydajno\u015bci i trwa\u0142o\u015bci w r\u00f3\u017cnych warunkach b\u0119d\u0105 kontynuowane w celu zgromadzenia jak najwi\u0119kszej wiedzy na te tematy.<\/span><\/p><\/div><\/div><\/div>\t\t\t\t\t\t\t\t<\/div>\n\t\t\t\t<\/div>\n\t\t\t\t\t<\/div>\n\t\t\t\t<\/div>\n\t\t<div class=\"elementor-element elementor-element-412f0f8 e-flex e-con-boxed e-con e-parent\" data-id=\"412f0f8\" data-element_type=\"container\" data-e-type=\"container\">\n\t\t\t\t\t<div class=\"e-con-inner\">\n\t\t<div class=\"elementor-element elementor-element-ada6fbe e-con-full e-flex e-con e-child\" data-id=\"ada6fbe\" data-element_type=\"container\" data-e-type=\"container\">\n\t\t\t\t<div class=\"elementor-element elementor-element-4cc5c09 elementor-widget elementor-widget-text-editor\" data-id=\"4cc5c09\" data-element_type=\"widget\" data-e-type=\"widget\" data-widget_type=\"text-editor.default\">\n\t\t\t\t\t\t\t\t\t<div id=\"bgLayers_comp-m6uihgat1\" class=\"MW5IWV\" data-hook=\"bgLayers\" data-motion-part=\"BG_LAYER comp-m6uihgat1\"><div id=\"bgMedia_comp-m6uihgat1\" class=\"VgO9Yg\" data-motion-part=\"BG_MEDIA comp-m6uihgat1\"><strong style=\"font-size: 16px; text-decoration: underline;\"><span class=\"wixui-rich-text__text\">Mechanizm molekularny Novum.<\/span><\/strong><\/div><div data-motion-part=\"BG_MEDIA comp-m6uihgat1\"> <\/div><\/div><div class=\"\" data-mesh-id=\"comp-m6uihgat1inlineContent\" data-testid=\"inline-content\"><div data-mesh-id=\"comp-m6uihgat1inlineContent-gridContainer\" data-testid=\"mesh-container-content\"><div id=\"comp-m6uihgay1\" class=\"MazNVa comp-m6uihgay1 wixui-image\" title=\"d5961d_13a1742004d948f3805f58db8414f7c8~mv2.png\"><div class=\"j7pOnl\" data-testid=\"linkElement\"><span style=\"font-size: 16px;\">Novum: Klucz do przed\u0142u\u017cenia aktywno\u015bci NGF<\/span><\/div><\/div><div id=\"comp-m6uij3wa\" class=\"Z_l5lU ku3DBC zQ9jDz comp-m6uij3wa wixui-rich-text\" data-testid=\"richTextElement\"><p class=\"font_8 wixui-rich-text__text\">Najnowsze dowody z literatury, jak r\u00f3wnie\u017c w\u0142asne eksperymenty sugeruj\u0105, \u017ce Novum odgrywa kluczow\u0105 rol\u0119 w zachowaniu czynnika wzrostu nerw\u00f3w (NGF), kluczowej cz\u0105steczki zaanga\u017cowanej w procesy rozrodcze. Osi\u0105ga to poprzez dwa podstawowe mechanizmy, kt\u00f3re pomagaj\u0105 zapobiega\u0107 degradacji NGF w \u017ce\u0144skim uk\u0142adzie rozrodczym i nasieniu. <\/p><p class=\"font_8 wixui-rich-text__text\">Pierwszy mechanizm obejmuje inhibitory enzym\u00f3w proteolitycznych. Te inhibitory specyficznie celuj\u0105 i redukuj\u0105 rozk\u0142ad NGF, pozwalaj\u0105c mu pozosta\u0107 aktywnym przez d\u0142u\u017cszy okres. Poprzez przed\u0142u\u017cenie obecno\u015bci NGF, Novum zwi\u0119ksza prawdopodobie\u0144stwo pomy\u015blnej indukcji owulacji.  <\/p><p class=\"font_8 wixui-rich-text__text\">Druga strategia koncentruje si\u0119 wok\u00f3\u0142 hydrolizat\u00f3w bia\u0142kowych, z\u0142o\u017conej mieszaniny peptyd\u00f3w pochodz\u0105cych z r\u00f3\u017cnych \u017ar\u00f3de\u0142, takich jak serwatka, soja i zbo\u017ca. Te hydrolizaty dzia\u0142aj\u0105 jako przyn\u0119ty, anga\u017cuj\u0105c enzymy proteolityczne i zapobiegaj\u0105c ich atakom na NGF. Tworzy to efekt przeszkody sterycznej, skutecznie chroni\u0105c NGF i zwi\u0119kszaj\u0105c jego biodost\u0119pno\u015b\u0107.  <\/p><p class=\"font_8 wixui-rich-text__text\">\u0141\u0105cz\u0105c te dwa podej\u015bcia, Novum znacz\u0105co wyd\u0142u\u017ca \u017cywotno\u015b\u0107 NGF w \u015brodowisku rozrodczym, zwi\u0119kszaj\u0105c jego skuteczno\u015b\u0107 we wspieraniu owulacji i p\u0142odno\u015bci.<\/p><\/div><\/div><\/div>\t\t\t\t\t\t\t\t<\/div>\n\t\t\t\t<\/div>\n\t\t<div class=\"elementor-element elementor-element-55e3f07 e-con-full e-flex e-con e-child\" data-id=\"55e3f07\" data-element_type=\"container\" data-e-type=\"container\">\n\t\t\t\t<div class=\"elementor-element elementor-element-4d1ad38 elementor-widget elementor-widget-image\" data-id=\"4d1ad38\" data-element_type=\"widget\" data-e-type=\"widget\" data-widget_type=\"image.default\">\n\t\t\t\t\t\t\t\t\t\t\t\t\t\t\t<img decoding=\"async\" width=\"1024\" height=\"796\" src=\"https:\/\/lepex-novum.com\/wp-content\/uploads\/2025\/09\/Firefly_spermatozoides-humains-au-microscope-vers-ovule-879941-1024x796.jpg\" class=\"attachment-large size-large wp-image-1325\" alt=\"\" srcset=\"https:\/\/lepex-novum.com\/wp-content\/uploads\/2025\/09\/Firefly_spermatozoides-humains-au-microscope-vers-ovule-879941-1024x796.jpg 1024w, https:\/\/lepex-novum.com\/wp-content\/uploads\/2025\/09\/Firefly_spermatozoides-humains-au-microscope-vers-ovule-879941-200x156.jpg 200w, https:\/\/lepex-novum.com\/wp-content\/uploads\/2025\/09\/Firefly_spermatozoides-humains-au-microscope-vers-ovule-879941-300x233.jpg 300w, https:\/\/lepex-novum.com\/wp-content\/uploads\/2025\/09\/Firefly_spermatozoides-humains-au-microscope-vers-ovule-879941-768x597.jpg 768w, https:\/\/lepex-novum.com\/wp-content\/uploads\/2025\/09\/Firefly_spermatozoides-humains-au-microscope-vers-ovule-879941-1536x1195.jpg 1536w, https:\/\/lepex-novum.com\/wp-content\/uploads\/2025\/09\/Firefly_spermatozoides-humains-au-microscope-vers-ovule-879941-2048x1593.jpg 2048w\" sizes=\"(max-width: 1024px) 100vw, 1024px\" \/>\t\t\t\t\t\t\t\t\t\t\t\t\t\t\t<\/div>\n\t\t\t\t<\/div>\n\t\t\t\t\t<\/div>\n\t\t\t\t<\/div>\n\t\t\t\t<\/div>\n\t\t","protected":false},"excerpt":{"rendered":"<p>Novum to pomara\u0144czowy proszek, kt\u00f3ry mo\u017cna dodawa\u0107 do rozcie\u0144czalnik\u00f3w nasienia kr\u00f3lik\u00f3w w celu wspomagania owulacji i ci\u0105\u017cy. Jego dzia\u0142anie opiera [&hellip;]<\/p>\n","protected":false},"author":1,"featured_media":0,"parent":0,"menu_order":0,"comment_status":"closed","ping_status":"closed","template":"","meta":{"site-sidebar-layout":"no-sidebar","site-content-layout":"","ast-site-content-layout":"full-width-container","site-content-style":"default","site-sidebar-style":"default","ast-global-header-display":"","ast-banner-title-visibility":"","ast-main-header-display":"","ast-hfb-above-header-display":"","ast-hfb-below-header-display":"","ast-hfb-mobile-header-display":"","site-post-title":"disabled","ast-breadcrumbs-content":"","ast-featured-img":"disabled","footer-sml-layout":"","ast-disable-related-posts":"","theme-transparent-header-meta":"","adv-header-id-meta":"","stick-header-meta":"","header-above-stick-meta":"","header-main-stick-meta":"","header-below-stick-meta":"","astra-migrate-meta-layouts":"default","ast-page-background-enabled":"default","ast-page-background-meta":{"desktop":{"background-color":"var(--ast-global-color-5)","background-image":"","background-repeat":"repeat","background-position":"center center","background-size":"auto","background-attachment":"scroll","background-type":"","background-media":"","overlay-type":"","overlay-color":"","overlay-opacity":"","overlay-gradient":""},"tablet":{"background-color":"","background-image":"","background-repeat":"repeat","background-position":"center center","background-size":"auto","background-attachment":"scroll","background-type":"","background-media":"","overlay-type":"","overlay-color":"","overlay-opacity":"","overlay-gradient":""},"mobile":{"background-color":"","background-image":"","background-repeat":"repeat","background-position":"center center","background-size":"auto","background-attachment":"scroll","background-type":"","background-media":"","overlay-type":"","overlay-color":"","overlay-opacity":"","overlay-gradient":""}},"ast-content-background-meta":{"desktop":{"background-color":"var(--ast-global-color-4)","background-image":"","background-repeat":"repeat","background-position":"center center","background-size":"auto","background-attachment":"scroll","background-type":"","background-media":"","overlay-type":"","overlay-color":"","overlay-opacity":"","overlay-gradient":""},"tablet":{"background-color":"var(--ast-global-color-4)","background-image":"","background-repeat":"repeat","background-position":"center center","background-size":"auto","background-attachment":"scroll","background-type":"","background-media":"","overlay-type":"","overlay-color":"","overlay-opacity":"","overlay-gradient":""},"mobile":{"background-color":"var(--ast-global-color-4)","background-image":"","background-repeat":"repeat","background-position":"center center","background-size":"auto","background-attachment":"scroll","background-type":"","background-media":"","overlay-type":"","overlay-color":"","overlay-opacity":"","overlay-gradient":""}},"footnotes":""},"class_list":["post-1321","page","type-page","status-publish","hentry"],"jetpack_sharing_enabled":true,"_links":{"self":[{"href":"https:\/\/lepex-novum.com\/pl\/wp-json\/wp\/v2\/pages\/1321","targetHints":{"allow":["GET"]}}],"collection":[{"href":"https:\/\/lepex-novum.com\/pl\/wp-json\/wp\/v2\/pages"}],"about":[{"href":"https:\/\/lepex-novum.com\/pl\/wp-json\/wp\/v2\/types\/page"}],"author":[{"embeddable":true,"href":"https:\/\/lepex-novum.com\/pl\/wp-json\/wp\/v2\/users\/1"}],"replies":[{"embeddable":true,"href":"https:\/\/lepex-novum.com\/pl\/wp-json\/wp\/v2\/comments?post=1321"}],"version-history":[{"count":1,"href":"https:\/\/lepex-novum.com\/pl\/wp-json\/wp\/v2\/pages\/1321\/revisions"}],"predecessor-version":[{"id":1326,"href":"https:\/\/lepex-novum.com\/pl\/wp-json\/wp\/v2\/pages\/1321\/revisions\/1326"}],"wp:attachment":[{"href":"https:\/\/lepex-novum.com\/pl\/wp-json\/wp\/v2\/media?parent=1321"}],"curies":[{"name":"wp","href":"https:\/\/api.w.org\/{rel}","templated":true}]}}