{"id":881,"date":"2025-09-26T09:21:09","date_gmt":"2025-09-26T08:21:09","guid":{"rendered":"https:\/\/lepex-novum.com\/home\/"},"modified":"2025-11-24T10:19:03","modified_gmt":"2025-11-24T09:19:03","slug":"home","status":"publish","type":"page","link":"https:\/\/lepex-novum.com\/it\/","title":{"rendered":"Home"},"content":{"rendered":"\t\t<div data-elementor-type=\"wp-page\" data-elementor-id=\"881\" class=\"elementor elementor-881 elementor-58\">\n\t\t\t\t<div class=\"elementor-element elementor-element-2648367 e-flex e-con-boxed e-con e-parent\" data-id=\"2648367\" data-element_type=\"container\" data-e-type=\"container\">\n\t\t\t\t\t<div class=\"e-con-inner\">\n\t\t\t\t<div class=\"elementor-element elementor-element-9b5199b elementor-widget elementor-widget-heading\" data-id=\"9b5199b\" data-element_type=\"widget\" data-e-type=\"widget\" data-widget_type=\"heading.default\">\n\t\t\t\t\t<h2 class=\"elementor-heading-title elementor-size-default\">Benvenuti nel sito web di Lepex-Novum.<\/h2>\t\t\t\t<\/div>\n\t\t\t\t<div class=\"elementor-element elementor-element-8aa2525 elementor-widget elementor-widget-image\" data-id=\"8aa2525\" data-element_type=\"widget\" data-e-type=\"widget\" data-widget_type=\"image.default\">\n\t\t\t\t\t\t\t\t\t\t\t\t\t\t\t<img fetchpriority=\"high\" decoding=\"async\" width=\"1024\" height=\"796\" src=\"https:\/\/lepex-novum.com\/wp-content\/uploads\/2025\/09\/Firefly_lapins-en-laboratoire-683029-1024x796.jpg\" class=\"attachment-large size-large wp-image-883\" alt=\"\" srcset=\"https:\/\/lepex-novum.com\/wp-content\/uploads\/2025\/09\/Firefly_lapins-en-laboratoire-683029-1024x796.jpg 1024w, https:\/\/lepex-novum.com\/wp-content\/uploads\/2025\/09\/Firefly_lapins-en-laboratoire-683029-200x156.jpg 200w, https:\/\/lepex-novum.com\/wp-content\/uploads\/2025\/09\/Firefly_lapins-en-laboratoire-683029-300x233.jpg 300w, https:\/\/lepex-novum.com\/wp-content\/uploads\/2025\/09\/Firefly_lapins-en-laboratoire-683029-768x597.jpg 768w, https:\/\/lepex-novum.com\/wp-content\/uploads\/2025\/09\/Firefly_lapins-en-laboratoire-683029-1536x1195.jpg 1536w, https:\/\/lepex-novum.com\/wp-content\/uploads\/2025\/09\/Firefly_lapins-en-laboratoire-683029-2048x1593.jpg 2048w\" sizes=\"(max-width: 1024px) 100vw, 1024px\" \/>\t\t\t\t\t\t\t\t\t\t\t\t\t\t\t<\/div>\n\t\t\t\t<div class=\"elementor-element elementor-element-0324b49 elementor-widget elementor-widget-text-editor\" data-id=\"0324b49\" data-element_type=\"widget\" data-e-type=\"widget\" data-widget_type=\"text-editor.default\">\n\t\t\t\t\t\t\t\t\t<div id=\"bgLayers_comp-m3affkvw\" class=\"MW5IWV\" data-hook=\"bgLayers\" data-motion-part=\"BG_LAYER comp-m3affkvw\"><div id=\"bgMedia_comp-m3affkvw\" class=\"VgO9Yg\" data-motion-part=\"BG_MEDIA comp-m3affkvw\"><div><p><strong>Inseminazione artificiale nei conigli<\/strong><\/p><\/div><div><p>L&#8217;inseminazione artificiale (IA) nei conigli \u00e8 una tecnica riproduttiva in cui il seme viene raccolto da un maschio e introdotto manualmente nel tratto riproduttivo della femmina. <span lang=\"NL-BE\">Questo metodo \u00e8 ampiamente utilizzato nei programmi di allevamento commerciale di conigli per migliorare la produttivit\u00e0 della mandria e la selezione genetica. Supporta anche il controllo delle malattie riducendo al minimo il contatto fisico diretto tra gli animali.<\/span> <\/p><p>Nelle operazioni su larga scala, l&#8217;IA consente l&#8217;allevamento sincronizzato, la tenuta efficiente dei registri e la produzione coerente di carne o pelliccia. <span style=\"font-size: 16px;\">Nel complesso, l&#8217;IA migliora sia l&#8217;efficienza economica che la gestione dell&#8217;allevamento nella produzione commerciale di conigli.<\/span><\/p><\/div><div><p><span style=\"text-decoration: underline;\"><strong><span lang=\"NL-BE\">LEPEX E NOVUM.<\/span><\/strong><\/span><\/p><p class=\"font7\"><span lang=\"NL-BE\">I<\/span><span class=\"wixui-rich-texttext\"><span lang=\"NL-BE\">n 2015, il Dr. Bart van den Berg (Paesi Bassi) ha sviluppato il terreno di conservazione del seme di coniglio <b>LEPEX<\/b>, che da allora \u00e8 disponibile in commercio.<\/span><\/span><span class=\"wixui-rich-texttext\"><b><span lang=\"NL-BE\">LEPEX<\/span><\/b><\/span><span class=\"wixui-rich-texttext\"><span lang=\"NL-BE\"> \u00e8 un diluente per seme di leporidi, fornito come polvere micronizzata di alta qualit\u00e0, per l&#8217;uso fresco e il trasporto refrigerato. \u00c8 specificamente formulato per la diluizione dello sperma di coniglio e la conservazione del diluito a 17\u00b0C.<\/span><\/span> <\/p><p class=\"font7\"><span class=\"wixui-rich-texttext\">Recenti approfondimenti sui meccanismi biochimici alla base della riproduzione del coniglio hanno portato allo sviluppo di un nuovo integratore chiamato <b>NOVUM<\/b>. Questo integratore in polvere micronizzata, se aggiunto al diluente per seme, offre un approccio rivoluzionario a supporto dell&#8217;induzione dell&#8217;ovulazione.<\/span><span class=\"wixui-rich-texttext\"><span lang=\"NL-BE\"> La combinazione di <b>NOVUM<\/b> con il diluente <b>LEPEX<\/b> appositamente sviluppato \u00e8 commercializzata come <b>LEPEX-NOVUM<\/b>.<\/span><\/span> <\/p><\/div><div><p class=\"font7\"><span class=\"wixui-rich-texttext\">Informazioni commerciali, tecniche e scientifiche complete su questi prodotti e integratori sono disponibili altrove su questo sito web. <\/span><\/p><\/div><div><p class=\"font7\"><span style=\"font-size: 16px;\">Tutti i prodotti:<\/span><b style=\"font-style: inherit;\">LEPEX<\/b><span style=\"font-size: 16px;\">,<\/span><b style=\"font-style: inherit;\">NOVUM<\/b><span style=\"font-size: 16px;\"> e<\/span><b style=\"font-style: inherit;\">LEPEX-NOVUM<\/b><span style=\"font-size: 16px;\"> sono prodotti da HuVeSearch bv (Belgio) e forniti come polveri micronizzate. Il Dr. Bart van den Berg continua a lavorare come consulente per HuVeSearch bv.<\/span><\/p><\/div><\/div><\/div>\t\t\t\t\t\t\t\t<\/div>\n\t\t\t\t<div class=\"elementor-element elementor-element-c33f2c6 elementor-widget__width-inherit elementor-align-justify elementor-widget elementor-widget-button\" data-id=\"c33f2c6\" data-element_type=\"widget\" data-e-type=\"widget\" data-widget_type=\"button.default\">\n\t\t\t\t\t\t\t\t\t\t<a class=\"elementor-button elementor-button-link elementor-size-sm\" href=\"tel:+32474988280\">\n\t\t\t\t\t\t<span class=\"elementor-button-content-wrapper\">\n\t\t\t\t\t\t\t\t\t<span class=\"elementor-button-text\">Chiamaci<\/span>\n\t\t\t\t\t<\/span>\n\t\t\t\t\t<\/a>\n\t\t\t\t\t\t\t\t<\/div>\n\t\t\t\t\t<\/div>\n\t\t\t\t<\/div>\n\t\t\t\t<\/div>\n\t\t","protected":false},"excerpt":{"rendered":"<p>Benvenuti nel sito web di Lepex-Novum. Inseminazione artificiale nei conigli L&#8217;inseminazione artificiale (IA) nei conigli \u00e8 una tecnica riproduttiva in [&hellip;]<\/p>\n","protected":false},"author":1,"featured_media":0,"parent":0,"menu_order":0,"comment_status":"closed","ping_status":"closed","template":"elementor_header_footer","meta":{"site-sidebar-layout":"no-sidebar","site-content-layout":"","ast-site-content-layout":"full-width-container","site-content-style":"default","site-sidebar-style":"default","ast-global-header-display":"","ast-banner-title-visibility":"","ast-main-header-display":"","ast-hfb-above-header-display":"","ast-hfb-below-header-display":"","ast-hfb-mobile-header-display":"","site-post-title":"disabled","ast-breadcrumbs-content":"","ast-featured-img":"disabled","footer-sml-layout":"","ast-disable-related-posts":"","theme-transparent-header-meta":"","adv-header-id-meta":"","stick-header-meta":"","header-above-stick-meta":"","header-main-stick-meta":"","header-below-stick-meta":"","astra-migrate-meta-layouts":"default","ast-page-background-enabled":"default","ast-page-background-meta":{"desktop":{"background-color":"var(--ast-global-color-5)","background-image":"","background-repeat":"repeat","background-position":"center center","background-size":"auto","background-attachment":"scroll","background-type":"","background-media":"","overlay-type":"","overlay-color":"","overlay-opacity":"","overlay-gradient":""},"tablet":{"background-color":"","background-image":"","background-repeat":"repeat","background-position":"center center","background-size":"auto","background-attachment":"scroll","background-type":"","background-media":"","overlay-type":"","overlay-color":"","overlay-opacity":"","overlay-gradient":""},"mobile":{"background-color":"","background-image":"","background-repeat":"repeat","background-position":"center center","background-size":"auto","background-attachment":"scroll","background-type":"","background-media":"","overlay-type":"","overlay-color":"","overlay-opacity":"","overlay-gradient":""}},"ast-content-background-meta":{"desktop":{"background-color":"var(--ast-global-color-4)","background-image":"","background-repeat":"repeat","background-position":"center center","background-size":"auto","background-attachment":"scroll","background-type":"","background-media":"","overlay-type":"","overlay-color":"","overlay-opacity":"","overlay-gradient":""},"tablet":{"background-color":"var(--ast-global-color-4)","background-image":"","background-repeat":"repeat","background-position":"center center","background-size":"auto","background-attachment":"scroll","background-type":"","background-media":"","overlay-type":"","overlay-color":"","overlay-opacity":"","overlay-gradient":""},"mobile":{"background-color":"var(--ast-global-color-4)","background-image":"","background-repeat":"repeat","background-position":"center center","background-size":"auto","background-attachment":"scroll","background-type":"","background-media":"","overlay-type":"","overlay-color":"","overlay-opacity":"","overlay-gradient":""}},"footnotes":""},"class_list":["post-881","page","type-page","status-publish","hentry"],"jetpack_sharing_enabled":true,"_links":{"self":[{"href":"https:\/\/lepex-novum.com\/it\/wp-json\/wp\/v2\/pages\/881","targetHints":{"allow":["GET"]}}],"collection":[{"href":"https:\/\/lepex-novum.com\/it\/wp-json\/wp\/v2\/pages"}],"about":[{"href":"https:\/\/lepex-novum.com\/it\/wp-json\/wp\/v2\/types\/page"}],"author":[{"embeddable":true,"href":"https:\/\/lepex-novum.com\/it\/wp-json\/wp\/v2\/users\/1"}],"replies":[{"embeddable":true,"href":"https:\/\/lepex-novum.com\/it\/wp-json\/wp\/v2\/comments?post=881"}],"version-history":[{"count":2,"href":"https:\/\/lepex-novum.com\/it\/wp-json\/wp\/v2\/pages\/881\/revisions"}],"predecessor-version":[{"id":1261,"href":"https:\/\/lepex-novum.com\/it\/wp-json\/wp\/v2\/pages\/881\/revisions\/1261"}],"wp:attachment":[{"href":"https:\/\/lepex-novum.com\/it\/wp-json\/wp\/v2\/media?parent=881"}],"curies":[{"name":"wp","href":"https:\/\/api.w.org\/{rel}","templated":true}]}}