{"id":846,"date":"2025-10-02T13:31:33","date_gmt":"2025-10-02T12:31:33","guid":{"rendered":"https:\/\/lepex-novum.com\/lepex-novum\/"},"modified":"2025-11-20T16:00:15","modified_gmt":"2025-11-20T15:00:15","slug":"lepex-novum","status":"publish","type":"page","link":"https:\/\/lepex-novum.com\/it\/lepex-novum\/","title":{"rendered":"Lepex-novum"},"content":{"rendered":"\t\t<div data-elementor-type=\"wp-page\" data-elementor-id=\"846\" class=\"elementor elementor-846 elementor-350\">\n\t\t\t\t<div class=\"elementor-element elementor-element-be42f96 e-flex e-con-boxed e-con e-parent\" data-id=\"be42f96\" data-element_type=\"container\" data-e-type=\"container\">\n\t\t\t\t\t<div class=\"e-con-inner\">\n\t\t\t\t<div class=\"elementor-element elementor-element-651c71e elementor-widget elementor-widget-image\" data-id=\"651c71e\" data-element_type=\"widget\" data-e-type=\"widget\" data-widget_type=\"image.default\">\n\t\t\t\t\t\t\t\t\t\t\t\t\t\t\t<img fetchpriority=\"high\" decoding=\"async\" width=\"300\" height=\"300\" src=\"https:\/\/lepex-novum.com\/wp-content\/uploads\/2025\/09\/Logo-Novum-copie-300x300.jpg\" class=\"attachment-medium size-medium wp-image-1865\" alt=\"\" srcset=\"https:\/\/lepex-novum.com\/wp-content\/uploads\/2025\/09\/Logo-Novum-copie-300x300.jpg 300w, https:\/\/lepex-novum.com\/wp-content\/uploads\/2025\/09\/Logo-Novum-copie-200x200.jpg 200w, https:\/\/lepex-novum.com\/wp-content\/uploads\/2025\/09\/Logo-Novum-copie-100x100.jpg 100w, https:\/\/lepex-novum.com\/wp-content\/uploads\/2025\/09\/Logo-Novum-copie-150x150.jpg 150w, https:\/\/lepex-novum.com\/wp-content\/uploads\/2025\/09\/Logo-Novum-copie-768x768.jpg 768w, https:\/\/lepex-novum.com\/wp-content\/uploads\/2025\/09\/Logo-Novum-copie.jpg 1024w\" sizes=\"(max-width: 300px) 100vw, 300px\" \/>\t\t\t\t\t\t\t\t\t\t\t\t\t\t\t<\/div>\n\t\t\t\t<div class=\"elementor-element elementor-element-0e3b1ec elementor-widget elementor-widget-text-editor\" data-id=\"0e3b1ec\" data-element_type=\"widget\" data-e-type=\"widget\" data-widget_type=\"text-editor.default\">\n\t\t\t\t\t\t\t\t\t<div><p><strong><span lang=\"NL-BE\">Rivoluzionare l&#8217;allevamento di conigli con la tecnologia di estensione basata sull&#8217;intelligenza artificiale<\/span><\/strong><\/p><\/div><div><p><b>LEPEX-NOVUM<\/b> \u00e8 un diluitore all&#8217;avanguardia progettato specificamente per migliorare l&#8217;inseminazione artificiale (IA) nell&#8217;allevamento di conigli. Integrando la piattaforma avanzata NOVUM nel collaudato sistema di diluizione LEPEX, questa soluzione innovativa ottimizza la conservazione e la vitalit\u00e0 degli spermatozoi, migliorando in definitiva i tassi di successo riproduttivo e l&#8217;efficienza dell&#8217;allevamento (dimensione della cucciolata). <\/p><\/div><div><p>Con <b>LEPEX-NOVUM<\/b>, gli allevatori beneficiano di una formulazione e di una tecnologia all&#8217;avanguardia che supportano una migliore motilit\u00e0 e longevit\u00e0 degli spermatozoi, consentendo tassi di fecondazione pi\u00f9 elevati e cucciolate pi\u00f9 sane. Questo nuovo diluitore non solo affronta le sfide biologiche uniche della riproduzione del coniglio, ma consente anche agli allevatori di sfruttare le tecniche di IA per programmi di allevamento pi\u00f9 precisi, controllati e sostenibili. <\/p><\/div><div><p>Combinando l&#8217;innovazione scientifica con l&#8217;applicazione pratica, <b>LEPEX-NOVUM<\/b> \u00e8 destinato a trasformare le pratiche di allevamento del coniglio, rendendo l&#8217;inseminazione artificiale pi\u00f9 affidabile e produttiva che mai.<\/p><\/div>\t\t\t\t\t\t\t\t<\/div>\n\t\t\t\t\t<\/div>\n\t\t\t\t<\/div>\n\t\t\t\t<\/div>\n\t\t","protected":false},"excerpt":{"rendered":"<p>Rivoluzionare l&#8217;allevamento di conigli con la tecnologia di estensione basata sull&#8217;intelligenza artificiale LEPEX-NOVUM \u00e8 un diluitore all&#8217;avanguardia progettato specificamente per [&hellip;]<\/p>\n","protected":false},"author":1,"featured_media":0,"parent":0,"menu_order":0,"comment_status":"closed","ping_status":"closed","template":"","meta":{"site-sidebar-layout":"no-sidebar","site-content-layout":"","ast-site-content-layout":"full-width-container","site-content-style":"default","site-sidebar-style":"default","ast-global-header-display":"","ast-banner-title-visibility":"","ast-main-header-display":"","ast-hfb-above-header-display":"","ast-hfb-below-header-display":"","ast-hfb-mobile-header-display":"","site-post-title":"disabled","ast-breadcrumbs-content":"","ast-featured-img":"disabled","footer-sml-layout":"","ast-disable-related-posts":"","theme-transparent-header-meta":"","adv-header-id-meta":"","stick-header-meta":"","header-above-stick-meta":"","header-main-stick-meta":"","header-below-stick-meta":"","astra-migrate-meta-layouts":"default","ast-page-background-enabled":"default","ast-page-background-meta":{"desktop":{"background-color":"var(--ast-global-color-5)","background-image":"","background-repeat":"repeat","background-position":"center center","background-size":"auto","background-attachment":"scroll","background-type":"","background-media":"","overlay-type":"","overlay-color":"","overlay-opacity":"","overlay-gradient":""},"tablet":{"background-color":"","background-image":"","background-repeat":"repeat","background-position":"center center","background-size":"auto","background-attachment":"scroll","background-type":"","background-media":"","overlay-type":"","overlay-color":"","overlay-opacity":"","overlay-gradient":""},"mobile":{"background-color":"","background-image":"","background-repeat":"repeat","background-position":"center center","background-size":"auto","background-attachment":"scroll","background-type":"","background-media":"","overlay-type":"","overlay-color":"","overlay-opacity":"","overlay-gradient":""}},"ast-content-background-meta":{"desktop":{"background-color":"var(--ast-global-color-4)","background-image":"","background-repeat":"repeat","background-position":"center center","background-size":"auto","background-attachment":"scroll","background-type":"","background-media":"","overlay-type":"","overlay-color":"","overlay-opacity":"","overlay-gradient":""},"tablet":{"background-color":"var(--ast-global-color-4)","background-image":"","background-repeat":"repeat","background-position":"center center","background-size":"auto","background-attachment":"scroll","background-type":"","background-media":"","overlay-type":"","overlay-color":"","overlay-opacity":"","overlay-gradient":""},"mobile":{"background-color":"var(--ast-global-color-4)","background-image":"","background-repeat":"repeat","background-position":"center center","background-size":"auto","background-attachment":"scroll","background-type":"","background-media":"","overlay-type":"","overlay-color":"","overlay-opacity":"","overlay-gradient":""}},"footnotes":""},"class_list":["post-846","page","type-page","status-publish","hentry"],"jetpack_sharing_enabled":true,"_links":{"self":[{"href":"https:\/\/lepex-novum.com\/it\/wp-json\/wp\/v2\/pages\/846","targetHints":{"allow":["GET"]}}],"collection":[{"href":"https:\/\/lepex-novum.com\/it\/wp-json\/wp\/v2\/pages"}],"about":[{"href":"https:\/\/lepex-novum.com\/it\/wp-json\/wp\/v2\/types\/page"}],"author":[{"embeddable":true,"href":"https:\/\/lepex-novum.com\/it\/wp-json\/wp\/v2\/users\/1"}],"replies":[{"embeddable":true,"href":"https:\/\/lepex-novum.com\/it\/wp-json\/wp\/v2\/comments?post=846"}],"version-history":[{"count":1,"href":"https:\/\/lepex-novum.com\/it\/wp-json\/wp\/v2\/pages\/846\/revisions"}],"predecessor-version":[{"id":848,"href":"https:\/\/lepex-novum.com\/it\/wp-json\/wp\/v2\/pages\/846\/revisions\/848"}],"wp:attachment":[{"href":"https:\/\/lepex-novum.com\/it\/wp-json\/wp\/v2\/media?parent=846"}],"curies":[{"name":"wp","href":"https:\/\/api.w.org\/{rel}","templated":true}]}}