{"id":1508,"date":"2026-02-12T16:29:25","date_gmt":"2026-02-12T15:29:25","guid":{"rendered":"https:\/\/lepex-novum.com\/?post_type=product&#038;p=1508"},"modified":"2026-02-16T12:13:11","modified_gmt":"2026-02-16T11:13:11","slug":"lepex-novum-2156-gr-500-ml-higitohoz-copy","status":"publish","type":"product","link":"https:\/\/lepex-novum.com\/hu\/shop\/lepex-novum-2156-gr-500-ml-higitohoz-copy\/","title":{"rendered":"Lepex-Novum 10,78 gr (250 ml h\u00edg\u00edt\u00f3hoz)"},"content":{"rendered":"","protected":false},"excerpt":{"rendered":"<div><b>LEPEX-NOVUM Medium <\/b>egy por 250 ml h\u00edg\u00edt\u00f3oldat elk\u00e9sz\u00edt\u00e9s\u00e9hez, amely tov\u00e1bbi term\u00e9kek n\u00e9lk\u00fcl azonnal felhaszn\u00e1lhat\u00f3<\/div>\n<div><\/div>\n<div>A LEPEX-NOVUM egy ny\u00falsperma h\u00edg\u00edt\u00f3, amely NOVUM kieg\u00e9sz\u00edt\u0151t tartalmaz az ovul\u00e1ci\u00f3 t\u00e1mogat\u00e1s\u00e1ra.<\/div>\n<div><\/div>\n<div>A LEPEX-NOVUM -20 \u00b0C-on t\u00e1roland\u00f3.<\/div>\n<div><\/div>\n<div><i>Minden kisz\u00e1ll\u00edt\u00e1s EPS (h\u0151szigetel\u0151 v\u00e9delem) dobozban t\u00f6rt\u00e9nik.<\/i><\/div>\n<div>\n<div><\/div>\n<\/div>\n","protected":false},"featured_media":1950,"template":"","meta":{"site-sidebar-layout":"default","site-content-layout":"","ast-site-content-layout":"default","site-content-style":"default","site-sidebar-style":"default","ast-global-header-display":"","ast-banner-title-visibility":"","ast-main-header-display":"","ast-hfb-above-header-display":"","ast-hfb-below-header-display":"","ast-hfb-mobile-header-display":"","site-post-title":"","ast-breadcrumbs-content":"","ast-featured-img":"","footer-sml-layout":"","ast-disable-related-posts":"","theme-transparent-header-meta":"default","adv-header-id-meta":"","stick-header-meta":"","header-above-stick-meta":"","header-main-stick-meta":"","header-below-stick-meta":"","astra-migrate-meta-layouts":"set","ast-page-background-enabled":"default","ast-page-background-meta":{"desktop":{"background-color":"var(--ast-global-color-5)","background-image":"","background-repeat":"repeat","background-position":"center center","background-size":"auto","background-attachment":"scroll","background-type":"","background-media":"","overlay-type":"","overlay-color":"","overlay-opacity":"","overlay-gradient":""},"tablet":{"background-color":"","background-image":"","background-repeat":"repeat","background-position":"center center","background-size":"auto","background-attachment":"scroll","background-type":"","background-media":"","overlay-type":"","overlay-color":"","overlay-opacity":"","overlay-gradient":""},"mobile":{"background-color":"","background-image":"","background-repeat":"repeat","background-position":"center center","background-size":"auto","background-attachment":"scroll","background-type":"","background-media":"","overlay-type":"","overlay-color":"","overlay-opacity":"","overlay-gradient":""}},"ast-content-background-meta":{"desktop":{"background-color":"var(--ast-global-color-4)","background-image":"","background-repeat":"repeat","background-position":"center center","background-size":"auto","background-attachment":"scroll","background-type":"","background-media":"","overlay-type":"","overlay-color":"","overlay-opacity":"","overlay-gradient":""},"tablet":{"background-color":"var(--ast-global-color-4)","background-image":"","background-repeat":"repeat","background-position":"center center","background-size":"auto","background-attachment":"scroll","background-type":"","background-media":"","overlay-type":"","overlay-color":"","overlay-opacity":"","overlay-gradient":""},"mobile":{"background-color":"var(--ast-global-color-4)","background-image":"","background-repeat":"repeat","background-position":"center center","background-size":"auto","background-attachment":"scroll","background-type":"","background-media":"","overlay-type":"","overlay-color":"","overlay-opacity":"","overlay-gradient":""}}},"product_brand":[],"product_cat":[81],"product_tag":[],"class_list":{"0":"post-1508","1":"product","2":"type-product","3":"status-publish","4":"has-post-thumbnail","6":"product_cat-termek","7":"desktop-align-left","8":"tablet-align-left","9":"mobile-align-left","11":"first","12":"instock","13":"taxable","14":"shipping-taxable","15":"purchasable","16":"product-type-simple"},"jetpack_sharing_enabled":true,"_links":{"self":[{"href":"https:\/\/lepex-novum.com\/hu\/wp-json\/wp\/v2\/product\/1508","targetHints":{"allow":["GET"]}}],"collection":[{"href":"https:\/\/lepex-novum.com\/hu\/wp-json\/wp\/v2\/product"}],"about":[{"href":"https:\/\/lepex-novum.com\/hu\/wp-json\/wp\/v2\/types\/product"}],"wp:featuredmedia":[{"embeddable":true,"href":"https:\/\/lepex-novum.com\/hu\/wp-json\/wp\/v2\/media\/1950"}],"wp:attachment":[{"href":"https:\/\/lepex-novum.com\/hu\/wp-json\/wp\/v2\/media?parent=1508"}],"wp:term":[{"taxonomy":"product_brand","embeddable":true,"href":"https:\/\/lepex-novum.com\/hu\/wp-json\/wp\/v2\/product_brand?post=1508"},{"taxonomy":"product_cat","embeddable":true,"href":"https:\/\/lepex-novum.com\/hu\/wp-json\/wp\/v2\/product_cat?post=1508"},{"taxonomy":"product_tag","embeddable":true,"href":"https:\/\/lepex-novum.com\/hu\/wp-json\/wp\/v2\/product_tag?post=1508"}],"curies":[{"name":"wp","href":"https:\/\/api.w.org\/{rel}","templated":true}]}}