{"id":1387,"date":"2025-10-02T13:50:11","date_gmt":"2025-10-02T12:50:11","guid":{"rendered":"https:\/\/lepex-novum.com\/lepex\/"},"modified":"2026-01-06T15:13:26","modified_gmt":"2026-01-06T14:13:26","slug":"lepex","status":"publish","type":"page","link":"https:\/\/lepex-novum.com\/hu\/lepex\/","title":{"rendered":"Lepex"},"content":{"rendered":"\t\t<div data-elementor-type=\"wp-page\" data-elementor-id=\"1387\" class=\"elementor elementor-1387 elementor-383\">\n\t\t\t\t<div class=\"elementor-element elementor-element-db28b60 e-flex e-con-boxed e-con e-parent\" data-id=\"db28b60\" data-element_type=\"container\" data-e-type=\"container\">\n\t\t\t\t\t<div class=\"e-con-inner\">\n\t\t\t\t<div class=\"elementor-element elementor-element-16c6a37 elementor-widget elementor-widget-image\" data-id=\"16c6a37\" data-element_type=\"widget\" data-e-type=\"widget\" data-widget_type=\"image.default\">\n\t\t\t\t\t\t\t\t\t\t\t\t\t\t\t<img fetchpriority=\"high\" decoding=\"async\" width=\"768\" height=\"597\" src=\"https:\/\/lepex-novum.com\/wp-content\/uploads\/2025\/10\/Lepex-fermiere-copie2-768x597.jpg\" class=\"attachment-medium_large size-medium_large wp-image-1391\" alt=\"\" srcset=\"https:\/\/lepex-novum.com\/wp-content\/uploads\/2025\/10\/Lepex-fermiere-copie2-768x597.jpg 768w, https:\/\/lepex-novum.com\/wp-content\/uploads\/2025\/10\/Lepex-fermiere-copie2-200x156.jpg 200w, https:\/\/lepex-novum.com\/wp-content\/uploads\/2025\/10\/Lepex-fermiere-copie2-300x233.jpg 300w, https:\/\/lepex-novum.com\/wp-content\/uploads\/2025\/10\/Lepex-fermiere-copie2-1024x796.jpg 1024w, https:\/\/lepex-novum.com\/wp-content\/uploads\/2025\/10\/Lepex-fermiere-copie2-1536x1195.jpg 1536w, https:\/\/lepex-novum.com\/wp-content\/uploads\/2025\/10\/Lepex-fermiere-copie2-2048x1593.jpg 2048w\" sizes=\"(max-width: 768px) 100vw, 768px\" \/>\t\t\t\t\t\t\t\t\t\t\t\t\t\t\t<\/div>\n\t\t\t\t<div class=\"elementor-element elementor-element-f443e75 elementor-widget elementor-widget-text-editor\" data-id=\"f443e75\" data-element_type=\"widget\" data-e-type=\"widget\" data-widget_type=\"text-editor.default\">\n\t\t\t\t\t\t\t\t\t<div id=\"comp-j6jnmf8d\" class=\"Z_l5lU MMl86N zQ9jDz qvSjx3 Vq6kJx comp-j6jnmf8d wixui-rich-text\" data-testid=\"richTextElement\"><p class=\"font_7 wixui-rich-text__text\"><span class=\"wixui-rich-text__text\">A Lepex egy ny\u00falsperma h\u00edg\u00edt\u00f3 friss felhaszn\u00e1l\u00e1sra \u00e9s h\u0171t\u00f6tt sz\u00e1ll\u00edt\u00e1shoz, amelyet kifejezetten ny\u00falsperma h\u00edg\u00edt\u00e1s\u00e1ra \u00e9s a h\u00edg\u00edtott sperma t\u00e1rol\u00e1s\u00e1ra fejlesztettek ki.<\/span><\/p><p class=\"font_7 wixui-rich-text__text\"><span class=\"wixui-rich-text__text\"><span class=\"wixGuard wixui-rich-text__text\">\u200b<\/span><\/span><span class=\"wixui-rich-text__text\">A Lepex spermah\u00edg\u00edt\u00f3 haszn\u00e1lata sz\u00e1mos el\u0151nnyel j\u00e1r:<\/span><\/p><p class=\"font_7 wixui-rich-text__text\"><span style=\"font-size: 16px;\">K\u00f6lts\u00e9ghat\u00e9konyabb h\u00edg\u00edt\u00f3.<\/span><\/p><ul class=\"font_7 wixui-rich-text__text\"><li class=\"wixui-rich-text__text\"><p class=\"font_7 wixui-rich-text__text\"><span class=\"wixui-rich-text__text\">Id\u0151takar\u00e9kos h\u00edg\u00edtott sperma el\u0151k\u00e9sz\u00edt\u00e9s.<\/span><\/p><\/li><li class=\"wixui-rich-text__text\"><p class=\"font_7 wixui-rich-text__text\"><span class=\"wixui-rich-text__text\">K\u00f6nnyebb \u00e9s k\u00f6lts\u00e9ghat\u00e9konyabb ny\u00falsperma feldolgoz\u00e1s.<\/span><\/p><\/li><\/ul><p class=\"font_7 wixui-rich-text__text\"><span style=\"font-size: 16px;\">A Lepex gy\u00e1rt\u00e1sa dehidrat\u00e1lt, gy\u00f3gyszer\u00e9szeti tisztas\u00e1g\u00fa biok\u00e9miai anyagok kever\u00e9s\u00e9vel, majd ellen\u0151rz\u00f6tt atmoszf\u00e9r\u00e1ban t\u00f6rt\u00e9n\u0151 \u0151rl\u00e9ssel t\u00f6rt\u00e9nik, szabadalmaztatott berendez\u00e9sek \u00e9s elj\u00e1r\u00e1s alkalmaz\u00e1s\u00e1val. <\/span><\/p><\/div><div id=\"comp-klm8yb1s\" class=\"Z_l5lU MMl86N zQ9jDz qvSjx3 Vq6kJx comp-klm8yb1s wixui-rich-text\" data-testid=\"richTextElement\"><p class=\"font_8 wixui-rich-text__text\"><span class=\"color_15 wixui-rich-text__text\"><span class=\"wixui-rich-text__text\">Ez a gy\u00e1rt\u00e1si folyamat kiv\u00e1l\u00f3 min\u0151s\u00e9g\u0171, er\u0151sen mikroniz\u00e1lt port eredm\u00e9nyez, amely megakad\u00e1lyozza a r\u00e9szecsk\u00e9k sz\u00e9tv\u00e1l\u00e1s\u00e1t \u00e9s k\u00f6nnyen old\u00f3dik v\u00edzben. <\/span><\/span><\/p><p class=\"font_8 wixui-rich-text__text\"><span class=\"color_15 wixui-rich-text__text\"><span class=\"wixui-rich-text__text\">A por v\u00edzben val\u00f3 teljes felold\u00f3d\u00e1sa ut\u00e1n a m\u00e1trixnak legfeljebb 1 \u00f3r\u00e1ra van sz\u00fcks\u00e9ge a teljes hidrat\u00e1l\u00f3d\u00e1shoz. <\/span><\/span><\/p><\/div><div id=\"comp-kll2zf4w\" class=\"MazNVa comp-kll2zf4w wixui-image\"> <\/div>\t\t\t\t\t\t\t\t<\/div>\n\t\t\t\t\t<\/div>\n\t\t\t\t<\/div>\n\t\t\t\t<\/div>\n\t\t","protected":false},"excerpt":{"rendered":"<p>A Lepex egy ny\u00falsperma h\u00edg\u00edt\u00f3 friss felhaszn\u00e1l\u00e1sra \u00e9s h\u0171t\u00f6tt sz\u00e1ll\u00edt\u00e1shoz, amelyet kifejezetten ny\u00falsperma h\u00edg\u00edt\u00e1s\u00e1ra \u00e9s a h\u00edg\u00edtott sperma t\u00e1rol\u00e1s\u00e1ra fejlesztettek [&hellip;]<\/p>\n","protected":false},"author":1,"featured_media":0,"parent":0,"menu_order":0,"comment_status":"closed","ping_status":"closed","template":"","meta":{"site-sidebar-layout":"no-sidebar","site-content-layout":"","ast-site-content-layout":"full-width-container","site-content-style":"default","site-sidebar-style":"default","ast-global-header-display":"","ast-banner-title-visibility":"","ast-main-header-display":"","ast-hfb-above-header-display":"","ast-hfb-below-header-display":"","ast-hfb-mobile-header-display":"","site-post-title":"disabled","ast-breadcrumbs-content":"","ast-featured-img":"disabled","footer-sml-layout":"","ast-disable-related-posts":"","theme-transparent-header-meta":"","adv-header-id-meta":"","stick-header-meta":"","header-above-stick-meta":"","header-main-stick-meta":"","header-below-stick-meta":"","astra-migrate-meta-layouts":"default","ast-page-background-enabled":"default","ast-page-background-meta":{"desktop":{"background-color":"var(--ast-global-color-5)","background-image":"","background-repeat":"repeat","background-position":"center center","background-size":"auto","background-attachment":"scroll","background-type":"","background-media":"","overlay-type":"","overlay-color":"","overlay-opacity":"","overlay-gradient":""},"tablet":{"background-color":"","background-image":"","background-repeat":"repeat","background-position":"center center","background-size":"auto","background-attachment":"scroll","background-type":"","background-media":"","overlay-type":"","overlay-color":"","overlay-opacity":"","overlay-gradient":""},"mobile":{"background-color":"","background-image":"","background-repeat":"repeat","background-position":"center center","background-size":"auto","background-attachment":"scroll","background-type":"","background-media":"","overlay-type":"","overlay-color":"","overlay-opacity":"","overlay-gradient":""}},"ast-content-background-meta":{"desktop":{"background-color":"var(--ast-global-color-4)","background-image":"","background-repeat":"repeat","background-position":"center center","background-size":"auto","background-attachment":"scroll","background-type":"","background-media":"","overlay-type":"","overlay-color":"","overlay-opacity":"","overlay-gradient":""},"tablet":{"background-color":"var(--ast-global-color-4)","background-image":"","background-repeat":"repeat","background-position":"center center","background-size":"auto","background-attachment":"scroll","background-type":"","background-media":"","overlay-type":"","overlay-color":"","overlay-opacity":"","overlay-gradient":""},"mobile":{"background-color":"var(--ast-global-color-4)","background-image":"","background-repeat":"repeat","background-position":"center center","background-size":"auto","background-attachment":"scroll","background-type":"","background-media":"","overlay-type":"","overlay-color":"","overlay-opacity":"","overlay-gradient":""}},"footnotes":""},"class_list":["post-1387","page","type-page","status-publish","hentry"],"jetpack_sharing_enabled":true,"_links":{"self":[{"href":"https:\/\/lepex-novum.com\/hu\/wp-json\/wp\/v2\/pages\/1387","targetHints":{"allow":["GET"]}}],"collection":[{"href":"https:\/\/lepex-novum.com\/hu\/wp-json\/wp\/v2\/pages"}],"about":[{"href":"https:\/\/lepex-novum.com\/hu\/wp-json\/wp\/v2\/types\/page"}],"author":[{"embeddable":true,"href":"https:\/\/lepex-novum.com\/hu\/wp-json\/wp\/v2\/users\/1"}],"replies":[{"embeddable":true,"href":"https:\/\/lepex-novum.com\/hu\/wp-json\/wp\/v2\/comments?post=1387"}],"version-history":[{"count":1,"href":"https:\/\/lepex-novum.com\/hu\/wp-json\/wp\/v2\/pages\/1387\/revisions"}],"predecessor-version":[{"id":1392,"href":"https:\/\/lepex-novum.com\/hu\/wp-json\/wp\/v2\/pages\/1387\/revisions\/1392"}],"wp:attachment":[{"href":"https:\/\/lepex-novum.com\/hu\/wp-json\/wp\/v2\/media?parent=1387"}],"curies":[{"name":"wp","href":"https:\/\/api.w.org\/{rel}","templated":true}]}}