{"id":1364,"date":"2025-10-02T13:31:33","date_gmt":"2025-10-02T12:31:33","guid":{"rendered":"https:\/\/lepex-novum.com\/lepex-novum\/"},"modified":"2026-01-06T15:13:16","modified_gmt":"2026-01-06T14:13:16","slug":"lepex-novum","status":"publish","type":"page","link":"https:\/\/lepex-novum.com\/hu\/lepex-novum\/","title":{"rendered":"Lepex-Novum"},"content":{"rendered":"\t\t<div data-elementor-type=\"wp-page\" data-elementor-id=\"1364\" class=\"elementor elementor-1364 elementor-350\">\n\t\t\t\t<div class=\"elementor-element elementor-element-be42f96 e-flex e-con-boxed e-con e-parent\" data-id=\"be42f96\" data-element_type=\"container\" data-e-type=\"container\">\n\t\t\t\t\t<div class=\"e-con-inner\">\n\t\t\t\t<div class=\"elementor-element elementor-element-651c71e elementor-widget elementor-widget-image\" data-id=\"651c71e\" data-element_type=\"widget\" data-e-type=\"widget\" data-widget_type=\"image.default\">\n\t\t\t\t\t\t\t\t\t\t\t\t\t\t\t<img fetchpriority=\"high\" decoding=\"async\" width=\"300\" height=\"300\" src=\"https:\/\/lepex-novum.com\/wp-content\/uploads\/2025\/09\/Logo-Novum-copie-300x300.jpg\" class=\"attachment-medium size-medium wp-image-45\" alt=\"\" srcset=\"https:\/\/lepex-novum.com\/wp-content\/uploads\/2025\/09\/Logo-Novum-copie-300x300.jpg 300w, https:\/\/lepex-novum.com\/wp-content\/uploads\/2025\/09\/Logo-Novum-copie-200x200.jpg 200w, https:\/\/lepex-novum.com\/wp-content\/uploads\/2025\/09\/Logo-Novum-copie-100x100.jpg 100w, https:\/\/lepex-novum.com\/wp-content\/uploads\/2025\/09\/Logo-Novum-copie-150x150.jpg 150w, https:\/\/lepex-novum.com\/wp-content\/uploads\/2025\/09\/Logo-Novum-copie-768x768.jpg 768w, https:\/\/lepex-novum.com\/wp-content\/uploads\/2025\/09\/Logo-Novum-copie.jpg 1024w\" sizes=\"(max-width: 300px) 100vw, 300px\" \/>\t\t\t\t\t\t\t\t\t\t\t\t\t\t\t<\/div>\n\t\t\t\t<div class=\"elementor-element elementor-element-0e3b1ec elementor-widget elementor-widget-text-editor\" data-id=\"0e3b1ec\" data-element_type=\"widget\" data-e-type=\"widget\" data-widget_type=\"text-editor.default\">\n\t\t\t\t\t\t\t\t\t<div><p><strong><span lang=\"NL-BE\">Forradalmas\u00edtja a ny\u00falteny\u00e9szt\u00e9st MI-alap\u00fa h\u00edg\u00edt\u00f3 technol\u00f3gi\u00e1val<\/span><\/strong><\/p><\/div><div><p>A <b>LEPEX-NOVUM<\/b> egy \u00e9lvonalbeli h\u00edg\u00edt\u00f3, amelyet kifejezetten a ny\u00falteny\u00e9szt\u00e9sben alkalmazott mesters\u00e9ges megterm\u00e9keny\u00edt\u00e9s (MM) hat\u00e9konys\u00e1g\u00e1nak n\u00f6vel\u00e9s\u00e9re fejlesztettek ki. Az\u00e1ltal, hogy a fejlett NOVUM platformot integr\u00e1lja a bev\u00e1lt LEPEX h\u00edg\u00edt\u00f3 rendszerbe, ez az innovat\u00edv megold\u00e1s optimaliz\u00e1lja a sperma meg\u0151rz\u00e9s\u00e9t \u00e9s \u00e9letk\u00e9pess\u00e9g\u00e9t, v\u00e9gs\u0151 soron jav\u00edtva a reprodukci\u00f3s sikeress\u00e9gi ar\u00e1nyokat \u00e9s a teny\u00e9szt\u00e9si hat\u00e9konys\u00e1got (alomm\u00e9ret). <\/p><\/div><div><p>A <b>LEPEX-NOVUM<\/b> seg\u00edts\u00e9g\u00e9vel a teny\u00e9szt\u0151k a legkorszer\u0171bb \u00f6sszet\u00e9telb\u0151l \u00e9s technol\u00f3gi\u00e1b\u00f3l profit\u00e1lnak, amely t\u00e1mogatja a sperma jobb motilit\u00e1s\u00e1t \u00e9s \u00e9lettartam\u00e1t, magasabb megterm\u00e9keny\u00fcl\u00e9si ar\u00e1nyokat \u00e9s eg\u00e9szs\u00e9gesebb almokat eredm\u00e9nyezve. Ez az \u00faj h\u00edg\u00edt\u00f3 nemcsak a ny\u00falreprodukci\u00f3 egyedi biol\u00f3giai kih\u00edv\u00e1saira ad v\u00e1laszt, hanem lehet\u0151v\u00e9 teszi a teny\u00e9szt\u0151k sz\u00e1m\u00e1ra, hogy az MM technik\u00e1kat prec\u00edzebb, ellen\u0151rz\u00f6ttebb \u00e9s fenntarthat\u00f3bb teny\u00e9szt\u00e9si programokhoz haszn\u00e1lj\u00e1k fel. <\/p><\/div><div><p>A tudom\u00e1nyos innov\u00e1ci\u00f3 \u00e9s a gyakorlati alkalmaz\u00e1s \u00f6tv\u00f6z\u00e9s\u00e9vel a <b>LEPEX-NOVUM<\/b> \u00e1talak\u00edtja a ny\u00falteny\u00e9szt\u00e9si gyakorlatokat, a mesters\u00e9ges megterm\u00e9keny\u00edt\u00e9st megb\u00edzhat\u00f3bb\u00e1 \u00e9s termel\u00e9kenyebb\u00e9 t\u00e9ve, mint valaha.<\/p><\/div>\t\t\t\t\t\t\t\t<\/div>\n\t\t\t\t\t<\/div>\n\t\t\t\t<\/div>\n\t\t\t\t<\/div>\n\t\t","protected":false},"excerpt":{"rendered":"<p>Forradalmas\u00edtja a ny\u00falteny\u00e9szt\u00e9st MI-alap\u00fa h\u00edg\u00edt\u00f3 technol\u00f3gi\u00e1val A LEPEX-NOVUM egy \u00e9lvonalbeli h\u00edg\u00edt\u00f3, amelyet kifejezetten a ny\u00falteny\u00e9szt\u00e9sben alkalmazott mesters\u00e9ges megterm\u00e9keny\u00edt\u00e9s (MM) hat\u00e9konys\u00e1g\u00e1nak [&hellip;]<\/p>\n","protected":false},"author":1,"featured_media":0,"parent":0,"menu_order":0,"comment_status":"closed","ping_status":"closed","template":"","meta":{"site-sidebar-layout":"no-sidebar","site-content-layout":"","ast-site-content-layout":"full-width-container","site-content-style":"default","site-sidebar-style":"default","ast-global-header-display":"","ast-banner-title-visibility":"","ast-main-header-display":"","ast-hfb-above-header-display":"","ast-hfb-below-header-display":"","ast-hfb-mobile-header-display":"","site-post-title":"disabled","ast-breadcrumbs-content":"","ast-featured-img":"disabled","footer-sml-layout":"","ast-disable-related-posts":"","theme-transparent-header-meta":"","adv-header-id-meta":"","stick-header-meta":"","header-above-stick-meta":"","header-main-stick-meta":"","header-below-stick-meta":"","astra-migrate-meta-layouts":"default","ast-page-background-enabled":"default","ast-page-background-meta":{"desktop":{"background-color":"var(--ast-global-color-5)","background-image":"","background-repeat":"repeat","background-position":"center center","background-size":"auto","background-attachment":"scroll","background-type":"","background-media":"","overlay-type":"","overlay-color":"","overlay-opacity":"","overlay-gradient":""},"tablet":{"background-color":"","background-image":"","background-repeat":"repeat","background-position":"center center","background-size":"auto","background-attachment":"scroll","background-type":"","background-media":"","overlay-type":"","overlay-color":"","overlay-opacity":"","overlay-gradient":""},"mobile":{"background-color":"","background-image":"","background-repeat":"repeat","background-position":"center center","background-size":"auto","background-attachment":"scroll","background-type":"","background-media":"","overlay-type":"","overlay-color":"","overlay-opacity":"","overlay-gradient":""}},"ast-content-background-meta":{"desktop":{"background-color":"var(--ast-global-color-4)","background-image":"","background-repeat":"repeat","background-position":"center center","background-size":"auto","background-attachment":"scroll","background-type":"","background-media":"","overlay-type":"","overlay-color":"","overlay-opacity":"","overlay-gradient":""},"tablet":{"background-color":"var(--ast-global-color-4)","background-image":"","background-repeat":"repeat","background-position":"center center","background-size":"auto","background-attachment":"scroll","background-type":"","background-media":"","overlay-type":"","overlay-color":"","overlay-opacity":"","overlay-gradient":""},"mobile":{"background-color":"var(--ast-global-color-4)","background-image":"","background-repeat":"repeat","background-position":"center center","background-size":"auto","background-attachment":"scroll","background-type":"","background-media":"","overlay-type":"","overlay-color":"","overlay-opacity":"","overlay-gradient":""}},"footnotes":""},"class_list":["post-1364","page","type-page","status-publish","hentry"],"jetpack_sharing_enabled":true,"_links":{"self":[{"href":"https:\/\/lepex-novum.com\/hu\/wp-json\/wp\/v2\/pages\/1364","targetHints":{"allow":["GET"]}}],"collection":[{"href":"https:\/\/lepex-novum.com\/hu\/wp-json\/wp\/v2\/pages"}],"about":[{"href":"https:\/\/lepex-novum.com\/hu\/wp-json\/wp\/v2\/types\/page"}],"author":[{"embeddable":true,"href":"https:\/\/lepex-novum.com\/hu\/wp-json\/wp\/v2\/users\/1"}],"replies":[{"embeddable":true,"href":"https:\/\/lepex-novum.com\/hu\/wp-json\/wp\/v2\/comments?post=1364"}],"version-history":[{"count":1,"href":"https:\/\/lepex-novum.com\/hu\/wp-json\/wp\/v2\/pages\/1364\/revisions"}],"predecessor-version":[{"id":1366,"href":"https:\/\/lepex-novum.com\/hu\/wp-json\/wp\/v2\/pages\/1364\/revisions\/1366"}],"wp:attachment":[{"href":"https:\/\/lepex-novum.com\/hu\/wp-json\/wp\/v2\/media?parent=1364"}],"curies":[{"name":"wp","href":"https:\/\/api.w.org\/{rel}","templated":true}]}}