{"id":1345,"date":"2025-09-26T09:21:09","date_gmt":"2025-09-26T08:21:09","guid":{"rendered":"https:\/\/lepex-novum.com\/kezdolap\/"},"modified":"2026-01-06T15:03:01","modified_gmt":"2026-01-06T14:03:01","slug":"kezdolap","status":"publish","type":"page","link":"https:\/\/lepex-novum.com\/hu\/","title":{"rendered":"Kezd\u0151lap"},"content":{"rendered":"\t\t<div data-elementor-type=\"wp-page\" data-elementor-id=\"1345\" class=\"elementor elementor-1345 elementor-58\">\n\t\t\t\t<div class=\"elementor-element elementor-element-2648367 e-flex e-con-boxed e-con e-parent\" data-id=\"2648367\" data-element_type=\"container\" data-e-type=\"container\">\n\t\t\t\t\t<div class=\"e-con-inner\">\n\t\t\t\t<div class=\"elementor-element elementor-element-9b5199b elementor-widget elementor-widget-heading\" data-id=\"9b5199b\" data-element_type=\"widget\" data-e-type=\"widget\" data-widget_type=\"heading.default\">\n\t\t\t\t\t<h2 class=\"elementor-heading-title elementor-size-default\">\u00dcdv\u00f6z\u00f6lj\u00fck a Lepex-Novum weboldal\u00e1n.<\/h2>\t\t\t\t<\/div>\n\t\t\t\t<div class=\"elementor-element elementor-element-8aa2525 elementor-widget elementor-widget-image\" data-id=\"8aa2525\" data-element_type=\"widget\" data-e-type=\"widget\" data-widget_type=\"image.default\">\n\t\t\t\t\t\t\t\t\t\t\t\t\t\t\t<img fetchpriority=\"high\" decoding=\"async\" width=\"1024\" height=\"796\" src=\"https:\/\/lepex-novum.com\/wp-content\/uploads\/2025\/09\/Firefly_lapins-en-laboratoire-683029-1024x796.jpg\" class=\"attachment-large size-large wp-image-1347\" alt=\"\" srcset=\"https:\/\/lepex-novum.com\/wp-content\/uploads\/2025\/09\/Firefly_lapins-en-laboratoire-683029-1024x796.jpg 1024w, https:\/\/lepex-novum.com\/wp-content\/uploads\/2025\/09\/Firefly_lapins-en-laboratoire-683029-200x156.jpg 200w, https:\/\/lepex-novum.com\/wp-content\/uploads\/2025\/09\/Firefly_lapins-en-laboratoire-683029-300x233.jpg 300w, https:\/\/lepex-novum.com\/wp-content\/uploads\/2025\/09\/Firefly_lapins-en-laboratoire-683029-768x597.jpg 768w, https:\/\/lepex-novum.com\/wp-content\/uploads\/2025\/09\/Firefly_lapins-en-laboratoire-683029-1536x1195.jpg 1536w, https:\/\/lepex-novum.com\/wp-content\/uploads\/2025\/09\/Firefly_lapins-en-laboratoire-683029-2048x1593.jpg 2048w\" sizes=\"(max-width: 1024px) 100vw, 1024px\" \/>\t\t\t\t\t\t\t\t\t\t\t\t\t\t\t<\/div>\n\t\t\t\t<div class=\"elementor-element elementor-element-0324b49 elementor-widget elementor-widget-text-editor\" data-id=\"0324b49\" data-element_type=\"widget\" data-e-type=\"widget\" data-widget_type=\"text-editor.default\">\n\t\t\t\t\t\t\t\t\t<div id=\"bgLayers_comp-m3affkvw\" class=\"MW5IWV\" data-hook=\"bgLayers\" data-motion-part=\"BG_LAYER comp-m3affkvw\"><div id=\"bgMedia_comp-m3affkvw\" class=\"VgO9Yg\" data-motion-part=\"BG_MEDIA comp-m3affkvw\"><div><p><strong>Mesters\u00e9ges megterm\u00e9keny\u00edt\u00e9s nyulakn\u00e1l<\/strong><\/p><\/div><div><p>A nyulak mesters\u00e9ges megterm\u00e9keny\u00edt\u00e9se (MM) egy reprodukt\u00edv technika, amely sor\u00e1n a h\u00edmb\u0151l sperm\u00e1t gy\u0171jtenek, \u00e9s manu\u00e1lisan bejuttatj\u00e1k a n\u0151st\u00e9ny reprodukt\u00edv traktus\u00e1ba. <span lang=\"NL-BE\">Ezt a m\u00f3dszert sz\u00e9les k\u00f6rben alkalmazz\u00e1k a kereskedelmi ny\u00falteny\u00e9szt\u00e9si programokban az \u00e1llom\u00e1ny termel\u00e9kenys\u00e9g\u00e9nek \u00e9s a genetikai szelekci\u00f3 jav\u00edt\u00e1s\u00e1ra. T\u00e1mogatja a betegs\u00e9gek ellen\u0151rz\u00e9s\u00e9t is az\u00e1ltal, hogy minimaliz\u00e1lja az \u00e1llatok k\u00f6z\u00f6tti k\u00f6zvetlen fizikai \u00e9rintkez\u00e9st.<\/span> <\/p><p>Nagy\u00fczemi gazd\u00e1lkod\u00e1sban az MM lehet\u0151v\u00e9 teszi a szinkroniz\u00e1lt teny\u00e9szt\u00e9st, a hat\u00e9kony nyilv\u00e1ntart\u00e1st \u00e9s a h\u00fas vagy sz\u0151rme k\u00f6vetkezetes termel\u00e9s\u00e9t. <span style=\"font-size: 16px;\">\u00d6sszess\u00e9g\u00e9ben az MM n\u00f6veli mind a gazdas\u00e1gi hat\u00e9konys\u00e1got, mind a teny\u00e9szt\u00e9si menedzsmentet a kereskedelmi ny\u00faltermel\u00e9sben.<\/span><\/p><\/div><div><p><span style=\"text-decoration: underline;\"><strong><span lang=\"NL-BE\">LEPEX \u00c9S NOVUM.<\/span><\/strong><\/span><\/p><p class=\"font7\"><span lang=\"NL-BE\">2015-ben Dr. Bart van den Berg (Hollandia) fejlesztette ki a ny\u00fal sperma tart\u00f3s\u00edt\u00f3 k\u00f6zeget, amely az\u00f3ta kereskedelmi forgalomban kaphat\u00f3.<\/span><span class=\"wixui-rich-texttext\"><span lang=\"NL-BE\"><b>LEPEX<\/b>, amely az\u00f3ta kereskedelmi forgalomban kaphat\u00f3.<\/span><\/span><span class=\"wixui-rich-texttext\"><b><span lang=\"NL-BE\">A LEPEX<\/span><\/b><\/span><span class=\"wixui-rich-texttext\"><span lang=\"NL-BE\">egy ny\u00fal sperma h\u00edg\u00edt\u00f3, kiv\u00e1l\u00f3 min\u0151s\u00e9g\u0171 mikroniz\u00e1lt por form\u00e1j\u00e1ban kaphat\u00f3, friss felhaszn\u00e1l\u00e1sra \u00e9s h\u0171t\u00f6tt sz\u00e1ll\u00edt\u00e1sra. Kifejezetten a ny\u00fal sperma h\u00edg\u00edt\u00e1s\u00e1ra \u00e9s a h\u00edg\u00edtott sperma 17\u00b0C-on t\u00f6rt\u00e9n\u0151 t\u00e1rol\u00e1s\u00e1ra fejlesztett\u00e9k ki.<\/span><\/span> <\/p><p class=\"font7\"><span class=\"wixui-rich-texttext\">A k\u00f6zelm\u00faltban a ny\u00fal reprodukci\u00f3j\u00e1nak alapj\u00e1ul szolg\u00e1l\u00f3 biok\u00e9miai mechanizmusokba nyert \u00faj betekint\u00e9s egy \u00faj kieg\u00e9sz\u00edt\u0151, a <b>NOVUM<\/b> kifejleszt\u00e9s\u00e9hez vezetett. Ez a mikroniz\u00e1lt por alap\u00fa kieg\u00e9sz\u00edt\u0151, ha a sperma h\u00edg\u00edt\u00f3hoz adj\u00e1k, \u00fatt\u00f6r\u0151 megk\u00f6zel\u00edt\u00e9st k\u00edn\u00e1l az ovul\u00e1ci\u00f3 indukci\u00f3j\u00e1nak t\u00e1mogat\u00e1s\u00e1ra.<\/span><span class=\"wixui-rich-texttext\"><span lang=\"NL-BE\">A <b>NOVUM<\/b> \u00e9s a speci\u00e1lisan kifejlesztett <b>LEPEX<\/b> h\u00edg\u00edt\u00f3 kombin\u00e1ci\u00f3j\u00e1t <b>LEPEX-NOVUM<\/b> n\u00e9ven forgalmazz\u00e1k.<\/span><\/span> <\/p><\/div><div><p class=\"font7\"><span class=\"wixui-rich-texttext\">Ezen term\u00e9kekr\u0151l \u00e9s kieg\u00e9sz\u00edt\u0151kr\u0151l \u00e1tfog\u00f3 kereskedelmi, technikai \u00e9s tudom\u00e1nyos inform\u00e1ci\u00f3k tal\u00e1lhat\u00f3k a weboldal m\u00e1s r\u00e9szein. <\/span><\/p><\/div><div><p class=\"font7\"><span style=\"font-size: 16px;\">Minden term\u00e9k:<\/span><b style=\"font-style: inherit;\">LEPEX<\/b><span style=\"font-size: 16px;\">,<\/span><b style=\"font-style: inherit;\">NOVUM<\/b><span style=\"font-size: 16px;\"> \u00e9s<\/span><b style=\"font-style: inherit;\">LEPEX-NOVUM<\/b><span style=\"font-size: 16px;\"> a HuVeSearch bv (Belgium) gy\u00e1rtja, \u00e9s mikroniz\u00e1lt por form\u00e1j\u00e1ban sz\u00e1ll\u00edtja. Dr. Bart van den Berg tov\u00e1bbra is tan\u00e1csad\u00f3k\u00e9nt dolgozik a HuVeSearch bv-n\u00e9l.<\/span><\/p><\/div><\/div><\/div>\t\t\t\t\t\t\t\t<\/div>\n\t\t\t\t<div class=\"elementor-element elementor-element-c33f2c6 elementor-widget__width-inherit elementor-align-justify elementor-widget elementor-widget-button\" data-id=\"c33f2c6\" data-element_type=\"widget\" data-e-type=\"widget\" data-widget_type=\"button.default\">\n\t\t\t\t\t\t\t\t\t\t<a class=\"elementor-button elementor-button-link elementor-size-sm\" href=\"tel:+32474988280\">\n\t\t\t\t\t\t<span class=\"elementor-button-content-wrapper\">\n\t\t\t\t\t\t\t\t\t<span class=\"elementor-button-text\">H\u00edvjon minket<\/span>\n\t\t\t\t\t<\/span>\n\t\t\t\t\t<\/a>\n\t\t\t\t\t\t\t\t<\/div>\n\t\t\t\t\t<\/div>\n\t\t\t\t<\/div>\n\t\t\t\t<\/div>\n\t\t","protected":false},"excerpt":{"rendered":"<p>\u00dcdv\u00f6z\u00f6lj\u00fck a Lepex-Novum weboldal\u00e1n. Mesters\u00e9ges megterm\u00e9keny\u00edt\u00e9s nyulakn\u00e1l A nyulak mesters\u00e9ges megterm\u00e9keny\u00edt\u00e9se (MM) egy reprodukt\u00edv technika, amely sor\u00e1n a h\u00edmb\u0151l sperm\u00e1t [&hellip;]<\/p>\n","protected":false},"author":1,"featured_media":0,"parent":0,"menu_order":0,"comment_status":"closed","ping_status":"closed","template":"elementor_header_footer","meta":{"site-sidebar-layout":"no-sidebar","site-content-layout":"","ast-site-content-layout":"full-width-container","site-content-style":"default","site-sidebar-style":"default","ast-global-header-display":"","ast-banner-title-visibility":"","ast-main-header-display":"","ast-hfb-above-header-display":"","ast-hfb-below-header-display":"","ast-hfb-mobile-header-display":"","site-post-title":"disabled","ast-breadcrumbs-content":"","ast-featured-img":"disabled","footer-sml-layout":"","ast-disable-related-posts":"","theme-transparent-header-meta":"","adv-header-id-meta":"","stick-header-meta":"","header-above-stick-meta":"","header-main-stick-meta":"","header-below-stick-meta":"","astra-migrate-meta-layouts":"default","ast-page-background-enabled":"default","ast-page-background-meta":{"desktop":{"background-color":"var(--ast-global-color-5)","background-image":"","background-repeat":"repeat","background-position":"center center","background-size":"auto","background-attachment":"scroll","background-type":"","background-media":"","overlay-type":"","overlay-color":"","overlay-opacity":"","overlay-gradient":""},"tablet":{"background-color":"","background-image":"","background-repeat":"repeat","background-position":"center center","background-size":"auto","background-attachment":"scroll","background-type":"","background-media":"","overlay-type":"","overlay-color":"","overlay-opacity":"","overlay-gradient":""},"mobile":{"background-color":"","background-image":"","background-repeat":"repeat","background-position":"center center","background-size":"auto","background-attachment":"scroll","background-type":"","background-media":"","overlay-type":"","overlay-color":"","overlay-opacity":"","overlay-gradient":""}},"ast-content-background-meta":{"desktop":{"background-color":"var(--ast-global-color-4)","background-image":"","background-repeat":"repeat","background-position":"center center","background-size":"auto","background-attachment":"scroll","background-type":"","background-media":"","overlay-type":"","overlay-color":"","overlay-opacity":"","overlay-gradient":""},"tablet":{"background-color":"var(--ast-global-color-4)","background-image":"","background-repeat":"repeat","background-position":"center center","background-size":"auto","background-attachment":"scroll","background-type":"","background-media":"","overlay-type":"","overlay-color":"","overlay-opacity":"","overlay-gradient":""},"mobile":{"background-color":"var(--ast-global-color-4)","background-image":"","background-repeat":"repeat","background-position":"center center","background-size":"auto","background-attachment":"scroll","background-type":"","background-media":"","overlay-type":"","overlay-color":"","overlay-opacity":"","overlay-gradient":""}},"footnotes":""},"class_list":["post-1345","page","type-page","status-publish","hentry"],"jetpack_sharing_enabled":true,"_links":{"self":[{"href":"https:\/\/lepex-novum.com\/hu\/wp-json\/wp\/v2\/pages\/1345","targetHints":{"allow":["GET"]}}],"collection":[{"href":"https:\/\/lepex-novum.com\/hu\/wp-json\/wp\/v2\/pages"}],"about":[{"href":"https:\/\/lepex-novum.com\/hu\/wp-json\/wp\/v2\/types\/page"}],"author":[{"embeddable":true,"href":"https:\/\/lepex-novum.com\/hu\/wp-json\/wp\/v2\/users\/1"}],"replies":[{"embeddable":true,"href":"https:\/\/lepex-novum.com\/hu\/wp-json\/wp\/v2\/comments?post=1345"}],"version-history":[{"count":1,"href":"https:\/\/lepex-novum.com\/hu\/wp-json\/wp\/v2\/pages\/1345\/revisions"}],"predecessor-version":[{"id":1348,"href":"https:\/\/lepex-novum.com\/hu\/wp-json\/wp\/v2\/pages\/1345\/revisions\/1348"}],"wp:attachment":[{"href":"https:\/\/lepex-novum.com\/hu\/wp-json\/wp\/v2\/media?parent=1345"}],"curies":[{"name":"wp","href":"https:\/\/api.w.org\/{rel}","templated":true}]}}