{"id":1330,"date":"2025-09-26T09:28:26","date_gmt":"2025-09-26T08:28:26","guid":{"rendered":"https:\/\/lepex-novum.com\/novum\/"},"modified":"2026-01-06T15:03:01","modified_gmt":"2026-01-06T14:03:01","slug":"novum","status":"publish","type":"page","link":"https:\/\/lepex-novum.com\/hu\/novum\/","title":{"rendered":"Novum"},"content":{"rendered":"\t\t<div data-elementor-type=\"wp-page\" data-elementor-id=\"1330\" class=\"elementor elementor-1330 elementor-62\">\n\t\t\t\t<div class=\"elementor-element elementor-element-1d8dfdc e-flex e-con-boxed e-con e-parent\" data-id=\"1d8dfdc\" data-element_type=\"container\" data-e-type=\"container\">\n\t\t\t\t\t<div class=\"e-con-inner\">\n\t\t<div class=\"elementor-element elementor-element-00d761f e-con-full e-flex e-con e-child\" data-id=\"00d761f\" data-element_type=\"container\" data-e-type=\"container\">\n\t\t\t\t<div class=\"elementor-element elementor-element-6f1cb32 elementor-widget elementor-widget-text-editor\" data-id=\"6f1cb32\" data-element_type=\"widget\" data-e-type=\"widget\" data-widget_type=\"text-editor.default\">\n\t\t\t\t\t\t\t\t\t<p class=\"font_8 wixui-rich-text__text\"><span class=\"wixui-rich-text__text\">A Novum egy narancss\u00e1rga sz\u00edn\u0171 por, amely ny\u00fal spermah\u00edg\u00edt\u00f3khoz adhat\u00f3 az ovul\u00e1ci\u00f3 \u00e9s a vemhess\u00e9g t\u00e1mogat\u00e1s\u00e1ra. Hat\u00e1sa a ny\u00fal sperma azon \u00f6sszetev\u0151inek v\u00e9delm\u00e9n alapul, amelyek term\u00e9szetesen induk\u00e1lj\u00e1k az ovul\u00e1ci\u00f3t. Ez\u00e9rt ezen ovul\u00e1ci\u00f3t induk\u00e1l\u00f3 faktorok meg\u0151rz\u00e9s\u00e9hez nem sz\u00fcks\u00e9ges \u00e1llatgy\u00f3gy\u00e1szati k\u00e9sz\u00edtm\u00e9nyk\u00e9nt val\u00f3 regisztr\u00e1ci\u00f3. Kieg\u00e9sz\u00edt\u0151nek tekinthet\u0151.   <\/span><\/p><p class=\"font_8 wixui-rich-text__text\"><span style=\"text-decoration: underline;\"><span class=\"wixui-rich-text__text\">Csomagol\u00e1s<\/span><\/span><\/p><p class=\"font_8 wixui-rich-text__text\"><span class=\"wixui-rich-text__text\">A Novum por m\u0171anyag flakonokban van csomagolva, mindegyik 2,4 grammot tartalmaz. Ez a 2,4 grammos mennyis\u00e9g 500 ml ny\u00fal spermah\u00edg\u00edt\u00f3hoz adhat\u00f3. A sz\u00fcks\u00e9ges h\u00edg\u00edt\u00f3 mennyis\u00e9g\u00e9t\u0151l f\u00fcgg\u0151en egyetlen flakon tartalma teljesen vagy r\u00e9szlegesen is felhaszn\u00e1lhat\u00f3. Ig\u00e9ny eset\u00e9n m\u00e1s csomagol\u00e1si m\u00e9retek is gy\u00e1rthat\u00f3k.   <\/span><\/p><p class=\"font_8 wixui-rich-text__text\"><span style=\"text-decoration: underline;\"><span class=\"wixui-rich-text__text\">T\u00e1rol\u00e1si \u00fatmutat\u00f3<\/span><\/span><\/p><p class=\"font_8 wixui-rich-text__text\"><span class=\"wixui-rich-text__text\">A Novumot h\u0171tve sz\u00e1ll\u00edtjuk. K\u00e9zhezv\u00e9tel ut\u00e1n a Novumot azonnal -20\u00b0C-on kell t\u00e1rolni. <\/span><\/p><p class=\"font_8 wixui-rich-text__text\"><span style=\"text-decoration: underline;\"><span class=\"wixui-rich-text__text\">Haszn\u00e1lati \u00fatmutat\u00f3<\/span><\/span><\/p><p class=\"font_8 wixui-rich-text__text\"><span class=\"wixui-rich-text__text\">\u200b<\/span><span class=\"wixui-rich-text__text\">Miel\u0151tt a Novumot a h\u00edg\u00edt\u00f3hoz adn\u00e1, a port szobah\u0151m\u00e9rs\u00e9kletre kell hozni. Kiv\u00e9teli lehet egy flakont a fagyaszt\u00f3b\u00f3l a felhaszn\u00e1l\u00e1s el\u0151tti napon vagy a felhaszn\u00e1l\u00e1s napj\u00e1n. Ha a felhaszn\u00e1l\u00e1s napj\u00e1n hozza szobah\u0151m\u00e9rs\u00e9kletre, g\u00f6rgesse a flakont a kezei k\u00f6z\u00f6tt a folyamat felgyors\u00edt\u00e1sa \u00e9rdek\u00e9ben.<\/span><\/p><p class=\"font_8 wixui-rich-text__text\"><span class=\"wixui-rich-text__text\"> <\/span><span class=\"wixui-rich-text__text\">A h\u00edg\u00edt\u00f3 mennyis\u00e9g\u00e9hez javasolt por mennyis\u00e9ge a k\u00f6vetkez\u0151: 2,4 gramm port kell 500 ml h\u00edg\u00edt\u00f3hoz adni. A por h\u00edg\u00edt\u00f3hoz ad\u00e1sakor lassan keverje, hogy elker\u00fclje a csom\u00f3k k\u00e9pz\u0151d\u00e9s\u00e9t, b\u00e1r a por k\u00f6nnyen old\u00f3dik a ny\u00fal sperma h\u00edg\u00edt\u00e1s\u00e1ra haszn\u00e1lt k\u00f6zegben. B\u00e1rmilyen kereskedelmi forgalomban kaphat\u00f3 h\u00edg\u00edt\u00f3 haszn\u00e1lhat\u00f3.  <\/span><\/p><p class=\"font_8 wixui-rich-text__text\"><span class=\"wixui-rich-text__text\">A Novum h\u00edg\u00edt\u00f3hoz ad\u00e1sa \u00e9s az inszemin\u00e1ci\u00f3 k\u00f6z\u00f6tti id\u0151t a lehet\u0151 legr\u00f6videbbre kell tartani. Elfogadhat\u00f3 eredm\u00e9nyek el\u00e9r\u00e9s\u00e9hez a Novum hozz\u00e1ad\u00e1sa \u00e9s az inszemin\u00e1ci\u00f3 k\u00f6z\u00f6tti maxim\u00e1lis megengedett id\u0151 12 \u00f3ra. <\/span><\/p>\t\t\t\t\t\t\t\t<\/div>\n\t\t\t\t<\/div>\n\t\t<div class=\"elementor-element elementor-element-6126566 e-con-full e-flex e-con e-child\" data-id=\"6126566\" data-element_type=\"container\" data-e-type=\"container\">\n\t\t\t\t<div class=\"elementor-element elementor-element-3a66360 elementor-widget elementor-widget-image\" data-id=\"3a66360\" data-element_type=\"widget\" data-e-type=\"widget\" data-widget_type=\"image.default\">\n\t\t\t\t\t\t\t\t\t\t\t\t\t\t\t<img fetchpriority=\"high\" decoding=\"async\" width=\"1024\" height=\"1024\" src=\"https:\/\/lepex-novum.com\/wp-content\/uploads\/2025\/09\/ChatGPT-Image-26-sept.-2025-a-13_29_50.png\" class=\"attachment-large size-large wp-image-1333\" alt=\"\" srcset=\"https:\/\/lepex-novum.com\/wp-content\/uploads\/2025\/09\/ChatGPT-Image-26-sept.-2025-a-13_29_50.png 1024w, https:\/\/lepex-novum.com\/wp-content\/uploads\/2025\/09\/ChatGPT-Image-26-sept.-2025-a-13_29_50-200x200.png 200w, https:\/\/lepex-novum.com\/wp-content\/uploads\/2025\/09\/ChatGPT-Image-26-sept.-2025-a-13_29_50-100x100.png 100w, https:\/\/lepex-novum.com\/wp-content\/uploads\/2025\/09\/ChatGPT-Image-26-sept.-2025-a-13_29_50-300x300.png 300w, https:\/\/lepex-novum.com\/wp-content\/uploads\/2025\/09\/ChatGPT-Image-26-sept.-2025-a-13_29_50-150x150.png 150w, https:\/\/lepex-novum.com\/wp-content\/uploads\/2025\/09\/ChatGPT-Image-26-sept.-2025-a-13_29_50-768x768.png 768w\" sizes=\"(max-width: 1024px) 100vw, 1024px\" \/>\t\t\t\t\t\t\t\t\t\t\t\t\t\t\t<\/div>\n\t\t\t\t<\/div>\n\t\t\t\t\t<\/div>\n\t\t\t\t<\/div>\n\t\t<div class=\"elementor-element elementor-element-56c8d7c e-flex e-con-boxed e-con e-parent\" data-id=\"56c8d7c\" data-element_type=\"container\" data-e-type=\"container\">\n\t\t\t\t\t<div class=\"e-con-inner\">\n\t\t<div class=\"elementor-element elementor-element-26d2947 e-con-full e-flex e-con e-child\" data-id=\"26d2947\" data-element_type=\"container\" data-e-type=\"container\">\n\t\t\t\t<div class=\"elementor-element elementor-element-b83c24d elementor-widget elementor-widget-image\" data-id=\"b83c24d\" data-element_type=\"widget\" data-e-type=\"widget\" data-widget_type=\"image.default\">\n\t\t\t\t\t\t\t\t\t\t\t\t\t\t\t<img decoding=\"async\" width=\"1024\" height=\"796\" src=\"https:\/\/lepex-novum.com\/wp-content\/uploads\/2025\/09\/Firefly_lapin-avec-dadn-orange-new-design-photo-realiste-fond-transparent-907576-1024x796.jpg\" class=\"attachment-large size-large wp-image-1334\" alt=\"\" srcset=\"https:\/\/lepex-novum.com\/wp-content\/uploads\/2025\/09\/Firefly_lapin-avec-dadn-orange-new-design-photo-realiste-fond-transparent-907576-1024x796.jpg 1024w, https:\/\/lepex-novum.com\/wp-content\/uploads\/2025\/09\/Firefly_lapin-avec-dadn-orange-new-design-photo-realiste-fond-transparent-907576-200x156.jpg 200w, https:\/\/lepex-novum.com\/wp-content\/uploads\/2025\/09\/Firefly_lapin-avec-dadn-orange-new-design-photo-realiste-fond-transparent-907576-300x233.jpg 300w, https:\/\/lepex-novum.com\/wp-content\/uploads\/2025\/09\/Firefly_lapin-avec-dadn-orange-new-design-photo-realiste-fond-transparent-907576-768x597.jpg 768w, https:\/\/lepex-novum.com\/wp-content\/uploads\/2025\/09\/Firefly_lapin-avec-dadn-orange-new-design-photo-realiste-fond-transparent-907576-1536x1195.jpg 1536w, https:\/\/lepex-novum.com\/wp-content\/uploads\/2025\/09\/Firefly_lapin-avec-dadn-orange-new-design-photo-realiste-fond-transparent-907576-2048x1593.jpg 2048w\" sizes=\"(max-width: 1024px) 100vw, 1024px\" \/>\t\t\t\t\t\t\t\t\t\t\t\t\t\t\t<\/div>\n\t\t\t\t<\/div>\n\t\t<div class=\"elementor-element elementor-element-de737f2 e-con-full e-flex e-con e-child\" data-id=\"de737f2\" data-element_type=\"container\" data-e-type=\"container\">\n\t\t\t\t<div class=\"elementor-element elementor-element-a83165c elementor-widget elementor-widget-text-editor\" data-id=\"a83165c\" data-element_type=\"widget\" data-e-type=\"widget\" data-widget_type=\"text-editor.default\">\n\t\t\t\t\t\t\t\t\t<div id=\"bgLayers_comp-m3bc62h11\" class=\"MW5IWV\" data-hook=\"bgLayers\" data-motion-part=\"BG_LAYER comp-m3bc62h11\"><div id=\"bgMedia_comp-m3bc62h11\" class=\"VgO9Yg\" data-motion-part=\"BG_MEDIA comp-m3bc62h11\"> <\/div><\/div><div class=\"\" data-mesh-id=\"comp-m3bc62h11inlineContent\" data-testid=\"inline-content\"><div data-mesh-id=\"comp-m3bc62h11inlineContent-gridContainer\" data-testid=\"mesh-container-content\"><div id=\"comp-m3bc62h28\" class=\"Z_l5lU ku3DBC zQ9jDz comp-m3bc62h28 wixui-rich-text\" data-testid=\"richTextElement\"><h2 class=\"font_2 wixui-rich-text__text\"><span style=\"text-decoration: underline;\"><strong><span class=\"wixui-rich-text__text\">A Novum teljes\u00edtm\u00e9nye<\/span><\/strong><\/span><\/h2><\/div><div id=\"comp-m3bc62h46\" class=\"Z_l5lU ku3DBC zQ9jDz comp-m3bc62h46 wixui-rich-text\" data-testid=\"richTextElement\"><p class=\"font_8 wixui-rich-text__text\"><span class=\"wixui-rich-text__text\">Ami a Novum h\u00edg\u00edt\u00f3ban kieg\u00e9sz\u00edt\u0151k\u00e9nt val\u00f3 alkalmaz\u00e1s\u00e1nak teljes\u00edtm\u00e9ny\u00e9t illeti<\/span><span class=\"wixui-rich-text__text\">, a f\u0151 hangs\u00faly a vemhess\u00e9gi ar\u00e1nyon \u00e9s az alomm\u00e9reten van. Mivel a teljes\u00edtm\u00e9ny sz\u00e1mos v\u00e1ltoz\u00f3t\u00f3l f\u00fcgg, bele\u00e9rtve a gazd\u00e1lkod\u00e1si m\u00f3dszereket, az anya\u00e1llat vonalakat \u00e9s az \u00e9vszakot, sz\u00fcks\u00e9ges kiterjedt k\u00eds\u00e9rleteket v\u00e9gezni v\u00e1ltoz\u00f3 k\u00f6r\u00fclm\u00e9nyek k\u00f6z\u00f6tt.<\/span><\/p><p class=\"font_8 wixui-rich-text__text\"><span class=\"wixui-rich-text__text\">Az els\u0151 k\u00eds\u00e9rleteket 2023 nyar\u00e1n \u00e9s az azt k\u00f6vet\u0151 id\u0151szakban v\u00e9gezt\u00e9k kis \u00e1llatcsoportokon. K\u00e9s\u0151bb abban az \u00e9vben tov\u00e1bbi k\u00eds\u00e9rleteket is v\u00e9geztek a Novum formula optimaliz\u00e1l\u00e1s\u00e1ra. Nagyszab\u00e1s\u00fa k\u00eds\u00e9rletek, amelyek sor\u00e1n t\u00f6bb sz\u00e1z n\u0151st\u00e9ny \u00e1llatot inszemin\u00e1ltak, csak 2024-ben kezd\u0151dtek.  <\/span><\/p><p class=\"font_8 wixui-rich-text__text\"><span class=\"wixui-rich-text__text\">2024-ben egy\u00fcttm\u0171k\u00f6d\u00e9s kezd\u0151d\u00f6tt k\u00fcl\u00f6nb\u00f6z\u0151 partnerekkel k\u00fcl\u00f6nb\u00f6z\u0151 orsz\u00e1gokban, bele\u00e9rtve Hollandi\u00e1t, Franciaorsz\u00e1got, Magyarorsz\u00e1got \u00e9s Olaszorsz\u00e1got. \u00c1ltal\u00e1noss\u00e1gban elmondhat\u00f3, hogy a Novum alkalmaz\u00e1sa megfelel\u0151 k\u00f6r\u00fclm\u00e9nyek k\u00f6z\u00f6tt magas, 80% feletti, n\u00e9ha k\u00f6zel 90%-os vemhess\u00e9gi ar\u00e1nyt eredm\u00e9nyez. Az alomm\u00e9ret ekkor 10 \u00e9s 12 k\u00f6z\u00f6tt mozog.   <\/span><\/p><p class=\"font_8 wixui-rich-text__text\"><span class=\"wixui-rich-text__text\">\u200b<\/span><span class=\"wixui-rich-text__text\">A teljes\u00edtm\u00e9ny mellett a Novum eltarthat\u00f3s\u00e1g\u00e1val kapcsolatban is v\u00e9geztek kutat\u00e1sokat. Elm\u00e9leti alapon legal\u00e1bb 2 \u00e9ves eltarthat\u00f3s\u00e1g v\u00e1rhat\u00f3, ha a Novumot -20 Celsius fokon t\u00e1rolj\u00e1k. Azonban a sz\u00e1ll\u00edt\u00e1sra \u2013 b\u00e1r h\u0171t\u00f6tt \u2013 is figyelemmel kell lenni. K\u00eds\u00e9rletek kimutatt\u00e1k, hogy a Novum legal\u00e1bb 9 h\u00f3napig hat\u00e9kony marad, mik\u00f6zben j\u00f3 teljes\u00edtm\u00e9nyt tart fenn. <\/span> <\/p><p class=\"font_8 wixui-rich-text__text\"><span class=\"wixui-rich-text__text\">A teljes\u00edtm\u00e9nyre \u00e9s eltarthat\u00f3s\u00e1gra vonatkoz\u00f3 k\u00eds\u00e9rletek k\u00fcl\u00f6nb\u00f6z\u0151 k\u00f6r\u00fclm\u00e9nyek k\u00f6z\u00f6tt folytat\u00f3dnak annak \u00e9rdek\u00e9ben, hogy min\u00e9l t\u00f6bb ismeretet gy\u0171jtsenek ezekr\u0151l a t\u00e9m\u00e1kr\u00f3l.<\/span><\/p><\/div><\/div><\/div>\t\t\t\t\t\t\t\t<\/div>\n\t\t\t\t<\/div>\n\t\t\t\t\t<\/div>\n\t\t\t\t<\/div>\n\t\t<div class=\"elementor-element elementor-element-412f0f8 e-flex e-con-boxed e-con e-parent\" data-id=\"412f0f8\" data-element_type=\"container\" data-e-type=\"container\">\n\t\t\t\t\t<div class=\"e-con-inner\">\n\t\t<div class=\"elementor-element elementor-element-ada6fbe e-con-full e-flex e-con e-child\" data-id=\"ada6fbe\" data-element_type=\"container\" data-e-type=\"container\">\n\t\t\t\t<div class=\"elementor-element elementor-element-4cc5c09 elementor-widget elementor-widget-text-editor\" data-id=\"4cc5c09\" data-element_type=\"widget\" data-e-type=\"widget\" data-widget_type=\"text-editor.default\">\n\t\t\t\t\t\t\t\t\t<div id=\"bgLayers_comp-m6uihgat1\" class=\"MW5IWV\" data-hook=\"bgLayers\" data-motion-part=\"BG_LAYER comp-m6uihgat1\"><div id=\"bgMedia_comp-m6uihgat1\" class=\"VgO9Yg\" data-motion-part=\"BG_MEDIA comp-m6uihgat1\"><strong style=\"font-size: 16px; text-decoration: underline;\"><span class=\"wixui-rich-text__text\">Novum molekul\u00e1ris mechanizmusa.<\/span><\/strong><\/div><div data-motion-part=\"BG_MEDIA comp-m6uihgat1\"> <\/div><\/div><div class=\"\" data-mesh-id=\"comp-m6uihgat1inlineContent\" data-testid=\"inline-content\"><div data-mesh-id=\"comp-m6uihgat1inlineContent-gridContainer\" data-testid=\"mesh-container-content\"><div id=\"comp-m6uihgay1\" class=\"MazNVa comp-m6uihgay1 wixui-image\" title=\"d5961d_13a1742004d948f3805f58db8414f7c8~mv2.png\"><div class=\"j7pOnl\" data-testid=\"linkElement\"><span style=\"font-size: 16px;\">Novum: Kulcs az NGF aktivit\u00e1s meghosszabb\u00edt\u00e1s\u00e1hoz<\/span><\/div><\/div><div id=\"comp-m6uij3wa\" class=\"Z_l5lU ku3DBC zQ9jDz comp-m6uij3wa wixui-rich-text\" data-testid=\"richTextElement\"><p class=\"font_8 wixui-rich-text__text\">A leg\u00fajabb irodalmi adatok, valamint saj\u00e1t k\u00eds\u00e9rletek is arra utalnak, hogy a Novum kulcsfontoss\u00e1g\u00fa szerepet j\u00e1tszik az idegn\u00f6veked\u00e9si faktor (NGF) meg\u0151rz\u00e9s\u00e9ben, amely a reprodukt\u00edv folyamatokban r\u00e9szt vev\u0151 kulcsfontoss\u00e1g\u00fa molekula. Ezt k\u00e9t els\u0151dleges mechanizmuson kereszt\u00fcl \u00e9ri el, amelyek seg\u00edtenek megakad\u00e1lyozni az NGF leboml\u00e1s\u00e1t a n\u0151st\u00e9ny reprodukt\u00edv traktus\u00e1ban \u00e9s a sperm\u00e1ban. <\/p><p class=\"font_8 wixui-rich-text__text\">Az els\u0151 mechanizmus proteolitikus enzim inhibitorokat foglal mag\u00e1ban. Ezek az inhibitorok specifikusan c\u00e9lozz\u00e1k \u00e9s cs\u00f6kkentik az NGF leboml\u00e1s\u00e1t, lehet\u0151v\u00e9 t\u00e9ve, hogy hosszabb ideig akt\u00edv maradjon. Az NGF jelenl\u00e9t\u00e9nek meghosszabb\u00edt\u00e1s\u00e1val a Novum n\u00f6veli a sikeres ovul\u00e1ci\u00f3 indukci\u00f3j\u00e1nak val\u00f3sz\u00edn\u0171s\u00e9g\u00e9t.  <\/p><p class=\"font_8 wixui-rich-text__text\">A m\u00e1sodik strat\u00e9gia a feh\u00e9rje-hidroliz\u00e1tumok k\u00f6r\u00fcl forog, amelyek peptidek komplex kever\u00e9kei, k\u00fcl\u00f6nb\u00f6z\u0151 forr\u00e1sokb\u00f3l, p\u00e9ld\u00e1ul tejsav\u00f3b\u00f3l, sz\u00f3j\u00e1b\u00f3l \u00e9s gabonaf\u00e9l\u00e9kb\u0151l sz\u00e1rmaznak. Ezek a hidroliz\u00e1tumok csalik\u00e9nt m\u0171k\u00f6dnek, lek\u00f6tik a proteolitikus enzimeket \u00e9s megakad\u00e1lyozz\u00e1k, hogy megt\u00e1madj\u00e1k az NGF-et. Ez szt\u00e9rikus g\u00e1tl\u00f3 hat\u00e1st hoz l\u00e9tre, hat\u00e9konyan v\u00e9dve az NGF-et \u00e9s n\u00f6velve annak biol\u00f3giai hozz\u00e1f\u00e9rhet\u0151s\u00e9g\u00e9t.  <\/p><p class=\"font_8 wixui-rich-text__text\">E k\u00e9t megk\u00f6zel\u00edt\u00e9s kombin\u00e1l\u00e1s\u00e1val a Novum jelent\u0151sen meghosszabb\u00edtja az NGF \u00e9lettartam\u00e1t a reprodukt\u00edv k\u00f6rnyezetben, n\u00f6velve annak hat\u00e9konys\u00e1g\u00e1t az ovul\u00e1ci\u00f3 \u00e9s a term\u00e9kenys\u00e9g t\u00e1mogat\u00e1s\u00e1ban.<\/p><\/div><\/div><\/div>\t\t\t\t\t\t\t\t<\/div>\n\t\t\t\t<\/div>\n\t\t<div class=\"elementor-element elementor-element-55e3f07 e-con-full e-flex e-con e-child\" data-id=\"55e3f07\" data-element_type=\"container\" data-e-type=\"container\">\n\t\t\t\t<div class=\"elementor-element elementor-element-4d1ad38 elementor-widget elementor-widget-image\" data-id=\"4d1ad38\" data-element_type=\"widget\" data-e-type=\"widget\" data-widget_type=\"image.default\">\n\t\t\t\t\t\t\t\t\t\t\t\t\t\t\t<img decoding=\"async\" width=\"1024\" height=\"796\" src=\"https:\/\/lepex-novum.com\/wp-content\/uploads\/2025\/09\/Firefly_spermatozoides-humains-au-microscope-vers-ovule-879941-1024x796.jpg\" class=\"attachment-large size-large wp-image-1335\" alt=\"\" srcset=\"https:\/\/lepex-novum.com\/wp-content\/uploads\/2025\/09\/Firefly_spermatozoides-humains-au-microscope-vers-ovule-879941-1024x796.jpg 1024w, https:\/\/lepex-novum.com\/wp-content\/uploads\/2025\/09\/Firefly_spermatozoides-humains-au-microscope-vers-ovule-879941-200x156.jpg 200w, https:\/\/lepex-novum.com\/wp-content\/uploads\/2025\/09\/Firefly_spermatozoides-humains-au-microscope-vers-ovule-879941-300x233.jpg 300w, https:\/\/lepex-novum.com\/wp-content\/uploads\/2025\/09\/Firefly_spermatozoides-humains-au-microscope-vers-ovule-879941-768x597.jpg 768w, https:\/\/lepex-novum.com\/wp-content\/uploads\/2025\/09\/Firefly_spermatozoides-humains-au-microscope-vers-ovule-879941-1536x1195.jpg 1536w, https:\/\/lepex-novum.com\/wp-content\/uploads\/2025\/09\/Firefly_spermatozoides-humains-au-microscope-vers-ovule-879941-2048x1593.jpg 2048w\" sizes=\"(max-width: 1024px) 100vw, 1024px\" \/>\t\t\t\t\t\t\t\t\t\t\t\t\t\t\t<\/div>\n\t\t\t\t<\/div>\n\t\t\t\t\t<\/div>\n\t\t\t\t<\/div>\n\t\t\t\t<\/div>\n\t\t","protected":false},"excerpt":{"rendered":"<p>A Novum egy narancss\u00e1rga sz\u00edn\u0171 por, amely ny\u00fal spermah\u00edg\u00edt\u00f3khoz adhat\u00f3 az ovul\u00e1ci\u00f3 \u00e9s a vemhess\u00e9g t\u00e1mogat\u00e1s\u00e1ra. Hat\u00e1sa a ny\u00fal sperma [&hellip;]<\/p>\n","protected":false},"author":1,"featured_media":0,"parent":0,"menu_order":0,"comment_status":"closed","ping_status":"closed","template":"","meta":{"site-sidebar-layout":"no-sidebar","site-content-layout":"","ast-site-content-layout":"full-width-container","site-content-style":"default","site-sidebar-style":"default","ast-global-header-display":"","ast-banner-title-visibility":"","ast-main-header-display":"","ast-hfb-above-header-display":"","ast-hfb-below-header-display":"","ast-hfb-mobile-header-display":"","site-post-title":"disabled","ast-breadcrumbs-content":"","ast-featured-img":"disabled","footer-sml-layout":"","ast-disable-related-posts":"","theme-transparent-header-meta":"","adv-header-id-meta":"","stick-header-meta":"","header-above-stick-meta":"","header-main-stick-meta":"","header-below-stick-meta":"","astra-migrate-meta-layouts":"default","ast-page-background-enabled":"default","ast-page-background-meta":{"desktop":{"background-color":"var(--ast-global-color-5)","background-image":"","background-repeat":"repeat","background-position":"center center","background-size":"auto","background-attachment":"scroll","background-type":"","background-media":"","overlay-type":"","overlay-color":"","overlay-opacity":"","overlay-gradient":""},"tablet":{"background-color":"","background-image":"","background-repeat":"repeat","background-position":"center center","background-size":"auto","background-attachment":"scroll","background-type":"","background-media":"","overlay-type":"","overlay-color":"","overlay-opacity":"","overlay-gradient":""},"mobile":{"background-color":"","background-image":"","background-repeat":"repeat","background-position":"center center","background-size":"auto","background-attachment":"scroll","background-type":"","background-media":"","overlay-type":"","overlay-color":"","overlay-opacity":"","overlay-gradient":""}},"ast-content-background-meta":{"desktop":{"background-color":"var(--ast-global-color-4)","background-image":"","background-repeat":"repeat","background-position":"center center","background-size":"auto","background-attachment":"scroll","background-type":"","background-media":"","overlay-type":"","overlay-color":"","overlay-opacity":"","overlay-gradient":""},"tablet":{"background-color":"var(--ast-global-color-4)","background-image":"","background-repeat":"repeat","background-position":"center center","background-size":"auto","background-attachment":"scroll","background-type":"","background-media":"","overlay-type":"","overlay-color":"","overlay-opacity":"","overlay-gradient":""},"mobile":{"background-color":"var(--ast-global-color-4)","background-image":"","background-repeat":"repeat","background-position":"center center","background-size":"auto","background-attachment":"scroll","background-type":"","background-media":"","overlay-type":"","overlay-color":"","overlay-opacity":"","overlay-gradient":""}},"footnotes":""},"class_list":["post-1330","page","type-page","status-publish","hentry"],"jetpack_sharing_enabled":true,"_links":{"self":[{"href":"https:\/\/lepex-novum.com\/hu\/wp-json\/wp\/v2\/pages\/1330","targetHints":{"allow":["GET"]}}],"collection":[{"href":"https:\/\/lepex-novum.com\/hu\/wp-json\/wp\/v2\/pages"}],"about":[{"href":"https:\/\/lepex-novum.com\/hu\/wp-json\/wp\/v2\/types\/page"}],"author":[{"embeddable":true,"href":"https:\/\/lepex-novum.com\/hu\/wp-json\/wp\/v2\/users\/1"}],"replies":[{"embeddable":true,"href":"https:\/\/lepex-novum.com\/hu\/wp-json\/wp\/v2\/comments?post=1330"}],"version-history":[{"count":1,"href":"https:\/\/lepex-novum.com\/hu\/wp-json\/wp\/v2\/pages\/1330\/revisions"}],"predecessor-version":[{"id":1336,"href":"https:\/\/lepex-novum.com\/hu\/wp-json\/wp\/v2\/pages\/1330\/revisions\/1336"}],"wp:attachment":[{"href":"https:\/\/lepex-novum.com\/hu\/wp-json\/wp\/v2\/media?parent=1330"}],"curies":[{"name":"wp","href":"https:\/\/api.w.org\/{rel}","templated":true}]}}