{"id":898,"date":"2025-09-26T09:28:26","date_gmt":"2025-09-26T09:28:26","guid":{"rendered":"https:\/\/lepex-novum.com\/novum\/"},"modified":"2025-10-23T15:59:33","modified_gmt":"2025-10-23T15:59:33","slug":"novum","status":"publish","type":"page","link":"https:\/\/lepex-novum.com\/fr\/novum\/","title":{"rendered":"Novum"},"content":{"rendered":"\t\t<div data-elementor-type=\"wp-page\" data-elementor-id=\"898\" class=\"elementor elementor-898 elementor-62\">\n\t\t\t\t<div class=\"elementor-element elementor-element-1d8dfdc e-flex e-con-boxed e-con e-parent\" data-id=\"1d8dfdc\" data-element_type=\"container\" data-e-type=\"container\">\n\t\t\t\t\t<div class=\"e-con-inner\">\n\t\t<div class=\"elementor-element elementor-element-00d761f e-con-full e-flex e-con e-child\" data-id=\"00d761f\" data-element_type=\"container\" data-e-type=\"container\">\n\t\t\t\t<div class=\"elementor-element elementor-element-6f1cb32 elementor-widget elementor-widget-text-editor\" data-id=\"6f1cb32\" data-element_type=\"widget\" data-e-type=\"widget\" data-widget_type=\"text-editor.default\">\n\t\t\t\t\t\t\t\t\t<p class=\"font_8 wixui-rich-text__text\"><span class=\"wixui-rich-text__text\">Novum est une poudre de couleur orange qui peut \u00eatre ajout\u00e9e aux diluants de semence de lapin pour favoriser l&rsquo;ovulation et la gestation. Son action repose sur la protection des composants de la semence de lapin qui induisent naturellement l&rsquo;ovulation. Par cons\u00e9quent, aucun enregistrement en tant que m\u00e9dicament v\u00e9t\u00e9rinaire n&rsquo;est requis pour pr\u00e9server ces facteurs inducteurs d&rsquo;ovulation. Il peut \u00eatre consid\u00e9r\u00e9 comme un compl\u00e9ment.   <\/span><\/p><p class=\"font_8 wixui-rich-text__text\"><span style=\"text-decoration: underline;\"><span class=\"wixui-rich-text__text\">Conditionnement<\/span><\/span><\/p><p class=\"font_8 wixui-rich-text__text\"><span class=\"wixui-rich-text__text\">La poudre Novum est conditionn\u00e9e dans des flacons en plastique, chacun contenant 2,4 grammes. Cette quantit\u00e9 de 2,4 grammes peut \u00eatre ajout\u00e9e \u00e0 500 ml de diluant de semence de lapin. Selon la quantit\u00e9 de diluant n\u00e9cessaire, le contenu d&rsquo;un seul flacon peut \u00eatre utilis\u00e9 enti\u00e8rement ou partiellement. Alternativement, d&rsquo;autres tailles de conditionnement peuvent \u00eatre produites sur demande.   <\/span><\/p><p class=\"font_8 wixui-rich-text__text\"><span style=\"text-decoration: underline;\"><span class=\"wixui-rich-text__text\">Instructions de conservation<\/span><\/span><\/p><p class=\"font_8 wixui-rich-text__text\"><span class=\"wixui-rich-text__text\">Novum est exp\u00e9di\u00e9 r\u00e9frig\u00e9r\u00e9. D\u00e8s r\u00e9ception, Novum doit \u00eatre conserv\u00e9 imm\u00e9diatement \u00e0 -20\u00b0C. <\/span><\/p><p class=\"font_8 wixui-rich-text__text\"><span style=\"text-decoration: underline;\"><span class=\"wixui-rich-text__text\">Mode d&#8217;emploi<\/span><\/span><\/p><p class=\"font_8 wixui-rich-text__text\"><span class=\"wixui-rich-text__text\">\u200b<\/span><span class=\"wixui-rich-text__text\">Avant d&rsquo;ajouter Novum au diluant, la poudre doit \u00eatre amen\u00e9e \u00e0 temp\u00e9rature ambiante. Vous pouvez sortir un flacon du cong\u00e9lateur soit la veille de l&rsquo;utilisation, soit le jour de l&rsquo;utilisation. Si vous l&rsquo;amenez \u00e0 temp\u00e9rature ambiante le jour de l&rsquo;utilisation, faites rouler le flacon entre vos mains pour acc\u00e9l\u00e9rer le processus.<\/span><\/p><p class=\"font_8 wixui-rich-text__text\"><span class=\"wixui-rich-text__text\"> <\/span><span class=\"wixui-rich-text__text\">La quantit\u00e9 recommand\u00e9e de poudre par quantit\u00e9 de diluant est la suivante : 2,4 grammes de poudre doivent \u00eatre ajout\u00e9s \u00e0 500 ml de diluant. Lors de l&rsquo;ajout de la poudre au diluant, m\u00e9langez lentement pour \u00e9viter la formation de grumeaux, bien que la poudre soit facilement soluble dans le milieu utilis\u00e9 pour diluer la semence de lapin. Vous pouvez utiliser tout diluant disponible dans le commerce.  <\/span><\/p><p class=\"font_8 wixui-rich-text__text\"><span class=\"wixui-rich-text__text\">Le d\u00e9lai entre l&rsquo;ajout de Novum au diluant et l&rsquo;ins\u00e9mination doit \u00eatre maintenu aussi court que possible. Pour obtenir des r\u00e9sultats acceptables, le d\u00e9lai maximum autoris\u00e9 entre l&rsquo;ajout de Novum et l&rsquo;ins\u00e9mination est de 12 heures. <\/span><\/p>\t\t\t\t\t\t\t\t<\/div>\n\t\t\t\t<\/div>\n\t\t<div class=\"elementor-element elementor-element-6126566 e-con-full e-flex e-con e-child\" data-id=\"6126566\" data-element_type=\"container\" data-e-type=\"container\">\n\t\t\t\t<div class=\"elementor-element elementor-element-3a66360 elementor-widget elementor-widget-image\" data-id=\"3a66360\" data-element_type=\"widget\" data-e-type=\"widget\" data-widget_type=\"image.default\">\n\t\t\t\t\t\t\t\t\t\t\t\t\t\t\t<img fetchpriority=\"high\" decoding=\"async\" width=\"1024\" height=\"1024\" src=\"https:\/\/lepex-novum.com\/wp-content\/uploads\/2025\/09\/ChatGPT-Image-26-sept.-2025-a-13_29_50.png\" class=\"attachment-large size-large wp-image-900\" alt=\"\" srcset=\"https:\/\/lepex-novum.com\/wp-content\/uploads\/2025\/09\/ChatGPT-Image-26-sept.-2025-a-13_29_50.png 1024w, https:\/\/lepex-novum.com\/wp-content\/uploads\/2025\/09\/ChatGPT-Image-26-sept.-2025-a-13_29_50-200x200.png 200w, https:\/\/lepex-novum.com\/wp-content\/uploads\/2025\/09\/ChatGPT-Image-26-sept.-2025-a-13_29_50-100x100.png 100w, https:\/\/lepex-novum.com\/wp-content\/uploads\/2025\/09\/ChatGPT-Image-26-sept.-2025-a-13_29_50-300x300.png 300w, https:\/\/lepex-novum.com\/wp-content\/uploads\/2025\/09\/ChatGPT-Image-26-sept.-2025-a-13_29_50-150x150.png 150w, https:\/\/lepex-novum.com\/wp-content\/uploads\/2025\/09\/ChatGPT-Image-26-sept.-2025-a-13_29_50-768x768.png 768w\" sizes=\"(max-width: 1024px) 100vw, 1024px\" \/>\t\t\t\t\t\t\t\t\t\t\t\t\t\t\t<\/div>\n\t\t\t\t<\/div>\n\t\t\t\t\t<\/div>\n\t\t\t\t<\/div>\n\t\t<div class=\"elementor-element elementor-element-56c8d7c e-flex e-con-boxed e-con e-parent\" data-id=\"56c8d7c\" data-element_type=\"container\" data-e-type=\"container\">\n\t\t\t\t\t<div class=\"e-con-inner\">\n\t\t<div class=\"elementor-element elementor-element-26d2947 e-con-full e-flex e-con e-child\" data-id=\"26d2947\" data-element_type=\"container\" data-e-type=\"container\">\n\t\t\t\t<div class=\"elementor-element elementor-element-b83c24d elementor-widget elementor-widget-image\" data-id=\"b83c24d\" data-element_type=\"widget\" data-e-type=\"widget\" data-widget_type=\"image.default\">\n\t\t\t\t\t\t\t\t\t\t\t\t\t\t\t<img decoding=\"async\" width=\"1024\" height=\"796\" src=\"https:\/\/lepex-novum.com\/wp-content\/uploads\/2025\/09\/Firefly_lapin-avec-dadn-orange-new-design-photo-realiste-fond-transparent-907576-1024x796.jpg\" class=\"attachment-large size-large wp-image-901\" alt=\"\" srcset=\"https:\/\/lepex-novum.com\/wp-content\/uploads\/2025\/09\/Firefly_lapin-avec-dadn-orange-new-design-photo-realiste-fond-transparent-907576-1024x796.jpg 1024w, https:\/\/lepex-novum.com\/wp-content\/uploads\/2025\/09\/Firefly_lapin-avec-dadn-orange-new-design-photo-realiste-fond-transparent-907576-200x156.jpg 200w, https:\/\/lepex-novum.com\/wp-content\/uploads\/2025\/09\/Firefly_lapin-avec-dadn-orange-new-design-photo-realiste-fond-transparent-907576-300x233.jpg 300w, https:\/\/lepex-novum.com\/wp-content\/uploads\/2025\/09\/Firefly_lapin-avec-dadn-orange-new-design-photo-realiste-fond-transparent-907576-768x597.jpg 768w, https:\/\/lepex-novum.com\/wp-content\/uploads\/2025\/09\/Firefly_lapin-avec-dadn-orange-new-design-photo-realiste-fond-transparent-907576-1536x1195.jpg 1536w, https:\/\/lepex-novum.com\/wp-content\/uploads\/2025\/09\/Firefly_lapin-avec-dadn-orange-new-design-photo-realiste-fond-transparent-907576-2048x1593.jpg 2048w\" sizes=\"(max-width: 1024px) 100vw, 1024px\" \/>\t\t\t\t\t\t\t\t\t\t\t\t\t\t\t<\/div>\n\t\t\t\t<\/div>\n\t\t<div class=\"elementor-element elementor-element-de737f2 e-con-full e-flex e-con e-child\" data-id=\"de737f2\" data-element_type=\"container\" data-e-type=\"container\">\n\t\t\t\t<div class=\"elementor-element elementor-element-a83165c elementor-widget elementor-widget-text-editor\" data-id=\"a83165c\" data-element_type=\"widget\" data-e-type=\"widget\" data-widget_type=\"text-editor.default\">\n\t\t\t\t\t\t\t\t\t<div id=\"bgLayers_comp-m3bc62h11\" class=\"MW5IWV\" data-hook=\"bgLayers\" data-motion-part=\"BG_LAYER comp-m3bc62h11\"><div id=\"bgMedia_comp-m3bc62h11\" class=\"VgO9Yg\" data-motion-part=\"BG_MEDIA comp-m3bc62h11\"> <\/div><\/div><div class=\"\" data-mesh-id=\"comp-m3bc62h11inlineContent\" data-testid=\"inline-content\"><div data-mesh-id=\"comp-m3bc62h11inlineContent-gridContainer\" data-testid=\"mesh-container-content\"><div id=\"comp-m3bc62h28\" class=\"Z_l5lU ku3DBC zQ9jDz comp-m3bc62h28 wixui-rich-text\" data-testid=\"richTextElement\"><h2 class=\"font_2 wixui-rich-text__text\"><span style=\"text-decoration: underline;\"><strong><span class=\"wixui-rich-text__text\">Performance de Novum<\/span><\/strong><\/span><\/h2><\/div><div id=\"comp-m3bc62h46\" class=\"Z_l5lU ku3DBC zQ9jDz comp-m3bc62h46 wixui-rich-text\" data-testid=\"richTextElement\"><p class=\"font_8 wixui-rich-text__text\"><span class=\"wixui-rich-text__text\">En ce qui concerne la performance de l&rsquo;utilisation de Novum comme compl\u00e9ment dans un diluant<\/span><span class=\"wixui-rich-text__text\">, l&rsquo;accent principal est mis sur le taux de gestation et la taille de la port\u00e9e. \u00c9tant donn\u00e9 que la performance d\u00e9pend de nombreuses variables, notamment la gestion de l&rsquo;\u00e9levage, les lign\u00e9es parentales et la saison, il est n\u00e9cessaire de mener des exp\u00e9riences approfondies dans des conditions vari\u00e9es.<\/span><\/p><p class=\"font_8 wixui-rich-text__text\"><span class=\"wixui-rich-text__text\">Les premi\u00e8res exp\u00e9riences ont \u00e9t\u00e9 men\u00e9es pendant et apr\u00e8s l&rsquo;\u00e9t\u00e9 2023 en utilisant de petits groupes d&rsquo;animaux. Plus tard dans l&rsquo;ann\u00e9e, des exp\u00e9riences de suivi ont \u00e9galement \u00e9t\u00e9 r\u00e9alis\u00e9es pour optimiser la formule de Novum. Les exp\u00e9riences \u00e0 grande \u00e9chelle, dans lesquelles plusieurs centaines de femelles ont \u00e9t\u00e9 ins\u00e9min\u00e9es, n&rsquo;ont commenc\u00e9 qu&rsquo;en 2024.  <\/span><\/p><p class=\"font_8 wixui-rich-text__text\"><span class=\"wixui-rich-text__text\">En 2024, une collaboration a commenc\u00e9 avec diverses parties dans diff\u00e9rents pays, notamment les Pays-Bas, la France, la Hongrie et l&rsquo;Italie. De mani\u00e8re g\u00e9n\u00e9rale, nous pouvons dire que l&rsquo;application de Novum, dans les bonnes conditions, aboutit \u00e0 un taux de gestation dans les 80 % \u00e9lev\u00e9s et parfois pr\u00e8s de 90 %. La taille de la port\u00e9e varie alors entre 10 et 12.   <\/span><\/p><p class=\"font_8 wixui-rich-text__text\"><span class=\"wixui-rich-text__text\">\u200b<\/span><span class=\"wixui-rich-text__text\">En plus de la performance, des recherches ont \u00e9galement \u00e9t\u00e9 men\u00e9es sur la dur\u00e9e de conservation de Novum. Sur la base de consid\u00e9rations th\u00e9oriques, une dur\u00e9e de conservation d&rsquo;au moins 2 ans est attendue lorsque Novum est conserv\u00e9 \u00e0 -20 degr\u00e9s Celsius. Cependant, le transport \u2014 bien que r\u00e9frig\u00e9r\u00e9 \u2014 doit \u00e9galement \u00eatre pris en compte. Les exp\u00e9riences ont montr\u00e9 que Novum reste efficace pendant au moins 9 mois tout en maintenant de bonnes performances.<\/span> <\/p><p class=\"font_8 wixui-rich-text__text\"><span class=\"wixui-rich-text__text\">Les exp\u00e9riences sur la performance et la dur\u00e9e de conservation dans diverses conditions se poursuivront afin de rassembler le plus de connaissances possible sur ces sujets.<\/span><\/p><\/div><\/div><\/div>\t\t\t\t\t\t\t\t<\/div>\n\t\t\t\t<\/div>\n\t\t\t\t\t<\/div>\n\t\t\t\t<\/div>\n\t\t<div class=\"elementor-element elementor-element-412f0f8 e-flex e-con-boxed e-con e-parent\" data-id=\"412f0f8\" data-element_type=\"container\" data-e-type=\"container\">\n\t\t\t\t\t<div class=\"e-con-inner\">\n\t\t<div class=\"elementor-element elementor-element-ada6fbe e-con-full e-flex e-con e-child\" data-id=\"ada6fbe\" data-element_type=\"container\" data-e-type=\"container\">\n\t\t\t\t<div class=\"elementor-element elementor-element-4cc5c09 elementor-widget elementor-widget-text-editor\" data-id=\"4cc5c09\" data-element_type=\"widget\" data-e-type=\"widget\" data-widget_type=\"text-editor.default\">\n\t\t\t\t\t\t\t\t\t<div id=\"bgLayers_comp-m6uihgat1\" class=\"MW5IWV\" data-hook=\"bgLayers\" data-motion-part=\"BG_LAYER comp-m6uihgat1\"><div id=\"bgMedia_comp-m6uihgat1\" class=\"VgO9Yg\" data-motion-part=\"BG_MEDIA comp-m6uihgat1\"><strong style=\"font-size: 16px; text-decoration: underline;\"><span class=\"wixui-rich-text__text\">M\u00e9canisme mol\u00e9culaire de Novum.<\/span><\/strong><\/div><div data-motion-part=\"BG_MEDIA comp-m6uihgat1\"> <\/div><\/div><div class=\"\" data-mesh-id=\"comp-m6uihgat1inlineContent\" data-testid=\"inline-content\"><div data-mesh-id=\"comp-m6uihgat1inlineContent-gridContainer\" data-testid=\"mesh-container-content\"><div id=\"comp-m6uihgay1\" class=\"MazNVa comp-m6uihgay1 wixui-image\" title=\"d5961d_13a1742004d948f3805f58db8414f7c8~mv2.png\"><div class=\"j7pOnl\" data-testid=\"linkElement\"><span style=\"font-size: 16px;\">Novum : une cl\u00e9 pour prolonger l&rsquo;activit\u00e9 du NGF<\/span><\/div><\/div><div id=\"comp-m6uij3wa\" class=\"Z_l5lU ku3DBC zQ9jDz comp-m6uij3wa wixui-rich-text\" data-testid=\"richTextElement\"><p class=\"font_8 wixui-rich-text__text\">Des preuves r\u00e9centes de la litt\u00e9rature ainsi que nos propres exp\u00e9riences sugg\u00e8rent que Novum joue un r\u00f4le crucial dans la pr\u00e9servation du facteur de croissance nerveuse (NGF), une mol\u00e9cule cl\u00e9 impliqu\u00e9e dans les processus reproductifs. Il y parvient gr\u00e2ce \u00e0 deux m\u00e9canismes principaux qui aident \u00e0 pr\u00e9venir la d\u00e9gradation du NGF dans l&rsquo;appareil reproducteur femelle et la semence. <\/p><p class=\"font_8 wixui-rich-text__text\">Le premier m\u00e9canisme implique des inhibiteurs d&rsquo;enzymes prot\u00e9olytiques. Ces inhibiteurs ciblent sp\u00e9cifiquement et r\u00e9duisent la d\u00e9gradation du NGF, lui permettant de rester actif pendant une p\u00e9riode plus longue. En prolongeant la pr\u00e9sence du NGF, Novum augmente la probabilit\u00e9 d&rsquo;une induction d&rsquo;ovulation r\u00e9ussie.  <\/p><p class=\"font_8 wixui-rich-text__text\">La seconde strat\u00e9gie s&rsquo;articule autour d&rsquo;hydrolysats de prot\u00e9ines, un m\u00e9lange complexe de peptides d\u00e9riv\u00e9s de diverses sources telles que le lactos\u00e9rum, le soja et les c\u00e9r\u00e9ales. Ces hydrolysats agissent comme des leurres, engageant les enzymes prot\u00e9olytiques et les emp\u00eachant d&rsquo;attaquer le NGF. Cela cr\u00e9e un effet d&rsquo;encombrement st\u00e9rique, prot\u00e9geant efficacement le NGF et am\u00e9liorant sa biodisponibilit\u00e9.  <\/p><p class=\"font_8 wixui-rich-text__text\">En combinant ces deux approches, Novum prolonge consid\u00e9rablement la dur\u00e9e de vie du NGF dans l&rsquo;environnement reproductif, augmentant son efficacit\u00e9 pour favoriser l&rsquo;ovulation et la fertilit\u00e9.<\/p><\/div><\/div><\/div>\t\t\t\t\t\t\t\t<\/div>\n\t\t\t\t<\/div>\n\t\t<div class=\"elementor-element elementor-element-55e3f07 e-con-full e-flex e-con e-child\" data-id=\"55e3f07\" data-element_type=\"container\" data-e-type=\"container\">\n\t\t\t\t<div class=\"elementor-element elementor-element-4d1ad38 elementor-widget elementor-widget-image\" data-id=\"4d1ad38\" data-element_type=\"widget\" data-e-type=\"widget\" data-widget_type=\"image.default\">\n\t\t\t\t\t\t\t\t\t\t\t\t\t\t\t<img decoding=\"async\" width=\"1024\" height=\"796\" src=\"https:\/\/lepex-novum.com\/wp-content\/uploads\/2025\/09\/Firefly_spermatozoides-humains-au-microscope-vers-ovule-879941-1024x796.jpg\" class=\"attachment-large size-large wp-image-902\" alt=\"\" srcset=\"https:\/\/lepex-novum.com\/wp-content\/uploads\/2025\/09\/Firefly_spermatozoides-humains-au-microscope-vers-ovule-879941-1024x796.jpg 1024w, https:\/\/lepex-novum.com\/wp-content\/uploads\/2025\/09\/Firefly_spermatozoides-humains-au-microscope-vers-ovule-879941-200x156.jpg 200w, https:\/\/lepex-novum.com\/wp-content\/uploads\/2025\/09\/Firefly_spermatozoides-humains-au-microscope-vers-ovule-879941-300x233.jpg 300w, https:\/\/lepex-novum.com\/wp-content\/uploads\/2025\/09\/Firefly_spermatozoides-humains-au-microscope-vers-ovule-879941-768x597.jpg 768w, https:\/\/lepex-novum.com\/wp-content\/uploads\/2025\/09\/Firefly_spermatozoides-humains-au-microscope-vers-ovule-879941-1536x1195.jpg 1536w, https:\/\/lepex-novum.com\/wp-content\/uploads\/2025\/09\/Firefly_spermatozoides-humains-au-microscope-vers-ovule-879941-2048x1593.jpg 2048w\" sizes=\"(max-width: 1024px) 100vw, 1024px\" \/>\t\t\t\t\t\t\t\t\t\t\t\t\t\t\t<\/div>\n\t\t\t\t<\/div>\n\t\t\t\t\t<\/div>\n\t\t\t\t<\/div>\n\t\t\t\t<\/div>\n\t\t","protected":false},"excerpt":{"rendered":"<p>Novum est une poudre de couleur orange qui peut \u00eatre ajout\u00e9e aux diluants de semence de lapin pour favoriser l&rsquo;ovulation [&hellip;]<\/p>\n","protected":false},"author":1,"featured_media":0,"parent":0,"menu_order":0,"comment_status":"closed","ping_status":"closed","template":"","meta":{"site-sidebar-layout":"no-sidebar","site-content-layout":"","ast-site-content-layout":"full-width-container","site-content-style":"default","site-sidebar-style":"default","ast-global-header-display":"","ast-banner-title-visibility":"","ast-main-header-display":"","ast-hfb-above-header-display":"","ast-hfb-below-header-display":"","ast-hfb-mobile-header-display":"","site-post-title":"disabled","ast-breadcrumbs-content":"","ast-featured-img":"disabled","footer-sml-layout":"","ast-disable-related-posts":"","theme-transparent-header-meta":"","adv-header-id-meta":"","stick-header-meta":"","header-above-stick-meta":"","header-main-stick-meta":"","header-below-stick-meta":"","astra-migrate-meta-layouts":"default","ast-page-background-enabled":"default","ast-page-background-meta":{"desktop":{"background-color":"var(--ast-global-color-5)","background-image":"","background-repeat":"repeat","background-position":"center center","background-size":"auto","background-attachment":"scroll","background-type":"","background-media":"","overlay-type":"","overlay-color":"","overlay-opacity":"","overlay-gradient":""},"tablet":{"background-color":"","background-image":"","background-repeat":"repeat","background-position":"center center","background-size":"auto","background-attachment":"scroll","background-type":"","background-media":"","overlay-type":"","overlay-color":"","overlay-opacity":"","overlay-gradient":""},"mobile":{"background-color":"","background-image":"","background-repeat":"repeat","background-position":"center center","background-size":"auto","background-attachment":"scroll","background-type":"","background-media":"","overlay-type":"","overlay-color":"","overlay-opacity":"","overlay-gradient":""}},"ast-content-background-meta":{"desktop":{"background-color":"var(--ast-global-color-4)","background-image":"","background-repeat":"repeat","background-position":"center center","background-size":"auto","background-attachment":"scroll","background-type":"","background-media":"","overlay-type":"","overlay-color":"","overlay-opacity":"","overlay-gradient":""},"tablet":{"background-color":"var(--ast-global-color-4)","background-image":"","background-repeat":"repeat","background-position":"center center","background-size":"auto","background-attachment":"scroll","background-type":"","background-media":"","overlay-type":"","overlay-color":"","overlay-opacity":"","overlay-gradient":""},"mobile":{"background-color":"var(--ast-global-color-4)","background-image":"","background-repeat":"repeat","background-position":"center center","background-size":"auto","background-attachment":"scroll","background-type":"","background-media":"","overlay-type":"","overlay-color":"","overlay-opacity":"","overlay-gradient":""}},"footnotes":""},"class_list":["post-898","page","type-page","status-publish","hentry"],"jetpack_sharing_enabled":true,"_links":{"self":[{"href":"https:\/\/lepex-novum.com\/fr\/wp-json\/wp\/v2\/pages\/898","targetHints":{"allow":["GET"]}}],"collection":[{"href":"https:\/\/lepex-novum.com\/fr\/wp-json\/wp\/v2\/pages"}],"about":[{"href":"https:\/\/lepex-novum.com\/fr\/wp-json\/wp\/v2\/types\/page"}],"author":[{"embeddable":true,"href":"https:\/\/lepex-novum.com\/fr\/wp-json\/wp\/v2\/users\/1"}],"replies":[{"embeddable":true,"href":"https:\/\/lepex-novum.com\/fr\/wp-json\/wp\/v2\/comments?post=898"}],"version-history":[{"count":1,"href":"https:\/\/lepex-novum.com\/fr\/wp-json\/wp\/v2\/pages\/898\/revisions"}],"predecessor-version":[{"id":903,"href":"https:\/\/lepex-novum.com\/fr\/wp-json\/wp\/v2\/pages\/898\/revisions\/903"}],"wp:attachment":[{"href":"https:\/\/lepex-novum.com\/fr\/wp-json\/wp\/v2\/media?parent=898"}],"curies":[{"name":"wp","href":"https:\/\/api.w.org\/{rel}","templated":true}]}}