{"id":849,"date":"2025-10-02T13:31:33","date_gmt":"2025-10-02T12:31:33","guid":{"rendered":"https:\/\/lepex-novum.com\/lepex-novum\/"},"modified":"2026-02-26T15:16:39","modified_gmt":"2026-02-26T14:16:39","slug":"lepex-novum","status":"publish","type":"page","link":"https:\/\/lepex-novum.com\/fr\/lepex-novum\/","title":{"rendered":"Lepex-novum"},"content":{"rendered":"\t\t<div data-elementor-type=\"wp-page\" data-elementor-id=\"849\" class=\"elementor elementor-849 elementor-350\">\n\t\t\t\t<div class=\"elementor-element elementor-element-be42f96 e-flex e-con-boxed e-con e-parent\" data-id=\"be42f96\" data-element_type=\"container\" data-e-type=\"container\">\n\t\t\t\t\t<div class=\"e-con-inner\">\n\t\t\t\t<div class=\"elementor-element elementor-element-651c71e elementor-widget elementor-widget-image\" data-id=\"651c71e\" data-element_type=\"widget\" data-e-type=\"widget\" data-widget_type=\"image.default\">\n\t\t\t\t\t\t\t\t\t\t\t\t\t\t\t<img fetchpriority=\"high\" decoding=\"async\" width=\"300\" height=\"300\" src=\"https:\/\/lepex-novum.com\/wp-content\/uploads\/2025\/09\/Logo-Novum-copie-300x300.jpg\" class=\"attachment-medium size-medium wp-image-45\" alt=\"\" srcset=\"https:\/\/lepex-novum.com\/wp-content\/uploads\/2025\/09\/Logo-Novum-copie-300x300.jpg 300w, https:\/\/lepex-novum.com\/wp-content\/uploads\/2025\/09\/Logo-Novum-copie-200x200.jpg 200w, https:\/\/lepex-novum.com\/wp-content\/uploads\/2025\/09\/Logo-Novum-copie-100x100.jpg 100w, https:\/\/lepex-novum.com\/wp-content\/uploads\/2025\/09\/Logo-Novum-copie-150x150.jpg 150w, https:\/\/lepex-novum.com\/wp-content\/uploads\/2025\/09\/Logo-Novum-copie-768x768.jpg 768w, https:\/\/lepex-novum.com\/wp-content\/uploads\/2025\/09\/Logo-Novum-copie.jpg 1024w\" sizes=\"(max-width: 300px) 100vw, 300px\" \/>\t\t\t\t\t\t\t\t\t\t\t\t\t\t\t<\/div>\n\t\t\t\t<div class=\"elementor-element elementor-element-0e3b1ec elementor-widget elementor-widget-text-editor\" data-id=\"0e3b1ec\" data-element_type=\"widget\" data-e-type=\"widget\" data-widget_type=\"text-editor.default\">\n\t\t\t\t\t\t\t\t\t<div><p><strong><span lang=\"NL-BE\">R\u00e9volutionner l&rsquo;\u00e9levage de lapins gr\u00e2ce \u00e0 la technologie de dilueur assist\u00e9e par IA<\/span><\/strong><\/p><\/div><div><p><b>LEPEX-NOVUM<\/b> est un dilueur de pointe con\u00e7u sp\u00e9cifiquement pour am\u00e9liorer l&rsquo;ins\u00e9mination artificielle (IA) dans l&rsquo;\u00e9levage de lapins. En int\u00e9grant la plateforme avanc\u00e9e NOVUM au syst\u00e8me \u00e9prouv\u00e9 de dilueur LEPEX, cette solution innovante optimise la conservation et la viabilit\u00e9 des spermatozo\u00efdes, am\u00e9liorant ainsi les taux de r\u00e9ussite de reproduction et l&rsquo;efficacit\u00e9 de l&rsquo;\u00e9levage (taille de la port\u00e9e). <\/p><\/div><div><p>Avec <b>LEPEX-NOVUM<\/b>, les \u00e9leveurs b\u00e9n\u00e9ficient d&rsquo;une formulation et d&rsquo;une technologie de pointe qui favorisent une meilleure motilit\u00e9 et long\u00e9vit\u00e9 des spermatozo\u00efdes, permettant des taux de f\u00e9condation plus \u00e9lev\u00e9s et des port\u00e9es plus saines. Ce nouveau dilueur r\u00e9pond non seulement aux d\u00e9fis biologiques uniques de la reproduction des lapins, mais permet \u00e9galement aux \u00e9leveurs d&rsquo;exploiter les techniques d&rsquo;IA pour des programmes d&rsquo;\u00e9levage plus pr\u00e9cis, contr\u00f4l\u00e9s et durables. <\/p><\/div><div><p>En combinant innovation scientifique et application pratique, <b>LEPEX-NOVUM<\/b> est destin\u00e9 \u00e0 transformer les pratiques d&rsquo;\u00e9levage de lapins, rendant l&rsquo;ins\u00e9mination artificielle plus fiable et productive que jamais.<\/p><\/div>\t\t\t\t\t\t\t\t<\/div>\n\t\t\t\t\t<\/div>\n\t\t\t\t<\/div>\n\t\t\t\t<\/div>\n\t\t","protected":false},"excerpt":{"rendered":"<p>R\u00e9volutionner l&rsquo;\u00e9levage de lapins gr\u00e2ce \u00e0 la technologie de dilueur assist\u00e9e par IA LEPEX-NOVUM est un dilueur de pointe con\u00e7u [&hellip;]<\/p>\n","protected":false},"author":1,"featured_media":0,"parent":0,"menu_order":0,"comment_status":"closed","ping_status":"closed","template":"","meta":{"site-sidebar-layout":"no-sidebar","site-content-layout":"","ast-site-content-layout":"full-width-container","site-content-style":"default","site-sidebar-style":"default","ast-global-header-display":"","ast-banner-title-visibility":"","ast-main-header-display":"","ast-hfb-above-header-display":"","ast-hfb-below-header-display":"","ast-hfb-mobile-header-display":"","site-post-title":"disabled","ast-breadcrumbs-content":"","ast-featured-img":"disabled","footer-sml-layout":"","ast-disable-related-posts":"","theme-transparent-header-meta":"","adv-header-id-meta":"","stick-header-meta":"","header-above-stick-meta":"","header-main-stick-meta":"","header-below-stick-meta":"","astra-migrate-meta-layouts":"default","ast-page-background-enabled":"default","ast-page-background-meta":{"desktop":{"background-color":"var(--ast-global-color-5)","background-image":"","background-repeat":"repeat","background-position":"center center","background-size":"auto","background-attachment":"scroll","background-type":"","background-media":"","overlay-type":"","overlay-color":"","overlay-opacity":"","overlay-gradient":""},"tablet":{"background-color":"","background-image":"","background-repeat":"repeat","background-position":"center center","background-size":"auto","background-attachment":"scroll","background-type":"","background-media":"","overlay-type":"","overlay-color":"","overlay-opacity":"","overlay-gradient":""},"mobile":{"background-color":"","background-image":"","background-repeat":"repeat","background-position":"center center","background-size":"auto","background-attachment":"scroll","background-type":"","background-media":"","overlay-type":"","overlay-color":"","overlay-opacity":"","overlay-gradient":""}},"ast-content-background-meta":{"desktop":{"background-color":"var(--ast-global-color-4)","background-image":"","background-repeat":"repeat","background-position":"center center","background-size":"auto","background-attachment":"scroll","background-type":"","background-media":"","overlay-type":"","overlay-color":"","overlay-opacity":"","overlay-gradient":""},"tablet":{"background-color":"var(--ast-global-color-4)","background-image":"","background-repeat":"repeat","background-position":"center center","background-size":"auto","background-attachment":"scroll","background-type":"","background-media":"","overlay-type":"","overlay-color":"","overlay-opacity":"","overlay-gradient":""},"mobile":{"background-color":"var(--ast-global-color-4)","background-image":"","background-repeat":"repeat","background-position":"center center","background-size":"auto","background-attachment":"scroll","background-type":"","background-media":"","overlay-type":"","overlay-color":"","overlay-opacity":"","overlay-gradient":""}},"footnotes":""},"class_list":["post-849","page","type-page","status-publish","hentry"],"jetpack_sharing_enabled":true,"_links":{"self":[{"href":"https:\/\/lepex-novum.com\/fr\/wp-json\/wp\/v2\/pages\/849","targetHints":{"allow":["GET"]}}],"collection":[{"href":"https:\/\/lepex-novum.com\/fr\/wp-json\/wp\/v2\/pages"}],"about":[{"href":"https:\/\/lepex-novum.com\/fr\/wp-json\/wp\/v2\/types\/page"}],"author":[{"embeddable":true,"href":"https:\/\/lepex-novum.com\/fr\/wp-json\/wp\/v2\/users\/1"}],"replies":[{"embeddable":true,"href":"https:\/\/lepex-novum.com\/fr\/wp-json\/wp\/v2\/comments?post=849"}],"version-history":[{"count":1,"href":"https:\/\/lepex-novum.com\/fr\/wp-json\/wp\/v2\/pages\/849\/revisions"}],"predecessor-version":[{"id":851,"href":"https:\/\/lepex-novum.com\/fr\/wp-json\/wp\/v2\/pages\/849\/revisions\/851"}],"wp:attachment":[{"href":"https:\/\/lepex-novum.com\/fr\/wp-json\/wp\/v2\/media?parent=849"}],"curies":[{"name":"wp","href":"https:\/\/api.w.org\/{rel}","templated":true}]}}