{"id":830,"date":"2025-10-02T13:50:11","date_gmt":"2025-10-02T13:50:11","guid":{"rendered":"https:\/\/lepex-novum.com\/lepex\/"},"modified":"2025-10-27T10:57:23","modified_gmt":"2025-10-27T10:57:23","slug":"lepex","status":"publish","type":"page","link":"https:\/\/lepex-novum.com\/fr\/lepex\/","title":{"rendered":"Lepex"},"content":{"rendered":"\t\t<div data-elementor-type=\"wp-page\" data-elementor-id=\"830\" class=\"elementor elementor-830 elementor-383\">\n\t\t\t\t<div class=\"elementor-element elementor-element-db28b60 e-flex e-con-boxed e-con e-parent\" data-id=\"db28b60\" data-element_type=\"container\" data-e-type=\"container\">\n\t\t\t\t\t<div class=\"e-con-inner\">\n\t\t\t\t<div class=\"elementor-element elementor-element-16c6a37 elementor-widget elementor-widget-image\" data-id=\"16c6a37\" data-element_type=\"widget\" data-e-type=\"widget\" data-widget_type=\"image.default\">\n\t\t\t\t\t\t\t\t\t\t\t\t\t\t\t<img fetchpriority=\"high\" decoding=\"async\" width=\"768\" height=\"597\" src=\"https:\/\/lepex-novum.com\/wp-content\/uploads\/2025\/10\/Lepex-fermiere-copie2-768x597.jpg\" class=\"attachment-medium_large size-medium_large wp-image-834\" alt=\"\" srcset=\"https:\/\/lepex-novum.com\/wp-content\/uploads\/2025\/10\/Lepex-fermiere-copie2-768x597.jpg 768w, https:\/\/lepex-novum.com\/wp-content\/uploads\/2025\/10\/Lepex-fermiere-copie2-200x156.jpg 200w, https:\/\/lepex-novum.com\/wp-content\/uploads\/2025\/10\/Lepex-fermiere-copie2-300x233.jpg 300w, https:\/\/lepex-novum.com\/wp-content\/uploads\/2025\/10\/Lepex-fermiere-copie2-1024x796.jpg 1024w, https:\/\/lepex-novum.com\/wp-content\/uploads\/2025\/10\/Lepex-fermiere-copie2-1536x1195.jpg 1536w, https:\/\/lepex-novum.com\/wp-content\/uploads\/2025\/10\/Lepex-fermiere-copie2-2048x1593.jpg 2048w\" sizes=\"(max-width: 768px) 100vw, 768px\" \/>\t\t\t\t\t\t\t\t\t\t\t\t\t\t\t<\/div>\n\t\t\t\t<div class=\"elementor-element elementor-element-f443e75 elementor-widget elementor-widget-text-editor\" data-id=\"f443e75\" data-element_type=\"widget\" data-e-type=\"widget\" data-widget_type=\"text-editor.default\">\n\t\t\t\t\t\t\t\t\t<div id=\"comp-j6jnmf8d\" class=\"Z_l5lU MMl86N zQ9jDz qvSjx3 Vq6kJx comp-j6jnmf8d wixui-rich-text\" data-testid=\"richTextElement\"><p class=\"font_7 wixui-rich-text__text\"><span class=\"wixui-rich-text__text\">Lepex est un dilueur de sperme de lapin destin\u00e9 \u00e0 une utilisation fra\u00eeche et au transport r\u00e9frig\u00e9r\u00e9, sp\u00e9cialement con\u00e7u pour la dilution du sperme de lapin et le stockage du sperme dilu\u00e9.<\/span><\/p><p class=\"font_7 wixui-rich-text__text\"><span class=\"wixui-rich-text__text\"><span class=\"wixGuard wixui-rich-text__text\">\u200b<\/span><\/span><span class=\"wixui-rich-text__text\">L&rsquo;utilisation du dilueur de sperme Lepex vous apporte plusieurs avantages&nbsp;:<\/span><\/p><p class=\"font_7 wixui-rich-text__text\"><span style=\"font-size: 16px;\">Un dilueur moins co\u00fbteux.<\/span><\/p><ul class=\"font_7 wixui-rich-text__text\"><li class=\"wixui-rich-text__text\"><p class=\"font_7 wixui-rich-text__text\"><span class=\"wixui-rich-text__text\">pr\u00e9paration rapide du sperme dilu\u00e9.<\/span><\/p><\/li><li class=\"wixui-rich-text__text\"><p class=\"font_7 wixui-rich-text__text\"><span class=\"wixui-rich-text__text\">traitement plus facile et moins co\u00fbteux du sperme de lapin.<\/span><\/p><\/li><\/ul><p class=\"font_7 wixui-rich-text__text\"><span style=\"font-size: 16px;\">Lepex est produit en m\u00e9langeant des produits biochimiques d\u00e9shydrat\u00e9s de qualit\u00e9 pharmaceutique, puis en broyant dans une atmosph\u00e8re contr\u00f4l\u00e9e \u00e0 l&rsquo;aide d&rsquo;\u00e9quipements et d&rsquo;un processus exclusifs. <\/span><\/p><\/div><div id=\"comp-klm8yb1s\" class=\"Z_l5lU MMl86N zQ9jDz qvSjx3 Vq6kJx comp-klm8yb1s wixui-rich-text\" data-testid=\"richTextElement\"><p class=\"font_8 wixui-rich-text__text\"><span class=\"color_15 wixui-rich-text__text\"><span class=\"wixui-rich-text__text\">Cette production donne une poudre micronis\u00e9e de haute qualit\u00e9 qui emp\u00eache la s\u00e9gr\u00e9gation des particules et qui se solubilise facilement dans l&rsquo;eau. <\/span><\/span><\/p><p class=\"font_8 wixui-rich-text__text\"><span class=\"color_15 wixui-rich-text__text\"><span class=\"wixui-rich-text__text\">Apr\u00e8s solubilisation compl\u00e8te de la poudre dans l&rsquo;eau, Matrix a besoin d&rsquo;une heure maximum pour s&rsquo;hydrater compl\u00e8tement. <\/span><\/span><\/p><\/div><div id=\"comp-kll2zf4w\" class=\"MazNVa comp-kll2zf4w wixui-image\"> <\/div>\t\t\t\t\t\t\t\t<\/div>\n\t\t\t\t\t<\/div>\n\t\t\t\t<\/div>\n\t\t\t\t<\/div>\n\t\t","protected":false},"excerpt":{"rendered":"<p>Lepex est un dilueur de sperme de lapin destin\u00e9 \u00e0 une utilisation fra\u00eeche et au transport r\u00e9frig\u00e9r\u00e9, sp\u00e9cialement con\u00e7u pour [&hellip;]<\/p>\n","protected":false},"author":1,"featured_media":0,"parent":0,"menu_order":0,"comment_status":"closed","ping_status":"closed","template":"","meta":{"site-sidebar-layout":"no-sidebar","site-content-layout":"","ast-site-content-layout":"full-width-container","site-content-style":"default","site-sidebar-style":"default","ast-global-header-display":"","ast-banner-title-visibility":"","ast-main-header-display":"","ast-hfb-above-header-display":"","ast-hfb-below-header-display":"","ast-hfb-mobile-header-display":"","site-post-title":"disabled","ast-breadcrumbs-content":"","ast-featured-img":"disabled","footer-sml-layout":"","ast-disable-related-posts":"","theme-transparent-header-meta":"","adv-header-id-meta":"","stick-header-meta":"","header-above-stick-meta":"","header-main-stick-meta":"","header-below-stick-meta":"","astra-migrate-meta-layouts":"default","ast-page-background-enabled":"default","ast-page-background-meta":{"desktop":{"background-color":"var(--ast-global-color-5)","background-image":"","background-repeat":"repeat","background-position":"center center","background-size":"auto","background-attachment":"scroll","background-type":"","background-media":"","overlay-type":"","overlay-color":"","overlay-opacity":"","overlay-gradient":""},"tablet":{"background-color":"","background-image":"","background-repeat":"repeat","background-position":"center center","background-size":"auto","background-attachment":"scroll","background-type":"","background-media":"","overlay-type":"","overlay-color":"","overlay-opacity":"","overlay-gradient":""},"mobile":{"background-color":"","background-image":"","background-repeat":"repeat","background-position":"center center","background-size":"auto","background-attachment":"scroll","background-type":"","background-media":"","overlay-type":"","overlay-color":"","overlay-opacity":"","overlay-gradient":""}},"ast-content-background-meta":{"desktop":{"background-color":"var(--ast-global-color-4)","background-image":"","background-repeat":"repeat","background-position":"center center","background-size":"auto","background-attachment":"scroll","background-type":"","background-media":"","overlay-type":"","overlay-color":"","overlay-opacity":"","overlay-gradient":""},"tablet":{"background-color":"var(--ast-global-color-4)","background-image":"","background-repeat":"repeat","background-position":"center center","background-size":"auto","background-attachment":"scroll","background-type":"","background-media":"","overlay-type":"","overlay-color":"","overlay-opacity":"","overlay-gradient":""},"mobile":{"background-color":"var(--ast-global-color-4)","background-image":"","background-repeat":"repeat","background-position":"center center","background-size":"auto","background-attachment":"scroll","background-type":"","background-media":"","overlay-type":"","overlay-color":"","overlay-opacity":"","overlay-gradient":""}},"footnotes":""},"class_list":["post-830","page","type-page","status-publish","hentry"],"jetpack_sharing_enabled":true,"_links":{"self":[{"href":"https:\/\/lepex-novum.com\/fr\/wp-json\/wp\/v2\/pages\/830","targetHints":{"allow":["GET"]}}],"collection":[{"href":"https:\/\/lepex-novum.com\/fr\/wp-json\/wp\/v2\/pages"}],"about":[{"href":"https:\/\/lepex-novum.com\/fr\/wp-json\/wp\/v2\/types\/page"}],"author":[{"embeddable":true,"href":"https:\/\/lepex-novum.com\/fr\/wp-json\/wp\/v2\/users\/1"}],"replies":[{"embeddable":true,"href":"https:\/\/lepex-novum.com\/fr\/wp-json\/wp\/v2\/comments?post=830"}],"version-history":[{"count":2,"href":"https:\/\/lepex-novum.com\/fr\/wp-json\/wp\/v2\/pages\/830\/revisions"}],"predecessor-version":[{"id":1160,"href":"https:\/\/lepex-novum.com\/fr\/wp-json\/wp\/v2\/pages\/830\/revisions\/1160"}],"wp:attachment":[{"href":"https:\/\/lepex-novum.com\/fr\/wp-json\/wp\/v2\/media?parent=830"}],"curies":[{"name":"wp","href":"https:\/\/api.w.org\/{rel}","templated":true}]}}