{"id":738,"date":"2025-09-26T09:21:09","date_gmt":"2025-09-26T08:21:09","guid":{"rendered":"https:\/\/lepex-novum.com\/accueil\/"},"modified":"2025-11-24T10:17:53","modified_gmt":"2025-11-24T09:17:53","slug":"accueil","status":"publish","type":"page","link":"https:\/\/lepex-novum.com\/fr\/","title":{"rendered":"Accueil"},"content":{"rendered":"\t\t<div data-elementor-type=\"wp-page\" data-elementor-id=\"738\" class=\"elementor elementor-738 elementor-58\">\n\t\t\t\t<div class=\"elementor-element elementor-element-2648367 e-flex e-con-boxed e-con e-parent\" data-id=\"2648367\" data-element_type=\"container\" data-e-type=\"container\">\n\t\t\t\t\t<div class=\"e-con-inner\">\n\t\t\t\t<div class=\"elementor-element elementor-element-9b5199b elementor-widget elementor-widget-heading\" data-id=\"9b5199b\" data-element_type=\"widget\" data-e-type=\"widget\" data-widget_type=\"heading.default\">\n\t\t\t\t\t<h2 class=\"elementor-heading-title elementor-size-default\">Bienvenue sur le site web de Lepex-Novum.<\/h2>\t\t\t\t<\/div>\n\t\t\t\t<div class=\"elementor-element elementor-element-8aa2525 elementor-widget elementor-widget-image\" data-id=\"8aa2525\" data-element_type=\"widget\" data-e-type=\"widget\" data-widget_type=\"image.default\">\n\t\t\t\t\t\t\t\t\t\t\t\t\t\t\t<img fetchpriority=\"high\" decoding=\"async\" width=\"1024\" height=\"796\" src=\"https:\/\/lepex-novum.com\/wp-content\/uploads\/2025\/09\/Firefly_lapins-en-laboratoire-683029-1024x796.jpg\" class=\"attachment-large size-large wp-image-740\" alt=\"\" srcset=\"https:\/\/lepex-novum.com\/wp-content\/uploads\/2025\/09\/Firefly_lapins-en-laboratoire-683029-1024x796.jpg 1024w, https:\/\/lepex-novum.com\/wp-content\/uploads\/2025\/09\/Firefly_lapins-en-laboratoire-683029-200x156.jpg 200w, https:\/\/lepex-novum.com\/wp-content\/uploads\/2025\/09\/Firefly_lapins-en-laboratoire-683029-300x233.jpg 300w, https:\/\/lepex-novum.com\/wp-content\/uploads\/2025\/09\/Firefly_lapins-en-laboratoire-683029-768x597.jpg 768w, https:\/\/lepex-novum.com\/wp-content\/uploads\/2025\/09\/Firefly_lapins-en-laboratoire-683029-1536x1195.jpg 1536w, https:\/\/lepex-novum.com\/wp-content\/uploads\/2025\/09\/Firefly_lapins-en-laboratoire-683029-2048x1593.jpg 2048w\" sizes=\"(max-width: 1024px) 100vw, 1024px\" \/>\t\t\t\t\t\t\t\t\t\t\t\t\t\t\t<\/div>\n\t\t\t\t<div class=\"elementor-element elementor-element-0324b49 elementor-widget elementor-widget-text-editor\" data-id=\"0324b49\" data-element_type=\"widget\" data-e-type=\"widget\" data-widget_type=\"text-editor.default\">\n\t\t\t\t\t\t\t\t\t<div id=\"bgLayers_comp-m3affkvw\" class=\"MW5IWV\" data-hook=\"bgLayers\" data-motion-part=\"BG_LAYER comp-m3affkvw\"><div id=\"bgMedia_comp-m3affkvw\" class=\"VgO9Yg\" data-motion-part=\"BG_MEDIA comp-m3affkvw\"><div><p><strong>Ins\u00e9mination artificielle chez les lapins<\/strong><\/p><\/div><div><p>L&rsquo;ins\u00e9mination artificielle (IA) chez les lapins est une technique de reproduction dans laquelle le sperme est pr\u00e9lev\u00e9 chez un m\u00e2le et introduit manuellement dans l&rsquo;appareil reproducteur de la femelle. <span lang=\"NL-BE\">Cette m\u00e9thode est largement utilis\u00e9e dans les programmes d&rsquo;\u00e9levage commercial de lapins pour am\u00e9liorer la productivit\u00e9 du cheptel et la s\u00e9lection g\u00e9n\u00e9tique. Elle contribue \u00e9galement au contr\u00f4le des maladies en minimisant le contact physique direct entre les animaux.<\/span> <\/p><p>Dans les exploitations \u00e0 grande \u00e9chelle, l&rsquo;IA permet la synchronisation des reproductions, une gestion efficace des registres et une production r\u00e9guli\u00e8re de viande ou de fourrure. <span style=\"font-size: 16px;\">Dans l&rsquo;ensemble, l&rsquo;IA am\u00e9liore \u00e0 la fois l&rsquo;efficacit\u00e9 \u00e9conomique et la gestion de l&rsquo;\u00e9levage dans la production commerciale de lapins.<\/span><\/p><\/div><div><p><span style=\"text-decoration: underline;\"><strong><span lang=\"NL-BE\">LEPEX ET NOVUM.<\/span><\/strong><\/span><\/p><p class=\"font7\"><span lang=\"NL-BE\">E<\/span><span class=\"wixui-rich-texttext\"><span lang=\"NL-BE\">n 2015, le Dr Bart van den Berg (Pays-Bas) a d\u00e9velopp\u00e9 le milieu de conservation du sperme de lapin <b>LEPEX<\/b>, qui est commercialis\u00e9 depuis lors.<\/span><\/span><span class=\"wixui-rich-texttext\"><b><span lang=\"NL-BE\">LEPEX<\/span><\/b><\/span><span class=\"wixui-rich-texttext\"><span lang=\"NL-BE\"> est un dilueur de sperme l\u00e9porin, fourni sous forme de poudre micronis\u00e9e de haute qualit\u00e9, pour une utilisation fra\u00eeche et un transport r\u00e9frig\u00e9r\u00e9. Il est sp\u00e9cialement formul\u00e9 pour la dilution du sperme de lapin et sa conservation \u00e0 17\u00b0C.<\/span><\/span> <\/p><p class=\"font7\">R\u00e9cemment, de nouvelles connaissances sur les m\u00e9canismes biochimiques de la reproduction des lapins ont conduit au d\u00e9veloppement d\u2019un nouveau suppl\u00e9ment nomm\u00e9 NOVUM. Ce suppl\u00e9ment en poudre micronis\u00e9e, lorsqu\u2019il est ajout\u00e9 au dilueur de sperme, offre une approche novatrice favorisant l\u2019induction de l\u2019ovulation.La combinaison de NOVUM avec le dilueur sp\u00e9cialement d\u00e9velopp\u00e9 LEPEX est commercialis\u00e9e sous le nom de LEPEX-NOVUM. <\/p><\/div><div><p class=\"font7\"><span class=\"wixui-rich-texttext\">Des informations commerciales, techniques et scientifiques d\u00e9taill\u00e9es sur ces produits et ce suppl\u00e9ment sont disponibles ailleurs sur ce site web. <\/span><\/p><\/div><div><p class=\"font7\"><span style=\"font-size: 16px;\">Tous les produits : <\/span><b style=\"font-style: inherit;\">LEPEX<\/b><span style=\"font-size: 16px;\">, <\/span><b style=\"font-style: inherit;\">NOVUM<\/b><span style=\"font-size: 16px;\"> et <\/span><b style=\"font-style: inherit;\">LEPEX-NOVUM<\/b><span style=\"font-size: 16px;\"> sont produits par HuVeSearch bv (Belgique) et fournis sous forme de poudres micronis\u00e9es. Le Dr Bart van den Berg continue de travailler comme consultant pour HuVeSearch bv.<\/span><\/p><\/div><\/div><\/div>\t\t\t\t\t\t\t\t<\/div>\n\t\t\t\t<div class=\"elementor-element elementor-element-c33f2c6 elementor-widget__width-inherit elementor-align-justify elementor-widget elementor-widget-button\" data-id=\"c33f2c6\" data-element_type=\"widget\" data-e-type=\"widget\" data-widget_type=\"button.default\">\n\t\t\t\t\t\t\t\t\t\t<a class=\"elementor-button elementor-button-link elementor-size-sm\" href=\"tel:+32474988280\">\n\t\t\t\t\t\t<span class=\"elementor-button-content-wrapper\">\n\t\t\t\t\t\t\t\t\t<span class=\"elementor-button-text\">Contactez-nous<\/span>\n\t\t\t\t\t<\/span>\n\t\t\t\t\t<\/a>\n\t\t\t\t\t\t\t\t<\/div>\n\t\t\t\t\t<\/div>\n\t\t\t\t<\/div>\n\t\t\t\t<\/div>\n\t\t","protected":false},"excerpt":{"rendered":"<p>Bienvenue sur le site web de Lepex-Novum. Ins\u00e9mination artificielle chez les lapins L&rsquo;ins\u00e9mination artificielle (IA) chez les lapins est une [&hellip;]<\/p>\n","protected":false},"author":1,"featured_media":0,"parent":0,"menu_order":0,"comment_status":"closed","ping_status":"closed","template":"elementor_header_footer","meta":{"site-sidebar-layout":"no-sidebar","site-content-layout":"","ast-site-content-layout":"full-width-container","site-content-style":"default","site-sidebar-style":"default","ast-global-header-display":"","ast-banner-title-visibility":"","ast-main-header-display":"","ast-hfb-above-header-display":"","ast-hfb-below-header-display":"","ast-hfb-mobile-header-display":"","site-post-title":"disabled","ast-breadcrumbs-content":"","ast-featured-img":"disabled","footer-sml-layout":"","ast-disable-related-posts":"","theme-transparent-header-meta":"","adv-header-id-meta":"","stick-header-meta":"","header-above-stick-meta":"","header-main-stick-meta":"","header-below-stick-meta":"","astra-migrate-meta-layouts":"default","ast-page-background-enabled":"default","ast-page-background-meta":{"desktop":{"background-color":"var(--ast-global-color-5)","background-image":"","background-repeat":"repeat","background-position":"center center","background-size":"auto","background-attachment":"scroll","background-type":"","background-media":"","overlay-type":"","overlay-color":"","overlay-opacity":"","overlay-gradient":""},"tablet":{"background-color":"","background-image":"","background-repeat":"repeat","background-position":"center center","background-size":"auto","background-attachment":"scroll","background-type":"","background-media":"","overlay-type":"","overlay-color":"","overlay-opacity":"","overlay-gradient":""},"mobile":{"background-color":"","background-image":"","background-repeat":"repeat","background-position":"center center","background-size":"auto","background-attachment":"scroll","background-type":"","background-media":"","overlay-type":"","overlay-color":"","overlay-opacity":"","overlay-gradient":""}},"ast-content-background-meta":{"desktop":{"background-color":"var(--ast-global-color-4)","background-image":"","background-repeat":"repeat","background-position":"center center","background-size":"auto","background-attachment":"scroll","background-type":"","background-media":"","overlay-type":"","overlay-color":"","overlay-opacity":"","overlay-gradient":""},"tablet":{"background-color":"var(--ast-global-color-4)","background-image":"","background-repeat":"repeat","background-position":"center center","background-size":"auto","background-attachment":"scroll","background-type":"","background-media":"","overlay-type":"","overlay-color":"","overlay-opacity":"","overlay-gradient":""},"mobile":{"background-color":"var(--ast-global-color-4)","background-image":"","background-repeat":"repeat","background-position":"center center","background-size":"auto","background-attachment":"scroll","background-type":"","background-media":"","overlay-type":"","overlay-color":"","overlay-opacity":"","overlay-gradient":""}},"footnotes":""},"class_list":["post-738","page","type-page","status-publish","hentry"],"jetpack_sharing_enabled":true,"_links":{"self":[{"href":"https:\/\/lepex-novum.com\/fr\/wp-json\/wp\/v2\/pages\/738","targetHints":{"allow":["GET"]}}],"collection":[{"href":"https:\/\/lepex-novum.com\/fr\/wp-json\/wp\/v2\/pages"}],"about":[{"href":"https:\/\/lepex-novum.com\/fr\/wp-json\/wp\/v2\/types\/page"}],"author":[{"embeddable":true,"href":"https:\/\/lepex-novum.com\/fr\/wp-json\/wp\/v2\/users\/1"}],"replies":[{"embeddable":true,"href":"https:\/\/lepex-novum.com\/fr\/wp-json\/wp\/v2\/comments?post=738"}],"version-history":[{"count":4,"href":"https:\/\/lepex-novum.com\/fr\/wp-json\/wp\/v2\/pages\/738\/revisions"}],"predecessor-version":[{"id":1259,"href":"https:\/\/lepex-novum.com\/fr\/wp-json\/wp\/v2\/pages\/738\/revisions\/1259"}],"wp:attachment":[{"href":"https:\/\/lepex-novum.com\/fr\/wp-json\/wp\/v2\/media?parent=738"}],"curies":[{"name":"wp","href":"https:\/\/api.w.org\/{rel}","templated":true}]}}