{"id":885,"date":"2025-09-26T09:21:09","date_gmt":"2025-09-26T08:21:09","guid":{"rendered":"https:\/\/lepex-novum.com\/inicio\/"},"modified":"2025-11-24T10:19:51","modified_gmt":"2025-11-24T09:19:51","slug":"inicio","status":"publish","type":"page","link":"https:\/\/lepex-novum.com\/es\/","title":{"rendered":"Inicio"},"content":{"rendered":"\t\t<div data-elementor-type=\"wp-page\" data-elementor-id=\"885\" class=\"elementor elementor-885 elementor-58\">\n\t\t\t\t<div class=\"elementor-element elementor-element-2648367 e-flex e-con-boxed e-con e-parent\" data-id=\"2648367\" data-element_type=\"container\" data-e-type=\"container\">\n\t\t\t\t\t<div class=\"e-con-inner\">\n\t\t\t\t<div class=\"elementor-element elementor-element-9b5199b elementor-widget elementor-widget-heading\" data-id=\"9b5199b\" data-element_type=\"widget\" data-e-type=\"widget\" data-widget_type=\"heading.default\">\n\t\t\t\t\t<h2 class=\"elementor-heading-title elementor-size-default\">Bienvenido al sitio web de Lepex-Novum.<\/h2>\t\t\t\t<\/div>\n\t\t\t\t<div class=\"elementor-element elementor-element-8aa2525 elementor-widget elementor-widget-image\" data-id=\"8aa2525\" data-element_type=\"widget\" data-e-type=\"widget\" data-widget_type=\"image.default\">\n\t\t\t\t\t\t\t\t\t\t\t\t\t\t\t<img fetchpriority=\"high\" decoding=\"async\" width=\"1024\" height=\"796\" src=\"https:\/\/lepex-novum.com\/wp-content\/uploads\/2025\/09\/Firefly_lapins-en-laboratoire-683029-1024x796.jpg\" class=\"attachment-large size-large wp-image-887\" alt=\"\" srcset=\"https:\/\/lepex-novum.com\/wp-content\/uploads\/2025\/09\/Firefly_lapins-en-laboratoire-683029-1024x796.jpg 1024w, https:\/\/lepex-novum.com\/wp-content\/uploads\/2025\/09\/Firefly_lapins-en-laboratoire-683029-200x156.jpg 200w, https:\/\/lepex-novum.com\/wp-content\/uploads\/2025\/09\/Firefly_lapins-en-laboratoire-683029-300x233.jpg 300w, https:\/\/lepex-novum.com\/wp-content\/uploads\/2025\/09\/Firefly_lapins-en-laboratoire-683029-768x597.jpg 768w, https:\/\/lepex-novum.com\/wp-content\/uploads\/2025\/09\/Firefly_lapins-en-laboratoire-683029-1536x1195.jpg 1536w, https:\/\/lepex-novum.com\/wp-content\/uploads\/2025\/09\/Firefly_lapins-en-laboratoire-683029-2048x1593.jpg 2048w\" sizes=\"(max-width: 1024px) 100vw, 1024px\" \/>\t\t\t\t\t\t\t\t\t\t\t\t\t\t\t<\/div>\n\t\t\t\t<div class=\"elementor-element elementor-element-0324b49 elementor-widget elementor-widget-text-editor\" data-id=\"0324b49\" data-element_type=\"widget\" data-e-type=\"widget\" data-widget_type=\"text-editor.default\">\n\t\t\t\t\t\t\t\t\t<div id=\"bgLayers_comp-m3affkvw\" class=\"MW5IWV\" data-hook=\"bgLayers\" data-motion-part=\"BG_LAYER comp-m3affkvw\"><div id=\"bgMedia_comp-m3affkvw\" class=\"VgO9Yg\" data-motion-part=\"BG_MEDIA comp-m3affkvw\"><div><p><strong>Inseminaci\u00f3n artificial en conejos<\/strong><\/p><\/div><div><p>La inseminaci\u00f3n artificial (IA) en conejos es una t\u00e9cnica reproductiva en la que se recolecta semen de un macho y se introduce manualmente en el tracto reproductivo de la hembra. <span lang=\"NL-BE\">Este m\u00e9todo se utiliza ampliamente en programas comerciales de cr\u00eda de conejos para mejorar la productividad del reba\u00f1o y la selecci\u00f3n gen\u00e9tica. Tambi\u00e9n favorece el control de enfermedades al minimizar el contacto f\u00edsico directo entre los animales.<\/span> <\/p><p>En operaciones a gran escala, la IA permite la cr\u00eda sincronizada, el mantenimiento eficiente de registros y la producci\u00f3n constante de carne o piel. <span style=\"font-size: 16px;\">En general, la IA mejora tanto la eficiencia econ\u00f3mica como la gesti\u00f3n de la cr\u00eda en la producci\u00f3n comercial de conejos.<\/span><\/p><\/div><div><p><span style=\"text-decoration: underline;\"><strong><span lang=\"NL-BE\">LEPEX Y NOVUM.<\/span><\/strong><\/span><\/p><p class=\"font7\"><span lang=\"NL-BE\">E<\/span><span class=\"wixui-rich-texttext\"><span lang=\"NL-BE\">n 2015, el Dr. Bart van den Berg (Pa\u00edses Bajos) desarroll\u00f3 el medio de conservaci\u00f3n de semen de conejo <b>LEPEX<\/b>, que ha estado disponible comercialmente desde entonces.<\/span><\/span> <span class=\"wixui-rich-texttext\"><b><span lang=\"NL-BE\">LEPEX<\/span><\/b><\/span> <span class=\"wixui-rich-texttext\"><span lang=\"NL-BE\">es un diluyente de semen de lep\u00f3ridos, suministrado como un polvo micronizado de alta calidad, para uso fresco y transporte refrigerado. Est\u00e1 especialmente formulado para la diluci\u00f3n de esperma de conejo y el almacenamiento del diluido a 17\u00b0C.<\/span><\/span> <\/p><p class=\"font7\"><span class=\"wixui-rich-texttext\">Recientemente, nuevos conocimientos sobre los mecanismos bioqu\u00edmicos subyacentes a la reproducci\u00f3n del conejo llevaron al desarrollo de un nuevo suplemento llamado <b>NOVUM<\/b>. Este suplemento en polvo micronizado, cuando se a\u00f1ade al diluyente de semen, ofrece un enfoque innovador que apoya la inducci\u00f3n de la ovulaci\u00f3n.<\/span> <span class=\"wixui-rich-texttext\"><span lang=\"NL-BE\">La combinaci\u00f3n de <b>NOVUM<\/b> con el diluyente <b>LEPEX<\/b> especialmente desarrollado se comercializa como <b>LEPEX-NOVUM<\/b>.<\/span><\/span> <\/p><\/div><div><p class=\"font7\"><span class=\"wixui-rich-texttext\">Puede encontrar informaci\u00f3n comercial, t\u00e9cnica y cient\u00edfica completa sobre estos productos y suplementos en otras secciones de este sitio web. <\/span><\/p><\/div><div><p class=\"font7\"><span style=\"font-size: 16px;\">Todos los productos:<\/span> <b style=\"font-style: inherit;\">LEPEX<\/b><span style=\"font-size: 16px;\">,<\/span> <b style=\"font-style: inherit;\">NOVUM<\/b><span style=\"font-size: 16px;\"> y<\/span> <b style=\"font-style: inherit;\">LEPEX-NOVUM<\/b><span style=\"font-size: 16px;\"> son producidos por HuVeSearch bv (B\u00e9lgica) y se suministran como polvos micronizados. El Dr. Bart van den Berg sigue trabajando como consultor para HuVeSearch bv.<\/span><\/p><\/div><\/div><\/div>\t\t\t\t\t\t\t\t<\/div>\n\t\t\t\t<div class=\"elementor-element elementor-element-c33f2c6 elementor-widget__width-inherit elementor-align-justify elementor-widget elementor-widget-button\" data-id=\"c33f2c6\" data-element_type=\"widget\" data-e-type=\"widget\" data-widget_type=\"button.default\">\n\t\t\t\t\t\t\t\t\t\t<a class=\"elementor-button elementor-button-link elementor-size-sm\" href=\"tel:+32474988280\">\n\t\t\t\t\t\t<span class=\"elementor-button-content-wrapper\">\n\t\t\t\t\t\t\t\t\t<span class=\"elementor-button-text\">Ll\u00e1menos<\/span>\n\t\t\t\t\t<\/span>\n\t\t\t\t\t<\/a>\n\t\t\t\t\t\t\t\t<\/div>\n\t\t\t\t\t<\/div>\n\t\t\t\t<\/div>\n\t\t\t\t<\/div>\n\t\t","protected":false},"excerpt":{"rendered":"<p>Bienvenido al sitio web de Lepex-Novum. Inseminaci\u00f3n artificial en conejos La inseminaci\u00f3n artificial (IA) en conejos es una t\u00e9cnica reproductiva [&hellip;]<\/p>\n","protected":false},"author":1,"featured_media":0,"parent":0,"menu_order":0,"comment_status":"closed","ping_status":"closed","template":"elementor_header_footer","meta":{"site-sidebar-layout":"no-sidebar","site-content-layout":"","ast-site-content-layout":"full-width-container","site-content-style":"default","site-sidebar-style":"default","ast-global-header-display":"","ast-banner-title-visibility":"","ast-main-header-display":"","ast-hfb-above-header-display":"","ast-hfb-below-header-display":"","ast-hfb-mobile-header-display":"","site-post-title":"disabled","ast-breadcrumbs-content":"","ast-featured-img":"disabled","footer-sml-layout":"","ast-disable-related-posts":"","theme-transparent-header-meta":"","adv-header-id-meta":"","stick-header-meta":"","header-above-stick-meta":"","header-main-stick-meta":"","header-below-stick-meta":"","astra-migrate-meta-layouts":"default","ast-page-background-enabled":"default","ast-page-background-meta":{"desktop":{"background-color":"var(--ast-global-color-5)","background-image":"","background-repeat":"repeat","background-position":"center center","background-size":"auto","background-attachment":"scroll","background-type":"","background-media":"","overlay-type":"","overlay-color":"","overlay-opacity":"","overlay-gradient":""},"tablet":{"background-color":"","background-image":"","background-repeat":"repeat","background-position":"center center","background-size":"auto","background-attachment":"scroll","background-type":"","background-media":"","overlay-type":"","overlay-color":"","overlay-opacity":"","overlay-gradient":""},"mobile":{"background-color":"","background-image":"","background-repeat":"repeat","background-position":"center center","background-size":"auto","background-attachment":"scroll","background-type":"","background-media":"","overlay-type":"","overlay-color":"","overlay-opacity":"","overlay-gradient":""}},"ast-content-background-meta":{"desktop":{"background-color":"var(--ast-global-color-4)","background-image":"","background-repeat":"repeat","background-position":"center center","background-size":"auto","background-attachment":"scroll","background-type":"","background-media":"","overlay-type":"","overlay-color":"","overlay-opacity":"","overlay-gradient":""},"tablet":{"background-color":"var(--ast-global-color-4)","background-image":"","background-repeat":"repeat","background-position":"center center","background-size":"auto","background-attachment":"scroll","background-type":"","background-media":"","overlay-type":"","overlay-color":"","overlay-opacity":"","overlay-gradient":""},"mobile":{"background-color":"var(--ast-global-color-4)","background-image":"","background-repeat":"repeat","background-position":"center center","background-size":"auto","background-attachment":"scroll","background-type":"","background-media":"","overlay-type":"","overlay-color":"","overlay-opacity":"","overlay-gradient":""}},"footnotes":""},"class_list":["post-885","page","type-page","status-publish","hentry"],"jetpack_sharing_enabled":true,"_links":{"self":[{"href":"https:\/\/lepex-novum.com\/es\/wp-json\/wp\/v2\/pages\/885","targetHints":{"allow":["GET"]}}],"collection":[{"href":"https:\/\/lepex-novum.com\/es\/wp-json\/wp\/v2\/pages"}],"about":[{"href":"https:\/\/lepex-novum.com\/es\/wp-json\/wp\/v2\/types\/page"}],"author":[{"embeddable":true,"href":"https:\/\/lepex-novum.com\/es\/wp-json\/wp\/v2\/users\/1"}],"replies":[{"embeddable":true,"href":"https:\/\/lepex-novum.com\/es\/wp-json\/wp\/v2\/comments?post=885"}],"version-history":[{"count":2,"href":"https:\/\/lepex-novum.com\/es\/wp-json\/wp\/v2\/pages\/885\/revisions"}],"predecessor-version":[{"id":1262,"href":"https:\/\/lepex-novum.com\/es\/wp-json\/wp\/v2\/pages\/885\/revisions\/1262"}],"wp:attachment":[{"href":"https:\/\/lepex-novum.com\/es\/wp-json\/wp\/v2\/media?parent=885"}],"curies":[{"name":"wp","href":"https:\/\/api.w.org\/{rel}","templated":true}]}}