{"id":836,"date":"2025-10-02T13:50:11","date_gmt":"2025-10-02T13:50:11","guid":{"rendered":"https:\/\/lepex-novum.com\/lepex\/"},"modified":"2025-10-27T10:57:23","modified_gmt":"2025-10-27T10:57:23","slug":"lepex","status":"publish","type":"page","link":"https:\/\/lepex-novum.com\/es\/lepex\/","title":{"rendered":"Lepex"},"content":{"rendered":"\t\t<div data-elementor-type=\"wp-page\" data-elementor-id=\"836\" class=\"elementor elementor-836 elementor-383\">\n\t\t\t\t<div class=\"elementor-element elementor-element-db28b60 e-flex e-con-boxed e-con e-parent\" data-id=\"db28b60\" data-element_type=\"container\" data-e-type=\"container\">\n\t\t\t\t\t<div class=\"e-con-inner\">\n\t\t\t\t<div class=\"elementor-element elementor-element-16c6a37 elementor-widget elementor-widget-image\" data-id=\"16c6a37\" data-element_type=\"widget\" data-e-type=\"widget\" data-widget_type=\"image.default\">\n\t\t\t\t\t\t\t\t\t\t\t\t\t\t\t<img fetchpriority=\"high\" decoding=\"async\" width=\"768\" height=\"597\" src=\"https:\/\/lepex-novum.com\/wp-content\/uploads\/2025\/10\/Lepex-fermiere-copie2-768x597.jpg\" class=\"attachment-medium_large size-medium_large wp-image-840\" alt=\"\" srcset=\"https:\/\/lepex-novum.com\/wp-content\/uploads\/2025\/10\/Lepex-fermiere-copie2-768x597.jpg 768w, https:\/\/lepex-novum.com\/wp-content\/uploads\/2025\/10\/Lepex-fermiere-copie2-200x156.jpg 200w, https:\/\/lepex-novum.com\/wp-content\/uploads\/2025\/10\/Lepex-fermiere-copie2-300x233.jpg 300w, https:\/\/lepex-novum.com\/wp-content\/uploads\/2025\/10\/Lepex-fermiere-copie2-1024x796.jpg 1024w, https:\/\/lepex-novum.com\/wp-content\/uploads\/2025\/10\/Lepex-fermiere-copie2-1536x1195.jpg 1536w, https:\/\/lepex-novum.com\/wp-content\/uploads\/2025\/10\/Lepex-fermiere-copie2-2048x1593.jpg 2048w\" sizes=\"(max-width: 768px) 100vw, 768px\" \/>\t\t\t\t\t\t\t\t\t\t\t\t\t\t\t<\/div>\n\t\t\t\t<div class=\"elementor-element elementor-element-f443e75 elementor-widget elementor-widget-text-editor\" data-id=\"f443e75\" data-element_type=\"widget\" data-e-type=\"widget\" data-widget_type=\"text-editor.default\">\n\t\t\t\t\t\t\t\t\t<div id=\"comp-j6jnmf8d\" class=\"Z_l5lU MMl86N zQ9jDz qvSjx3 Vq6kJx comp-j6jnmf8d wixui-rich-text\" data-testid=\"richTextElement\"><p class=\"font_7 wixui-rich-text__text\"><span class=\"wixui-rich-text__text\">Lepex es un diluyente seminal para lep\u00f3ridos, dise\u00f1ado para su uso en fresco y para el transporte refrigerado, que ha sido especialmente desarrollado para la diluci\u00f3n del esperma de conejo y el almacenamiento del semen diluido.<\/span><\/p><p class=\"font_7 wixui-rich-text__text\"><span class=\"wixui-rich-text__text\"><span class=\"wixGuard wixui-rich-text__text\">\u200b<\/span><\/span><span class=\"wixui-rich-text__text\">El uso del diluyente seminal Lepex le ofrece varias ventajas:<\/span><\/p><p class=\"font_7 wixui-rich-text__text\"><span style=\"font-size: 16px;\">Un diluyente menos costoso.<\/span><\/p><ul class=\"font_7 wixui-rich-text__text\"><li class=\"wixui-rich-text__text\"><p class=\"font_7 wixui-rich-text__text\"><span class=\"wixui-rich-text__text\">preparaci\u00f3n del esperma diluido que ahorra tiempo.<\/span><\/p><\/li><li class=\"wixui-rich-text__text\"><p class=\"font_7 wixui-rich-text__text\"><span class=\"wixui-rich-text__text\">procesamiento m\u00e1s f\u00e1cil y menos costoso del esperma de conejo.<\/span><\/p><\/li><\/ul><p class=\"font_7 wixui-rich-text__text\"><span style=\"font-size: 16px;\">Lepex se produce mezclando productos bioqu\u00edmicos deshidratados de grado farmac\u00e9utico, seguidos de la molienda en una atm\u00f3sfera controlada utilizando equipos patentados y un proceso patentado. <\/span><\/p><\/div><div id=\"comp-klm8yb1s\" class=\"Z_l5lU MMl86N zQ9jDz qvSjx3 Vq6kJx comp-klm8yb1s wixui-rich-text\" data-testid=\"richTextElement\"><p class=\"font_8 wixui-rich-text__text\"><span class=\"color_15 wixui-rich-text__text\"><span class=\"wixui-rich-text__text\">Esta producci\u00f3n da como resultado un polvo micronizado de alta calidad que evita la segregaci\u00f3n de part\u00edculas y que se solubiliza f\u00e1cilmente en agua. <\/span><\/span><\/p><p class=\"font_8 wixui-rich-text__text\"><span class=\"color_15 wixui-rich-text__text\"><span class=\"wixui-rich-text__text\">Despu\u00e9s de la solubilizaci\u00f3n completa del polvo en agua, Matrix necesita como m\u00e1ximo 1 hora para hidratarse por completo. <\/span><\/span><\/p><\/div><div id=\"comp-kll2zf4w\" class=\"MazNVa comp-kll2zf4w wixui-image\"> <\/div>\t\t\t\t\t\t\t\t<\/div>\n\t\t\t\t\t<\/div>\n\t\t\t\t<\/div>\n\t\t\t\t<\/div>\n\t\t","protected":false},"excerpt":{"rendered":"<p>Lepex es un diluyente seminal para lep\u00f3ridos, dise\u00f1ado para su uso en fresco y para el transporte refrigerado, que ha [&hellip;]<\/p>\n","protected":false},"author":1,"featured_media":0,"parent":0,"menu_order":0,"comment_status":"closed","ping_status":"closed","template":"","meta":{"site-sidebar-layout":"no-sidebar","site-content-layout":"","ast-site-content-layout":"full-width-container","site-content-style":"default","site-sidebar-style":"default","ast-global-header-display":"","ast-banner-title-visibility":"","ast-main-header-display":"","ast-hfb-above-header-display":"","ast-hfb-below-header-display":"","ast-hfb-mobile-header-display":"","site-post-title":"disabled","ast-breadcrumbs-content":"","ast-featured-img":"disabled","footer-sml-layout":"","ast-disable-related-posts":"","theme-transparent-header-meta":"","adv-header-id-meta":"","stick-header-meta":"","header-above-stick-meta":"","header-main-stick-meta":"","header-below-stick-meta":"","astra-migrate-meta-layouts":"default","ast-page-background-enabled":"default","ast-page-background-meta":{"desktop":{"background-color":"var(--ast-global-color-5)","background-image":"","background-repeat":"repeat","background-position":"center center","background-size":"auto","background-attachment":"scroll","background-type":"","background-media":"","overlay-type":"","overlay-color":"","overlay-opacity":"","overlay-gradient":""},"tablet":{"background-color":"","background-image":"","background-repeat":"repeat","background-position":"center center","background-size":"auto","background-attachment":"scroll","background-type":"","background-media":"","overlay-type":"","overlay-color":"","overlay-opacity":"","overlay-gradient":""},"mobile":{"background-color":"","background-image":"","background-repeat":"repeat","background-position":"center center","background-size":"auto","background-attachment":"scroll","background-type":"","background-media":"","overlay-type":"","overlay-color":"","overlay-opacity":"","overlay-gradient":""}},"ast-content-background-meta":{"desktop":{"background-color":"var(--ast-global-color-4)","background-image":"","background-repeat":"repeat","background-position":"center center","background-size":"auto","background-attachment":"scroll","background-type":"","background-media":"","overlay-type":"","overlay-color":"","overlay-opacity":"","overlay-gradient":""},"tablet":{"background-color":"var(--ast-global-color-4)","background-image":"","background-repeat":"repeat","background-position":"center center","background-size":"auto","background-attachment":"scroll","background-type":"","background-media":"","overlay-type":"","overlay-color":"","overlay-opacity":"","overlay-gradient":""},"mobile":{"background-color":"var(--ast-global-color-4)","background-image":"","background-repeat":"repeat","background-position":"center center","background-size":"auto","background-attachment":"scroll","background-type":"","background-media":"","overlay-type":"","overlay-color":"","overlay-opacity":"","overlay-gradient":""}},"footnotes":""},"class_list":["post-836","page","type-page","status-publish","hentry"],"jetpack_sharing_enabled":true,"_links":{"self":[{"href":"https:\/\/lepex-novum.com\/es\/wp-json\/wp\/v2\/pages\/836","targetHints":{"allow":["GET"]}}],"collection":[{"href":"https:\/\/lepex-novum.com\/es\/wp-json\/wp\/v2\/pages"}],"about":[{"href":"https:\/\/lepex-novum.com\/es\/wp-json\/wp\/v2\/types\/page"}],"author":[{"embeddable":true,"href":"https:\/\/lepex-novum.com\/es\/wp-json\/wp\/v2\/users\/1"}],"replies":[{"embeddable":true,"href":"https:\/\/lepex-novum.com\/es\/wp-json\/wp\/v2\/comments?post=836"}],"version-history":[{"count":2,"href":"https:\/\/lepex-novum.com\/es\/wp-json\/wp\/v2\/pages\/836\/revisions"}],"predecessor-version":[{"id":1156,"href":"https:\/\/lepex-novum.com\/es\/wp-json\/wp\/v2\/pages\/836\/revisions\/1156"}],"wp:attachment":[{"href":"https:\/\/lepex-novum.com\/es\/wp-json\/wp\/v2\/media?parent=836"}],"curies":[{"name":"wp","href":"https:\/\/api.w.org\/{rel}","templated":true}]}}