{"id":820,"date":"2025-09-26T09:28:26","date_gmt":"2025-09-26T09:28:26","guid":{"rendered":"https:\/\/lepex-novum.com\/novum\/"},"modified":"2025-10-23T15:58:18","modified_gmt":"2025-10-23T15:58:18","slug":"novum","status":"publish","type":"page","link":"https:\/\/lepex-novum.com\/es\/novum\/","title":{"rendered":"Novum"},"content":{"rendered":"\t\t<div data-elementor-type=\"wp-page\" data-elementor-id=\"820\" class=\"elementor elementor-820 elementor-62\">\n\t\t\t\t<div class=\"elementor-element elementor-element-1d8dfdc e-flex e-con-boxed e-con e-parent\" data-id=\"1d8dfdc\" data-element_type=\"container\" data-e-type=\"container\">\n\t\t\t\t\t<div class=\"e-con-inner\">\n\t\t<div class=\"elementor-element elementor-element-00d761f e-con-full e-flex e-con e-child\" data-id=\"00d761f\" data-element_type=\"container\" data-e-type=\"container\">\n\t\t\t\t<div class=\"elementor-element elementor-element-6f1cb32 elementor-widget elementor-widget-text-editor\" data-id=\"6f1cb32\" data-element_type=\"widget\" data-e-type=\"widget\" data-widget_type=\"text-editor.default\">\n\t\t\t\t\t\t\t\t\t<p class=\"font_8 wixui-rich-text__text\"><span class=\"wixui-rich-text__text\">Novum es un polvo de color naranja que se puede a\u00f1adir a los diluyentes de semen de conejo para favorecer la ovulaci\u00f3n y la gestaci\u00f3n. Su acci\u00f3n se basa en la protecci\u00f3n de los componentes del semen de conejo que inducen la ovulaci\u00f3n de forma natural. Por lo tanto, no se requiere registro como medicamento veterinario para preservar estos factores inductores de la ovulaci\u00f3n. Puede considerarse un suplemento.   <\/span><\/p><p class=\"font_8 wixui-rich-text__text\"><span style=\"text-decoration: underline;\"><span class=\"wixui-rich-text__text\">Embalaje<\/span><\/span><\/p><p class=\"font_8 wixui-rich-text__text\"><span class=\"wixui-rich-text__text\">El polvo de Novum se envasa en frascos de pl\u00e1stico, cada uno de los cuales contiene 2,4 gramos. Esta cantidad de 2,4 gramos se puede a\u00f1adir a 500 ml de diluyente de semen de conejo. Dependiendo de la cantidad de diluyente necesaria, el contenido de un solo frasco puede utilizarse total o parcialmente. Alternativamente, se pueden producir otros tama\u00f1os de envase previa solicitud.   <\/span><\/p><p class=\"font_8 wixui-rich-text__text\"><span style=\"text-decoration: underline;\"><span class=\"wixui-rich-text__text\">Instrucciones de almacenamiento<\/span><\/span><\/p><p class=\"font_8 wixui-rich-text__text\"><span class=\"wixui-rich-text__text\">Novum se env\u00eda refrigerado. Al recibirlo, Novum debe almacenarse inmediatamente a -20 \u00b0C. <\/span><\/p><p class=\"font_8 wixui-rich-text__text\"><span style=\"text-decoration: underline;\"><span class=\"wixui-rich-text__text\">Instrucciones de uso<\/span><\/span><\/p><p class=\"font_8 wixui-rich-text__text\"><span class=\"wixui-rich-text__text\">\u200b<\/span><span class=\"wixui-rich-text__text\">Antes de a\u00f1adir Novum al diluyente, el polvo debe alcanzar la temperatura ambiente. Puede sacar un frasco del congelador el d\u00eda antes de su uso o el mismo d\u00eda de su uso. Si lo lleva a temperatura ambiente el mismo d\u00eda de su uso, haga rodar el frasco entre las manos para acelerar el proceso.<\/span><\/p><p class=\"font_8 wixui-rich-text__text\"><span class=\"wixui-rich-text__text\"> <\/span><span class=\"wixui-rich-text__text\">La cantidad recomendada de polvo por cantidad de diluyente es la siguiente: deben a\u00f1adirse 2,4 gramos de polvo a 500 ml de diluyente. Al a\u00f1adir el polvo al diluyente, remover lentamente para evitar la formaci\u00f3n de grumos, aunque el polvo es f\u00e1cilmente soluble en el medio utilizado para diluir el semen de conejo. Puede utilizar cualquier diluyente disponible en el mercado.  <\/span><\/p><p class=\"font_8 wixui-rich-text__text\"><span class=\"wixui-rich-text__text\">El tiempo transcurrido entre la adici\u00f3n de Novum al diluyente y la inseminaci\u00f3n debe ser lo m\u00e1s breve posible. Para obtener resultados aceptables, el tiempo m\u00e1ximo permitido entre la adici\u00f3n de Novum y la inseminaci\u00f3n es de 12 horas. <\/span><\/p>\t\t\t\t\t\t\t\t<\/div>\n\t\t\t\t<\/div>\n\t\t<div class=\"elementor-element elementor-element-6126566 e-con-full e-flex e-con e-child\" data-id=\"6126566\" data-element_type=\"container\" data-e-type=\"container\">\n\t\t\t\t<div class=\"elementor-element elementor-element-3a66360 elementor-widget elementor-widget-image\" data-id=\"3a66360\" data-element_type=\"widget\" data-e-type=\"widget\" data-widget_type=\"image.default\">\n\t\t\t\t\t\t\t\t\t\t\t\t\t\t\t<img fetchpriority=\"high\" decoding=\"async\" width=\"1024\" height=\"1024\" src=\"https:\/\/lepex-novum.com\/wp-content\/uploads\/2025\/09\/ChatGPT-Image-26-sept.-2025-a-13_29_50.png\" class=\"attachment-large size-large wp-image-822\" alt=\"\" srcset=\"https:\/\/lepex-novum.com\/wp-content\/uploads\/2025\/09\/ChatGPT-Image-26-sept.-2025-a-13_29_50.png 1024w, https:\/\/lepex-novum.com\/wp-content\/uploads\/2025\/09\/ChatGPT-Image-26-sept.-2025-a-13_29_50-200x200.png 200w, https:\/\/lepex-novum.com\/wp-content\/uploads\/2025\/09\/ChatGPT-Image-26-sept.-2025-a-13_29_50-100x100.png 100w, https:\/\/lepex-novum.com\/wp-content\/uploads\/2025\/09\/ChatGPT-Image-26-sept.-2025-a-13_29_50-300x300.png 300w, https:\/\/lepex-novum.com\/wp-content\/uploads\/2025\/09\/ChatGPT-Image-26-sept.-2025-a-13_29_50-150x150.png 150w, https:\/\/lepex-novum.com\/wp-content\/uploads\/2025\/09\/ChatGPT-Image-26-sept.-2025-a-13_29_50-768x768.png 768w\" sizes=\"(max-width: 1024px) 100vw, 1024px\" \/>\t\t\t\t\t\t\t\t\t\t\t\t\t\t\t<\/div>\n\t\t\t\t<\/div>\n\t\t\t\t\t<\/div>\n\t\t\t\t<\/div>\n\t\t<div class=\"elementor-element elementor-element-56c8d7c e-flex e-con-boxed e-con e-parent\" data-id=\"56c8d7c\" data-element_type=\"container\" data-e-type=\"container\">\n\t\t\t\t\t<div class=\"e-con-inner\">\n\t\t<div class=\"elementor-element elementor-element-26d2947 e-con-full e-flex e-con e-child\" data-id=\"26d2947\" data-element_type=\"container\" data-e-type=\"container\">\n\t\t\t\t<div class=\"elementor-element elementor-element-b83c24d elementor-widget elementor-widget-image\" data-id=\"b83c24d\" data-element_type=\"widget\" data-e-type=\"widget\" data-widget_type=\"image.default\">\n\t\t\t\t\t\t\t\t\t\t\t\t\t\t\t<img decoding=\"async\" width=\"1024\" height=\"796\" src=\"https:\/\/lepex-novum.com\/wp-content\/uploads\/2025\/09\/Firefly_lapin-avec-dadn-orange-new-design-photo-realiste-fond-transparent-907576-1024x796.jpg\" class=\"attachment-large size-large wp-image-823\" alt=\"\" srcset=\"https:\/\/lepex-novum.com\/wp-content\/uploads\/2025\/09\/Firefly_lapin-avec-dadn-orange-new-design-photo-realiste-fond-transparent-907576-1024x796.jpg 1024w, https:\/\/lepex-novum.com\/wp-content\/uploads\/2025\/09\/Firefly_lapin-avec-dadn-orange-new-design-photo-realiste-fond-transparent-907576-200x156.jpg 200w, https:\/\/lepex-novum.com\/wp-content\/uploads\/2025\/09\/Firefly_lapin-avec-dadn-orange-new-design-photo-realiste-fond-transparent-907576-300x233.jpg 300w, https:\/\/lepex-novum.com\/wp-content\/uploads\/2025\/09\/Firefly_lapin-avec-dadn-orange-new-design-photo-realiste-fond-transparent-907576-768x597.jpg 768w, https:\/\/lepex-novum.com\/wp-content\/uploads\/2025\/09\/Firefly_lapin-avec-dadn-orange-new-design-photo-realiste-fond-transparent-907576-1536x1195.jpg 1536w, https:\/\/lepex-novum.com\/wp-content\/uploads\/2025\/09\/Firefly_lapin-avec-dadn-orange-new-design-photo-realiste-fond-transparent-907576-2048x1593.jpg 2048w\" sizes=\"(max-width: 1024px) 100vw, 1024px\" \/>\t\t\t\t\t\t\t\t\t\t\t\t\t\t\t<\/div>\n\t\t\t\t<\/div>\n\t\t<div class=\"elementor-element elementor-element-de737f2 e-con-full e-flex e-con e-child\" data-id=\"de737f2\" data-element_type=\"container\" data-e-type=\"container\">\n\t\t\t\t<div class=\"elementor-element elementor-element-a83165c elementor-widget elementor-widget-text-editor\" data-id=\"a83165c\" data-element_type=\"widget\" data-e-type=\"widget\" data-widget_type=\"text-editor.default\">\n\t\t\t\t\t\t\t\t\t<div id=\"bgLayers_comp-m3bc62h11\" class=\"MW5IWV\" data-hook=\"bgLayers\" data-motion-part=\"BG_LAYER comp-m3bc62h11\"><div id=\"bgMedia_comp-m3bc62h11\" class=\"VgO9Yg\" data-motion-part=\"BG_MEDIA comp-m3bc62h11\"> <\/div><\/div><div class=\"\" data-mesh-id=\"comp-m3bc62h11inlineContent\" data-testid=\"inline-content\"><div data-mesh-id=\"comp-m3bc62h11inlineContent-gridContainer\" data-testid=\"mesh-container-content\"><div id=\"comp-m3bc62h28\" class=\"Z_l5lU ku3DBC zQ9jDz comp-m3bc62h28 wixui-rich-text\" data-testid=\"richTextElement\"><h2 class=\"font_2 wixui-rich-text__text\"><span style=\"text-decoration: underline;\"><strong><span class=\"wixui-rich-text__text\">Rendimiento de Novum<\/span><\/strong><\/span><\/h2><\/div><div id=\"comp-m3bc62h46\" class=\"Z_l5lU ku3DBC zQ9jDz comp-m3bc62h46 wixui-rich-text\" data-testid=\"richTextElement\"><p class=\"font_8 wixui-rich-text__text\"><span class=\"wixui-rich-text__text\">En lo que respecta al rendimiento del uso de Novum como suplemento en un diluyente<\/span><span class=\"wixui-rich-text__text\">, la atenci\u00f3n se centra principalmente en la tasa de gestaci\u00f3n y el tama\u00f1o de la camada. Dado que el rendimiento depende de muchas variables, como la gesti\u00f3n de la granja, las l\u00edneas parentales y la estaci\u00f3n, es necesario llevar a cabo amplios experimentos en condiciones variables.<\/span><\/p><p class=\"font_8 wixui-rich-text__text\"><span class=\"wixui-rich-text__text\">Los primeros experimentos se llevaron a cabo durante y despu\u00e9s del verano de 2023 utilizando peque\u00f1os grupos de animales. M\u00e1s adelante, ese mismo a\u00f1o, tambi\u00e9n se realizaron experimentos de seguimiento para optimizar la f\u00f3rmula de Novum. Los experimentos a gran escala, en los que se inseminaron muchos cientos de hembras, no comenzaron hasta 2024.  <\/span><\/p><p class=\"font_8 wixui-rich-text__text\"><span class=\"wixui-rich-text__text\">En 2024, se inici\u00f3 la colaboraci\u00f3n con varias partes en diferentes pa\u00edses, entre ellos los Pa\u00edses Bajos, Francia, Hungr\u00eda e Italia. En general, podemos decir que la aplicaci\u00f3n de Novum, en las condiciones adecuadas, da como resultado una tasa de gestaci\u00f3n superior al 80% y, a veces, cercana al 90%. El tama\u00f1o de la camada oscila entonces entre 10 y 12.   <\/span><\/p><p class=\"font_8 wixui-rich-text__text\"><span class=\"wixui-rich-text__text\">\u200b<\/span><span class=\"wixui-rich-text__text\">Adem\u00e1s del rendimiento, tambi\u00e9n se investig\u00f3 la vida \u00fatil de Novum. Sobre la base de fundamentos te\u00f3ricos, se espera una vida \u00fatil de al menos 2 a\u00f1os cuando Novum se almacena a -20 grados Celsius. Sin embargo, tambi\u00e9n debe tenerse en cuenta el transporte, aunque refrigerado. Los experimentos han demostrado que Novum sigue siendo eficaz durante al menos 9 meses, manteniendo un buen rendimiento.<\/span> <\/p><p class=\"font_8 wixui-rich-text__text\"><span class=\"wixui-rich-text__text\">Continuar\u00e1n los experimentos sobre el rendimiento y la vida \u00fatil en diversas condiciones con el fin de reunir la mayor cantidad de conocimientos posible sobre estos temas.<\/span><\/p><\/div><\/div><\/div>\t\t\t\t\t\t\t\t<\/div>\n\t\t\t\t<\/div>\n\t\t\t\t\t<\/div>\n\t\t\t\t<\/div>\n\t\t<div class=\"elementor-element elementor-element-412f0f8 e-flex e-con-boxed e-con e-parent\" data-id=\"412f0f8\" data-element_type=\"container\" data-e-type=\"container\">\n\t\t\t\t\t<div class=\"e-con-inner\">\n\t\t<div class=\"elementor-element elementor-element-ada6fbe e-con-full e-flex e-con e-child\" data-id=\"ada6fbe\" data-element_type=\"container\" data-e-type=\"container\">\n\t\t\t\t<div class=\"elementor-element elementor-element-4cc5c09 elementor-widget elementor-widget-text-editor\" data-id=\"4cc5c09\" data-element_type=\"widget\" data-e-type=\"widget\" data-widget_type=\"text-editor.default\">\n\t\t\t\t\t\t\t\t\t<div id=\"bgLayers_comp-m6uihgat1\" class=\"MW5IWV\" data-hook=\"bgLayers\" data-motion-part=\"BG_LAYER comp-m6uihgat1\"><div id=\"bgMedia_comp-m6uihgat1\" class=\"VgO9Yg\" data-motion-part=\"BG_MEDIA comp-m6uihgat1\"><strong style=\"font-size: 16px; text-decoration: underline;\"><span class=\"wixui-rich-text__text\">Mecanismo molecular de Novum.<\/span><\/strong><\/div><div data-motion-part=\"BG_MEDIA comp-m6uihgat1\"> <\/div><\/div><div class=\"\" data-mesh-id=\"comp-m6uihgat1inlineContent\" data-testid=\"inline-content\"><div data-mesh-id=\"comp-m6uihgat1inlineContent-gridContainer\" data-testid=\"mesh-container-content\"><div id=\"comp-m6uihgay1\" class=\"MazNVa comp-m6uihgay1 wixui-image\" title=\"d5961d_13a1742004d948f3805f58db8414f7c8~mv2.png\"><div class=\"j7pOnl\" data-testid=\"linkElement\"><span style=\"font-size: 16px;\">Novum: una clave para prolongar la actividad del NGF<\/span><\/div><\/div><div id=\"comp-m6uij3wa\" class=\"Z_l5lU ku3DBC zQ9jDz comp-m6uij3wa wixui-rich-text\" data-testid=\"richTextElement\"><p class=\"font_8 wixui-rich-text__text\">Evidencias recientes de la literatura, as\u00ed como experimentos propios, sugieren que Novum desempe\u00f1a un papel crucial en la preservaci\u00f3n del factor de crecimiento nervioso (NGF), una mol\u00e9cula clave involucrada en los procesos reproductivos. Lo consigue a trav\u00e9s de dos mecanismos principales que ayudan a prevenir la degradaci\u00f3n del NGF dentro del tracto reproductivo femenino y el semen.<\/p><p class=\"font_8 wixui-rich-text__text\">El primer mecanismo implica inhibidores de enzimas proteol\u00edticas. Estos inhibidores se dirigen espec\u00edficamente a la descomposici\u00f3n del NGF y la reducen, lo que permite que permanezca activo durante un per\u00edodo m\u00e1s prolongado. Al prolongar la presencia del NGF, Novum aumenta la probabilidad de una inducci\u00f3n de la ovulaci\u00f3n exitosa.<\/p><p class=\"font_8 wixui-rich-text__text\">La segunda estrategia gira en torno a los hidrolizados de prote\u00ednas, una mezcla compleja de p\u00e9ptidos derivados de diversas fuentes, como el suero de leche, la soja y los cereales. Estos hidrolizados act\u00faan como se\u00f1uelos, involucrando a las enzimas proteol\u00edticas y evitando que ataquen al NGF. Esto crea un efecto de impedimento est\u00e9rico, protegiendo eficazmente al NGF y mejorando su biodisponibilidad.<\/p><p class=\"font_8 wixui-rich-text__text\">Al combinar estos dos enfoques, Novum extiende significativamente la vida \u00fatil del NGF en el entorno reproductivo, aumentando su eficacia en el apoyo a la ovulaci\u00f3n y la fertilidad.<\/p><\/div><\/div><\/div>\t\t\t\t\t\t\t\t<\/div>\n\t\t\t\t<\/div>\n\t\t<div class=\"elementor-element elementor-element-55e3f07 e-con-full e-flex e-con e-child\" data-id=\"55e3f07\" data-element_type=\"container\" data-e-type=\"container\">\n\t\t\t\t<div class=\"elementor-element elementor-element-4d1ad38 elementor-widget elementor-widget-image\" data-id=\"4d1ad38\" data-element_type=\"widget\" data-e-type=\"widget\" data-widget_type=\"image.default\">\n\t\t\t\t\t\t\t\t\t\t\t\t\t\t\t<img decoding=\"async\" width=\"1024\" height=\"796\" src=\"https:\/\/lepex-novum.com\/wp-content\/uploads\/2025\/09\/Firefly_spermatozoides-humains-au-microscope-vers-ovule-879941-1024x796.jpg\" class=\"attachment-large size-large wp-image-824\" alt=\"\" srcset=\"https:\/\/lepex-novum.com\/wp-content\/uploads\/2025\/09\/Firefly_spermatozoides-humains-au-microscope-vers-ovule-879941-1024x796.jpg 1024w, https:\/\/lepex-novum.com\/wp-content\/uploads\/2025\/09\/Firefly_spermatozoides-humains-au-microscope-vers-ovule-879941-200x156.jpg 200w, https:\/\/lepex-novum.com\/wp-content\/uploads\/2025\/09\/Firefly_spermatozoides-humains-au-microscope-vers-ovule-879941-300x233.jpg 300w, https:\/\/lepex-novum.com\/wp-content\/uploads\/2025\/09\/Firefly_spermatozoides-humains-au-microscope-vers-ovule-879941-768x597.jpg 768w, https:\/\/lepex-novum.com\/wp-content\/uploads\/2025\/09\/Firefly_spermatozoides-humains-au-microscope-vers-ovule-879941-1536x1195.jpg 1536w, https:\/\/lepex-novum.com\/wp-content\/uploads\/2025\/09\/Firefly_spermatozoides-humains-au-microscope-vers-ovule-879941-2048x1593.jpg 2048w\" sizes=\"(max-width: 1024px) 100vw, 1024px\" \/>\t\t\t\t\t\t\t\t\t\t\t\t\t\t\t<\/div>\n\t\t\t\t<\/div>\n\t\t\t\t\t<\/div>\n\t\t\t\t<\/div>\n\t\t\t\t<\/div>\n\t\t","protected":false},"excerpt":{"rendered":"<p>Novum es un polvo de color naranja que se puede a\u00f1adir a los diluyentes de semen de conejo para favorecer [&hellip;]<\/p>\n","protected":false},"author":1,"featured_media":0,"parent":0,"menu_order":0,"comment_status":"closed","ping_status":"closed","template":"","meta":{"site-sidebar-layout":"no-sidebar","site-content-layout":"","ast-site-content-layout":"full-width-container","site-content-style":"default","site-sidebar-style":"default","ast-global-header-display":"","ast-banner-title-visibility":"","ast-main-header-display":"","ast-hfb-above-header-display":"","ast-hfb-below-header-display":"","ast-hfb-mobile-header-display":"","site-post-title":"disabled","ast-breadcrumbs-content":"","ast-featured-img":"disabled","footer-sml-layout":"","ast-disable-related-posts":"","theme-transparent-header-meta":"","adv-header-id-meta":"","stick-header-meta":"","header-above-stick-meta":"","header-main-stick-meta":"","header-below-stick-meta":"","astra-migrate-meta-layouts":"default","ast-page-background-enabled":"default","ast-page-background-meta":{"desktop":{"background-color":"var(--ast-global-color-5)","background-image":"","background-repeat":"repeat","background-position":"center center","background-size":"auto","background-attachment":"scroll","background-type":"","background-media":"","overlay-type":"","overlay-color":"","overlay-opacity":"","overlay-gradient":""},"tablet":{"background-color":"","background-image":"","background-repeat":"repeat","background-position":"center center","background-size":"auto","background-attachment":"scroll","background-type":"","background-media":"","overlay-type":"","overlay-color":"","overlay-opacity":"","overlay-gradient":""},"mobile":{"background-color":"","background-image":"","background-repeat":"repeat","background-position":"center center","background-size":"auto","background-attachment":"scroll","background-type":"","background-media":"","overlay-type":"","overlay-color":"","overlay-opacity":"","overlay-gradient":""}},"ast-content-background-meta":{"desktop":{"background-color":"var(--ast-global-color-4)","background-image":"","background-repeat":"repeat","background-position":"center center","background-size":"auto","background-attachment":"scroll","background-type":"","background-media":"","overlay-type":"","overlay-color":"","overlay-opacity":"","overlay-gradient":""},"tablet":{"background-color":"var(--ast-global-color-4)","background-image":"","background-repeat":"repeat","background-position":"center center","background-size":"auto","background-attachment":"scroll","background-type":"","background-media":"","overlay-type":"","overlay-color":"","overlay-opacity":"","overlay-gradient":""},"mobile":{"background-color":"var(--ast-global-color-4)","background-image":"","background-repeat":"repeat","background-position":"center center","background-size":"auto","background-attachment":"scroll","background-type":"","background-media":"","overlay-type":"","overlay-color":"","overlay-opacity":"","overlay-gradient":""}},"footnotes":""},"class_list":["post-820","page","type-page","status-publish","hentry"],"jetpack_sharing_enabled":true,"_links":{"self":[{"href":"https:\/\/lepex-novum.com\/es\/wp-json\/wp\/v2\/pages\/820","targetHints":{"allow":["GET"]}}],"collection":[{"href":"https:\/\/lepex-novum.com\/es\/wp-json\/wp\/v2\/pages"}],"about":[{"href":"https:\/\/lepex-novum.com\/es\/wp-json\/wp\/v2\/types\/page"}],"author":[{"embeddable":true,"href":"https:\/\/lepex-novum.com\/es\/wp-json\/wp\/v2\/users\/1"}],"replies":[{"embeddable":true,"href":"https:\/\/lepex-novum.com\/es\/wp-json\/wp\/v2\/comments?post=820"}],"version-history":[{"count":1,"href":"https:\/\/lepex-novum.com\/es\/wp-json\/wp\/v2\/pages\/820\/revisions"}],"predecessor-version":[{"id":825,"href":"https:\/\/lepex-novum.com\/es\/wp-json\/wp\/v2\/pages\/820\/revisions\/825"}],"wp:attachment":[{"href":"https:\/\/lepex-novum.com\/es\/wp-json\/wp\/v2\/media?parent=820"}],"curies":[{"name":"wp","href":"https:\/\/api.w.org\/{rel}","templated":true}]}}