{"id":1052,"date":"2025-10-02T13:31:33","date_gmt":"2025-10-02T12:31:33","guid":{"rendered":"https:\/\/lepex-novum.com\/lepex-novum\/"},"modified":"2025-11-20T16:00:15","modified_gmt":"2025-11-20T15:00:15","slug":"lepex-novum","status":"publish","type":"page","link":"https:\/\/lepex-novum.com\/de\/lepex-novum\/","title":{"rendered":"Lepex-novum"},"content":{"rendered":"\t\t<div data-elementor-type=\"wp-page\" data-elementor-id=\"1052\" class=\"elementor elementor-1052 elementor-350\">\n\t\t\t\t<div class=\"elementor-element elementor-element-be42f96 e-flex e-con-boxed e-con e-parent\" data-id=\"be42f96\" data-element_type=\"container\" data-e-type=\"container\">\n\t\t\t\t\t<div class=\"e-con-inner\">\n\t\t\t\t<div class=\"elementor-element elementor-element-651c71e elementor-widget elementor-widget-image\" data-id=\"651c71e\" data-element_type=\"widget\" data-e-type=\"widget\" data-widget_type=\"image.default\">\n\t\t\t\t\t\t\t\t\t\t\t\t\t\t\t<img fetchpriority=\"high\" decoding=\"async\" width=\"300\" height=\"300\" src=\"https:\/\/lepex-novum.com\/wp-content\/uploads\/2025\/09\/Logo-Novum-copie-300x300.jpg\" class=\"attachment-medium size-medium wp-image-45\" alt=\"\" srcset=\"https:\/\/lepex-novum.com\/wp-content\/uploads\/2025\/09\/Logo-Novum-copie-300x300.jpg 300w, https:\/\/lepex-novum.com\/wp-content\/uploads\/2025\/09\/Logo-Novum-copie-200x200.jpg 200w, https:\/\/lepex-novum.com\/wp-content\/uploads\/2025\/09\/Logo-Novum-copie-100x100.jpg 100w, https:\/\/lepex-novum.com\/wp-content\/uploads\/2025\/09\/Logo-Novum-copie-150x150.jpg 150w, https:\/\/lepex-novum.com\/wp-content\/uploads\/2025\/09\/Logo-Novum-copie-768x768.jpg 768w, https:\/\/lepex-novum.com\/wp-content\/uploads\/2025\/09\/Logo-Novum-copie.jpg 1024w\" sizes=\"(max-width: 300px) 100vw, 300px\" \/>\t\t\t\t\t\t\t\t\t\t\t\t\t\t\t<\/div>\n\t\t\t\t<div class=\"elementor-element elementor-element-0e3b1ec elementor-widget elementor-widget-text-editor\" data-id=\"0e3b1ec\" data-element_type=\"widget\" data-e-type=\"widget\" data-widget_type=\"text-editor.default\">\n\t\t\t\t\t\t\t\t\t<div><p><strong><span lang=\"NL-BE\">Revolutionierung der Kaninchenzucht mit KI-gest\u00fctzter Verd\u00fcnnertechnologie<\/span><\/strong><\/p><\/div><div><p><b>LEPEX-NOVUM<\/b> ist ein hochmoderner Verd\u00fcnner, der speziell zur Verbesserung der k\u00fcnstlichen Besamung (KB) in der Kaninchenzucht entwickelt wurde. Durch die Integration der fortschrittlichen NOVUM-Plattform in das bew\u00e4hrte LEPEX-Verd\u00fcnnersystem optimiert diese innovative L\u00f6sung die Spermakonservierung und -viabilit\u00e4t und verbessert letztendlich die Fortpflanzungserfolgsraten und die Zuchteffizienz (Wurfgr\u00f6\u00dfe). <\/p><\/div><div><p>Mit <b>LEPEX-NOVUM<\/b> profitieren Z\u00fcchter von einer hochmodernen Formulierung und Technologie, die eine bessere Spermienmotilit\u00e4t und -lebensdauer unterst\u00fctzt und so h\u00f6here Befruchtungsraten und ges\u00fcndere W\u00fcrfe erm\u00f6glicht. Dieser neue Verd\u00fcnner geht nicht nur auf die besonderen biologischen Herausforderungen der Kaninchenreproduktion ein, sondern erm\u00f6glicht es den Z\u00fcchtern auch, KB-Techniken f\u00fcr pr\u00e4zisere, kontrolliertere und nachhaltigere Zuchtprogramme zu nutzen. <\/p><\/div><div><p>Durch die Kombination von wissenschaftlicher Innovation mit praktischer Anwendung wird <b>LEPEX-NOVUM<\/b> die Praktiken der Kaninchenzucht ver\u00e4ndern und die k\u00fcnstliche Besamung zuverl\u00e4ssiger und produktiver als je zuvor machen.<\/p><\/div>\t\t\t\t\t\t\t\t<\/div>\n\t\t\t\t\t<\/div>\n\t\t\t\t<\/div>\n\t\t\t\t<\/div>\n\t\t","protected":false},"excerpt":{"rendered":"<p>Revolutionierung der Kaninchenzucht mit KI-gest\u00fctzter Verd\u00fcnnertechnologie LEPEX-NOVUM ist ein hochmoderner Verd\u00fcnner, der speziell zur Verbesserung der k\u00fcnstlichen Besamung (KB) in [&hellip;]<\/p>\n","protected":false},"author":1,"featured_media":0,"parent":0,"menu_order":0,"comment_status":"closed","ping_status":"closed","template":"","meta":{"site-sidebar-layout":"no-sidebar","site-content-layout":"","ast-site-content-layout":"full-width-container","site-content-style":"default","site-sidebar-style":"default","ast-global-header-display":"","ast-banner-title-visibility":"","ast-main-header-display":"","ast-hfb-above-header-display":"","ast-hfb-below-header-display":"","ast-hfb-mobile-header-display":"","site-post-title":"disabled","ast-breadcrumbs-content":"","ast-featured-img":"disabled","footer-sml-layout":"","ast-disable-related-posts":"","theme-transparent-header-meta":"","adv-header-id-meta":"","stick-header-meta":"","header-above-stick-meta":"","header-main-stick-meta":"","header-below-stick-meta":"","astra-migrate-meta-layouts":"default","ast-page-background-enabled":"default","ast-page-background-meta":{"desktop":{"background-color":"var(--ast-global-color-5)","background-image":"","background-repeat":"repeat","background-position":"center center","background-size":"auto","background-attachment":"scroll","background-type":"","background-media":"","overlay-type":"","overlay-color":"","overlay-opacity":"","overlay-gradient":""},"tablet":{"background-color":"","background-image":"","background-repeat":"repeat","background-position":"center center","background-size":"auto","background-attachment":"scroll","background-type":"","background-media":"","overlay-type":"","overlay-color":"","overlay-opacity":"","overlay-gradient":""},"mobile":{"background-color":"","background-image":"","background-repeat":"repeat","background-position":"center center","background-size":"auto","background-attachment":"scroll","background-type":"","background-media":"","overlay-type":"","overlay-color":"","overlay-opacity":"","overlay-gradient":""}},"ast-content-background-meta":{"desktop":{"background-color":"var(--ast-global-color-4)","background-image":"","background-repeat":"repeat","background-position":"center center","background-size":"auto","background-attachment":"scroll","background-type":"","background-media":"","overlay-type":"","overlay-color":"","overlay-opacity":"","overlay-gradient":""},"tablet":{"background-color":"var(--ast-global-color-4)","background-image":"","background-repeat":"repeat","background-position":"center center","background-size":"auto","background-attachment":"scroll","background-type":"","background-media":"","overlay-type":"","overlay-color":"","overlay-opacity":"","overlay-gradient":""},"mobile":{"background-color":"var(--ast-global-color-4)","background-image":"","background-repeat":"repeat","background-position":"center center","background-size":"auto","background-attachment":"scroll","background-type":"","background-media":"","overlay-type":"","overlay-color":"","overlay-opacity":"","overlay-gradient":""}},"footnotes":""},"class_list":["post-1052","page","type-page","status-publish","hentry"],"jetpack_sharing_enabled":true,"_links":{"self":[{"href":"https:\/\/lepex-novum.com\/de\/wp-json\/wp\/v2\/pages\/1052","targetHints":{"allow":["GET"]}}],"collection":[{"href":"https:\/\/lepex-novum.com\/de\/wp-json\/wp\/v2\/pages"}],"about":[{"href":"https:\/\/lepex-novum.com\/de\/wp-json\/wp\/v2\/types\/page"}],"author":[{"embeddable":true,"href":"https:\/\/lepex-novum.com\/de\/wp-json\/wp\/v2\/users\/1"}],"replies":[{"embeddable":true,"href":"https:\/\/lepex-novum.com\/de\/wp-json\/wp\/v2\/comments?post=1052"}],"version-history":[{"count":1,"href":"https:\/\/lepex-novum.com\/de\/wp-json\/wp\/v2\/pages\/1052\/revisions"}],"predecessor-version":[{"id":1054,"href":"https:\/\/lepex-novum.com\/de\/wp-json\/wp\/v2\/pages\/1052\/revisions\/1054"}],"wp:attachment":[{"href":"https:\/\/lepex-novum.com\/de\/wp-json\/wp\/v2\/media?parent=1052"}],"curies":[{"name":"wp","href":"https:\/\/api.w.org\/{rel}","templated":true}]}}