{"id":1025,"date":"2025-09-26T09:28:26","date_gmt":"2025-09-26T09:28:26","guid":{"rendered":"https:\/\/lepex-novum.com\/novum\/"},"modified":"2025-10-24T13:09:08","modified_gmt":"2025-10-24T13:09:08","slug":"novum","status":"publish","type":"page","link":"https:\/\/lepex-novum.com\/de\/novum\/","title":{"rendered":"Novum"},"content":{"rendered":"\t\t<div data-elementor-type=\"wp-page\" data-elementor-id=\"1025\" class=\"elementor elementor-1025 elementor-62\">\n\t\t\t\t<div class=\"elementor-element elementor-element-1d8dfdc e-flex e-con-boxed e-con e-parent\" data-id=\"1d8dfdc\" data-element_type=\"container\" data-e-type=\"container\">\n\t\t\t\t\t<div class=\"e-con-inner\">\n\t\t<div class=\"elementor-element elementor-element-00d761f e-con-full e-flex e-con e-child\" data-id=\"00d761f\" data-element_type=\"container\" data-e-type=\"container\">\n\t\t\t\t<div class=\"elementor-element elementor-element-6f1cb32 elementor-widget elementor-widget-text-editor\" data-id=\"6f1cb32\" data-element_type=\"widget\" data-e-type=\"widget\" data-widget_type=\"text-editor.default\">\n\t\t\t\t\t\t\t\t\t<p class=\"font_8 wixui-rich-text__text\"><span class=\"wixui-rich-text__text\">Novum ist ein orangefarbenes Pulver, das Kaninchensamen-Extender zugesetzt werden kann, um die Ovulation und Tr\u00e4chtigkeit zu unterst\u00fctzen. Seine Wirkung basiert auf dem Schutz der Bestandteile des Kaninchensamens, die auf nat\u00fcrliche Weise die Ovulation ausl\u00f6sen. Daher ist keine Registrierung als Tierarzneimittel erforderlich, um diese ovulationsausl\u00f6senden Faktoren zu erhalten. Es kann als Erg\u00e4nzung betrachtet werden.   <\/span><\/p><p class=\"font_8 wixui-rich-text__text\"><span style=\"text-decoration: underline;\"><span class=\"wixui-rich-text__text\">Verpackung<\/span><\/span><\/p><p class=\"font_8 wixui-rich-text__text\"><span class=\"wixui-rich-text__text\">Novum-Pulver wird in Plastikflaschen mit je 2,4 Gramm verpackt. Diese 2,4-Gramm-Menge kann zu 500 ml Kaninchensamen-Extender hinzugef\u00fcgt werden. Je nach ben\u00f6tigter Extendermenge kann der Inhalt einer einzelnen Flasche entweder vollst\u00e4ndig oder teilweise verwendet werden. Alternativ k\u00f6nnen auf Anfrage auch andere Verpackungsgr\u00f6\u00dfen hergestellt werden.   <\/span><\/p><p class=\"font_8 wixui-rich-text__text\"><span style=\"text-decoration: underline;\"><span class=\"wixui-rich-text__text\">Anweisungen zur Lagerung<\/span><\/span><\/p><p class=\"font_8 wixui-rich-text__text\"><span class=\"wixui-rich-text__text\">Novum wird gek\u00fchlt versendet. Nach Erhalt muss Novum sofort bei -20 \u00b0C gelagert werden. <\/span><\/p><p class=\"font_8 wixui-rich-text__text\"><span style=\"text-decoration: underline;\"><span class=\"wixui-rich-text__text\">Gebrauchsanweisung<\/span><\/span><\/p><p class=\"font_8 wixui-rich-text__text\"><span class=\"wixui-rich-text__text\">\u200b<\/span><span class=\"wixui-rich-text__text\">Bevor Novum dem Extender zugesetzt wird, muss das Pulver auf Raumtemperatur gebracht werden. Sie k\u00f6nnen eine Flasche entweder einen Tag vor Gebrauch oder am Tag des Gebrauchs aus dem Gefrierschrank nehmen. Wenn Sie es am Tag des Gebrauchs auf Raumtemperatur bringen, rollen Sie die Flasche zwischen Ihren H\u00e4nden, um den Vorgang zu beschleunigen.<\/span><\/p><p class=\"font_8 wixui-rich-text__text\"><span class=\"wixui-rich-text__text\"> <\/span><span class=\"wixui-rich-text__text\">Die empfohlene Pulvermenge pro Extendermenge ist wie folgt: 2,4 Gramm Pulver sollten zu 500 ml Extender hinzugef\u00fcgt werden. Wenn Sie das Pulver dem Extender hinzuf\u00fcgen, r\u00fchren Sie langsam um, um die Bildung von Klumpen zu vermeiden, obwohl sich das Pulver leicht in dem Medium l\u00f6slich ist, das zum Verd\u00fcnnen von Kaninchensamen verwendet wird. Sie k\u00f6nnen jeden handels\u00fcblichen Extender verwenden.  <\/span><\/p><p class=\"font_8 wixui-rich-text__text\"><span class=\"wixui-rich-text__text\">Die Zeit zwischen dem Hinzuf\u00fcgen von Novum zum Extender und der Insemination sollte so kurz wie m\u00f6glich gehalten werden. Um akzeptable Ergebnisse zu erzielen, betr\u00e4gt die maximal zul\u00e4ssige Zeit zwischen dem Hinzuf\u00fcgen von Novum und der Insemination 12 Stunden. <\/span><\/p>\t\t\t\t\t\t\t\t<\/div>\n\t\t\t\t<\/div>\n\t\t<div class=\"elementor-element elementor-element-6126566 e-con-full e-flex e-con e-child\" data-id=\"6126566\" data-element_type=\"container\" data-e-type=\"container\">\n\t\t\t\t<div class=\"elementor-element elementor-element-3a66360 elementor-widget elementor-widget-image\" data-id=\"3a66360\" data-element_type=\"widget\" data-e-type=\"widget\" data-widget_type=\"image.default\">\n\t\t\t\t\t\t\t\t\t\t\t\t\t\t\t<img fetchpriority=\"high\" decoding=\"async\" width=\"1024\" height=\"1024\" src=\"https:\/\/lepex-novum.com\/wp-content\/uploads\/2025\/09\/ChatGPT-Image-26-sept.-2025-a-13_29_50.png\" class=\"attachment-large size-large wp-image-1027\" alt=\"\" srcset=\"https:\/\/lepex-novum.com\/wp-content\/uploads\/2025\/09\/ChatGPT-Image-26-sept.-2025-a-13_29_50.png 1024w, https:\/\/lepex-novum.com\/wp-content\/uploads\/2025\/09\/ChatGPT-Image-26-sept.-2025-a-13_29_50-200x200.png 200w, https:\/\/lepex-novum.com\/wp-content\/uploads\/2025\/09\/ChatGPT-Image-26-sept.-2025-a-13_29_50-100x100.png 100w, https:\/\/lepex-novum.com\/wp-content\/uploads\/2025\/09\/ChatGPT-Image-26-sept.-2025-a-13_29_50-300x300.png 300w, https:\/\/lepex-novum.com\/wp-content\/uploads\/2025\/09\/ChatGPT-Image-26-sept.-2025-a-13_29_50-150x150.png 150w, https:\/\/lepex-novum.com\/wp-content\/uploads\/2025\/09\/ChatGPT-Image-26-sept.-2025-a-13_29_50-768x768.png 768w\" sizes=\"(max-width: 1024px) 100vw, 1024px\" \/>\t\t\t\t\t\t\t\t\t\t\t\t\t\t\t<\/div>\n\t\t\t\t<\/div>\n\t\t\t\t\t<\/div>\n\t\t\t\t<\/div>\n\t\t<div class=\"elementor-element elementor-element-56c8d7c e-flex e-con-boxed e-con e-parent\" data-id=\"56c8d7c\" data-element_type=\"container\" data-e-type=\"container\">\n\t\t\t\t\t<div class=\"e-con-inner\">\n\t\t<div class=\"elementor-element elementor-element-26d2947 e-con-full e-flex e-con e-child\" data-id=\"26d2947\" data-element_type=\"container\" data-e-type=\"container\">\n\t\t\t\t<div class=\"elementor-element elementor-element-b83c24d elementor-widget elementor-widget-image\" data-id=\"b83c24d\" data-element_type=\"widget\" data-e-type=\"widget\" data-widget_type=\"image.default\">\n\t\t\t\t\t\t\t\t\t\t\t\t\t\t\t<img decoding=\"async\" width=\"1024\" height=\"796\" src=\"https:\/\/lepex-novum.com\/wp-content\/uploads\/2025\/09\/Firefly_lapin-avec-dadn-orange-new-design-photo-realiste-fond-transparent-907576-1024x796.jpg\" class=\"attachment-large size-large wp-image-1028\" alt=\"\" srcset=\"https:\/\/lepex-novum.com\/wp-content\/uploads\/2025\/09\/Firefly_lapin-avec-dadn-orange-new-design-photo-realiste-fond-transparent-907576-1024x796.jpg 1024w, https:\/\/lepex-novum.com\/wp-content\/uploads\/2025\/09\/Firefly_lapin-avec-dadn-orange-new-design-photo-realiste-fond-transparent-907576-200x156.jpg 200w, https:\/\/lepex-novum.com\/wp-content\/uploads\/2025\/09\/Firefly_lapin-avec-dadn-orange-new-design-photo-realiste-fond-transparent-907576-300x233.jpg 300w, https:\/\/lepex-novum.com\/wp-content\/uploads\/2025\/09\/Firefly_lapin-avec-dadn-orange-new-design-photo-realiste-fond-transparent-907576-768x597.jpg 768w, https:\/\/lepex-novum.com\/wp-content\/uploads\/2025\/09\/Firefly_lapin-avec-dadn-orange-new-design-photo-realiste-fond-transparent-907576-1536x1195.jpg 1536w, https:\/\/lepex-novum.com\/wp-content\/uploads\/2025\/09\/Firefly_lapin-avec-dadn-orange-new-design-photo-realiste-fond-transparent-907576-2048x1593.jpg 2048w\" sizes=\"(max-width: 1024px) 100vw, 1024px\" \/>\t\t\t\t\t\t\t\t\t\t\t\t\t\t\t<\/div>\n\t\t\t\t<\/div>\n\t\t<div class=\"elementor-element elementor-element-de737f2 e-con-full e-flex e-con e-child\" data-id=\"de737f2\" data-element_type=\"container\" data-e-type=\"container\">\n\t\t\t\t<div class=\"elementor-element elementor-element-a83165c elementor-widget elementor-widget-text-editor\" data-id=\"a83165c\" data-element_type=\"widget\" data-e-type=\"widget\" data-widget_type=\"text-editor.default\">\n\t\t\t\t\t\t\t\t\t<div id=\"bgLayers_comp-m3bc62h11\" class=\"MW5IWV\" data-hook=\"bgLayers\" data-motion-part=\"BG_LAYER comp-m3bc62h11\"><div id=\"bgMedia_comp-m3bc62h11\" class=\"VgO9Yg\" data-motion-part=\"BG_MEDIA comp-m3bc62h11\"> <\/div><\/div><div class=\"\" data-mesh-id=\"comp-m3bc62h11inlineContent\" data-testid=\"inline-content\"><div data-mesh-id=\"comp-m3bc62h11inlineContent-gridContainer\" data-testid=\"mesh-container-content\"><div id=\"comp-m3bc62h28\" class=\"Z_l5lU ku3DBC zQ9jDz comp-m3bc62h28 wixui-rich-text\" data-testid=\"richTextElement\"><h2 class=\"font_2 wixui-rich-text__text\"><span style=\"text-decoration: underline;\"><strong><span class=\"wixui-rich-text__text\">Leistung von Novum<\/span><\/strong><\/span><\/h2><\/div><div id=\"comp-m3bc62h46\" class=\"Z_l5lU ku3DBC zQ9jDz comp-m3bc62h46 wixui-rich-text\" data-testid=\"richTextElement\"><p class=\"font_8 wixui-rich-text__text\"><span class=\"wixui-rich-text__text\">Wenn es um die Leistung der Verwendung von Novum als Erg\u00e4nzung in einem Verd\u00fcnnungsmittel geht<\/span><span class=\"wixui-rich-text__text\">, liegt der Hauptfokus auf der Tr\u00e4chtigkeitsrate und der Wurfgr\u00f6\u00dfe. Da die Leistung von vielen Variablen abh\u00e4ngt, einschlie\u00dflich Farmmanagement, Elterntierlinien und Jahreszeit, ist es notwendig, umfangreiche Experimente unter verschiedenen Bedingungen durchzuf\u00fchren.<\/span><\/p><p class=\"font_8 wixui-rich-text__text\"><span class=\"wixui-rich-text__text\">Die ersten Experimente wurden w\u00e4hrend und nach dem Sommer 2023 mit kleinen Tiergruppen durchgef\u00fchrt. Sp\u00e4ter in diesem Jahr wurden auch Folgeexperimente durchgef\u00fchrt, um die Formel von Novum zu optimieren. Gro\u00df angelegte Experimente, bei denen viele Hunderte von weiblichen Tieren besamt wurden, begannen erst 2024.  <\/span><\/p><p class=\"font_8 wixui-rich-text__text\"><span class=\"wixui-rich-text__text\">Im Jahr 2024 begann die Zusammenarbeit mit verschiedenen Parteien in verschiedenen L\u00e4ndern, darunter den Niederlanden, Frankreich, Ungarn und Italien. Im Allgemeinen k\u00f6nnen wir sagen, dass die Anwendung von Novum unter den richtigen Bedingungen zu einer Tr\u00e4chtigkeitsrate im hohen 80er-Bereich und manchmal fast 90 % f\u00fchrt. Die Wurfgr\u00f6\u00dfe liegt dann zwischen 10 und 12.   <\/span><\/p><p class=\"font_8 wixui-rich-text__text\"><span class=\"wixui-rich-text__text\">\u200b<\/span><span class=\"wixui-rich-text__text\">Zus\u00e4tzlich zur Leistung wurde auch die Haltbarkeit von Novum untersucht. Aus theoretischer Sicht wird eine Haltbarkeit von mindestens 2 Jahren erwartet, wenn Novum bei -20 Grad Celsius gelagert wird. Allerdings muss auch der Transport \u2013 wenn auch gek\u00fchlt \u2013 ber\u00fccksichtigt werden. Experimente haben gezeigt, dass Novum bei guter Leistung mindestens 9 Monate lang wirksam bleibt.<\/span> <\/p><p class=\"font_8 wixui-rich-text__text\"><span class=\"wixui-rich-text__text\">Experimente zur Leistung und Haltbarkeit unter verschiedenen Bedingungen werden fortgesetzt, um so viel Wissen wie m\u00f6glich \u00fcber diese Themen zu sammeln.<\/span><\/p><\/div><\/div><\/div>\t\t\t\t\t\t\t\t<\/div>\n\t\t\t\t<\/div>\n\t\t\t\t\t<\/div>\n\t\t\t\t<\/div>\n\t\t<div class=\"elementor-element elementor-element-412f0f8 e-flex e-con-boxed e-con e-parent\" data-id=\"412f0f8\" data-element_type=\"container\" data-e-type=\"container\">\n\t\t\t\t\t<div class=\"e-con-inner\">\n\t\t<div class=\"elementor-element elementor-element-ada6fbe e-con-full e-flex e-con e-child\" data-id=\"ada6fbe\" data-element_type=\"container\" data-e-type=\"container\">\n\t\t\t\t<div class=\"elementor-element elementor-element-4cc5c09 elementor-widget elementor-widget-text-editor\" data-id=\"4cc5c09\" data-element_type=\"widget\" data-e-type=\"widget\" data-widget_type=\"text-editor.default\">\n\t\t\t\t\t\t\t\t\t<div id=\"bgLayers_comp-m6uihgat1\" class=\"MW5IWV\" data-hook=\"bgLayers\" data-motion-part=\"BG_LAYER comp-m6uihgat1\"><div id=\"bgMedia_comp-m6uihgat1\" class=\"VgO9Yg\" data-motion-part=\"BG_MEDIA comp-m6uihgat1\"><strong style=\"font-size: 16px; text-decoration: underline;\"><span class=\"wixui-rich-text__text\">Novum molekularer Mechanismus.<\/span><\/strong><\/div><div data-motion-part=\"BG_MEDIA comp-m6uihgat1\"> <\/div><\/div><div class=\"\" data-mesh-id=\"comp-m6uihgat1inlineContent\" data-testid=\"inline-content\"><div data-mesh-id=\"comp-m6uihgat1inlineContent-gridContainer\" data-testid=\"mesh-container-content\"><div id=\"comp-m6uihgay1\" class=\"MazNVa comp-m6uihgay1 wixui-image\" title=\"d5961d_13a1742004d948f3805f58db8414f7c8~mv2.png\"><div class=\"j7pOnl\" data-testid=\"linkElement\"><span style=\"font-size: 16px;\">Novum: ein Schl\u00fcssel zur Verl\u00e4ngerung der NGF-Aktivit\u00e4t<\/span><\/div><\/div><div id=\"comp-m6uij3wa\" class=\"Z_l5lU ku3DBC zQ9jDz comp-m6uij3wa wixui-rich-text\" data-testid=\"richTextElement\"><p class=\"font_8 wixui-rich-text__text\">J\u00fcngste Erkenntnisse aus der Literatur sowie eigene Experimente deuten darauf hin, dass Novum eine entscheidende Rolle bei der Erhaltung des Nervenwachstumsfaktors (NGF) spielt, einem Schl\u00fcsselmolek\u00fcl, das an Fortpflanzungsprozessen beteiligt ist. Dies wird durch zwei Hauptmechanismen erreicht, die dazu beitragen, den NGF-Abbau im weiblichen Fortpflanzungstrakt und im Samen zu verhindern. <\/p><p class=\"font_8 wixui-rich-text__text\">Der erste Mechanismus umfasst proteolytische Enzyminhibitoren. Diese Inhibitoren zielen speziell auf den Abbau von NGF ab und reduzieren ihn, sodass es l\u00e4nger aktiv bleibt. Durch die Verl\u00e4ngerung der NGF-Pr\u00e4senz erh\u00f6ht Novum die Wahrscheinlichkeit einer erfolgreichen Ovulationsinduktion.  <\/p><p class=\"font_8 wixui-rich-text__text\">Die zweite Strategie dreht sich um Proteinhydrolysate, eine komplexe Mischung aus Peptiden, die aus verschiedenen Quellen wie Molke, Soja und Getreide gewonnen werden. Diese Hydrolysate wirken als K\u00f6der, binden proteolytische Enzyme und verhindern, dass sie NGF angreifen. Dies erzeugt einen sterischen Hinderungseffekt, der NGF effektiv abschirmt und seine Bioverf\u00fcgbarkeit erh\u00f6ht.  <\/p><p class=\"font_8 wixui-rich-text__text\">Durch die Kombination dieser beiden Ans\u00e4tze verl\u00e4ngert Novum die Lebensdauer von NGF in der reproduktiven Umgebung erheblich und erh\u00f6ht seine Wirksamkeit bei der Unterst\u00fctzung von Ovulation und Fruchtbarkeit.<\/p><\/div><\/div><\/div>\t\t\t\t\t\t\t\t<\/div>\n\t\t\t\t<\/div>\n\t\t<div class=\"elementor-element elementor-element-55e3f07 e-con-full e-flex e-con e-child\" data-id=\"55e3f07\" data-element_type=\"container\" data-e-type=\"container\">\n\t\t\t\t<div class=\"elementor-element elementor-element-4d1ad38 elementor-widget elementor-widget-image\" data-id=\"4d1ad38\" data-element_type=\"widget\" data-e-type=\"widget\" data-widget_type=\"image.default\">\n\t\t\t\t\t\t\t\t\t\t\t\t\t\t\t<img decoding=\"async\" width=\"1024\" height=\"796\" src=\"https:\/\/lepex-novum.com\/wp-content\/uploads\/2025\/09\/Firefly_spermatozoides-humains-au-microscope-vers-ovule-879941-1024x796.jpg\" class=\"attachment-large size-large wp-image-1029\" alt=\"\" srcset=\"https:\/\/lepex-novum.com\/wp-content\/uploads\/2025\/09\/Firefly_spermatozoides-humains-au-microscope-vers-ovule-879941-1024x796.jpg 1024w, https:\/\/lepex-novum.com\/wp-content\/uploads\/2025\/09\/Firefly_spermatozoides-humains-au-microscope-vers-ovule-879941-200x156.jpg 200w, https:\/\/lepex-novum.com\/wp-content\/uploads\/2025\/09\/Firefly_spermatozoides-humains-au-microscope-vers-ovule-879941-300x233.jpg 300w, https:\/\/lepex-novum.com\/wp-content\/uploads\/2025\/09\/Firefly_spermatozoides-humains-au-microscope-vers-ovule-879941-768x597.jpg 768w, https:\/\/lepex-novum.com\/wp-content\/uploads\/2025\/09\/Firefly_spermatozoides-humains-au-microscope-vers-ovule-879941-1536x1195.jpg 1536w, https:\/\/lepex-novum.com\/wp-content\/uploads\/2025\/09\/Firefly_spermatozoides-humains-au-microscope-vers-ovule-879941-2048x1593.jpg 2048w\" sizes=\"(max-width: 1024px) 100vw, 1024px\" \/>\t\t\t\t\t\t\t\t\t\t\t\t\t\t\t<\/div>\n\t\t\t\t<\/div>\n\t\t\t\t\t<\/div>\n\t\t\t\t<\/div>\n\t\t\t\t<\/div>\n\t\t","protected":false},"excerpt":{"rendered":"<p>Novum ist ein orangefarbenes Pulver, das Kaninchensamen-Extender zugesetzt werden kann, um die Ovulation und Tr\u00e4chtigkeit zu unterst\u00fctzen. Seine Wirkung basiert [&hellip;]<\/p>\n","protected":false},"author":1,"featured_media":0,"parent":0,"menu_order":0,"comment_status":"closed","ping_status":"closed","template":"","meta":{"site-sidebar-layout":"no-sidebar","site-content-layout":"","ast-site-content-layout":"full-width-container","site-content-style":"default","site-sidebar-style":"default","ast-global-header-display":"","ast-banner-title-visibility":"","ast-main-header-display":"","ast-hfb-above-header-display":"","ast-hfb-below-header-display":"","ast-hfb-mobile-header-display":"","site-post-title":"disabled","ast-breadcrumbs-content":"","ast-featured-img":"disabled","footer-sml-layout":"","ast-disable-related-posts":"","theme-transparent-header-meta":"","adv-header-id-meta":"","stick-header-meta":"","header-above-stick-meta":"","header-main-stick-meta":"","header-below-stick-meta":"","astra-migrate-meta-layouts":"default","ast-page-background-enabled":"default","ast-page-background-meta":{"desktop":{"background-color":"var(--ast-global-color-5)","background-image":"","background-repeat":"repeat","background-position":"center center","background-size":"auto","background-attachment":"scroll","background-type":"","background-media":"","overlay-type":"","overlay-color":"","overlay-opacity":"","overlay-gradient":""},"tablet":{"background-color":"","background-image":"","background-repeat":"repeat","background-position":"center center","background-size":"auto","background-attachment":"scroll","background-type":"","background-media":"","overlay-type":"","overlay-color":"","overlay-opacity":"","overlay-gradient":""},"mobile":{"background-color":"","background-image":"","background-repeat":"repeat","background-position":"center center","background-size":"auto","background-attachment":"scroll","background-type":"","background-media":"","overlay-type":"","overlay-color":"","overlay-opacity":"","overlay-gradient":""}},"ast-content-background-meta":{"desktop":{"background-color":"var(--ast-global-color-4)","background-image":"","background-repeat":"repeat","background-position":"center center","background-size":"auto","background-attachment":"scroll","background-type":"","background-media":"","overlay-type":"","overlay-color":"","overlay-opacity":"","overlay-gradient":""},"tablet":{"background-color":"var(--ast-global-color-4)","background-image":"","background-repeat":"repeat","background-position":"center center","background-size":"auto","background-attachment":"scroll","background-type":"","background-media":"","overlay-type":"","overlay-color":"","overlay-opacity":"","overlay-gradient":""},"mobile":{"background-color":"var(--ast-global-color-4)","background-image":"","background-repeat":"repeat","background-position":"center center","background-size":"auto","background-attachment":"scroll","background-type":"","background-media":"","overlay-type":"","overlay-color":"","overlay-opacity":"","overlay-gradient":""}},"footnotes":""},"class_list":["post-1025","page","type-page","status-publish","hentry"],"jetpack_sharing_enabled":true,"_links":{"self":[{"href":"https:\/\/lepex-novum.com\/de\/wp-json\/wp\/v2\/pages\/1025","targetHints":{"allow":["GET"]}}],"collection":[{"href":"https:\/\/lepex-novum.com\/de\/wp-json\/wp\/v2\/pages"}],"about":[{"href":"https:\/\/lepex-novum.com\/de\/wp-json\/wp\/v2\/types\/page"}],"author":[{"embeddable":true,"href":"https:\/\/lepex-novum.com\/de\/wp-json\/wp\/v2\/users\/1"}],"replies":[{"embeddable":true,"href":"https:\/\/lepex-novum.com\/de\/wp-json\/wp\/v2\/comments?post=1025"}],"version-history":[{"count":1,"href":"https:\/\/lepex-novum.com\/de\/wp-json\/wp\/v2\/pages\/1025\/revisions"}],"predecessor-version":[{"id":1031,"href":"https:\/\/lepex-novum.com\/de\/wp-json\/wp\/v2\/pages\/1025\/revisions\/1031"}],"wp:attachment":[{"href":"https:\/\/lepex-novum.com\/de\/wp-json\/wp\/v2\/media?parent=1025"}],"curies":[{"name":"wp","href":"https:\/\/api.w.org\/{rel}","templated":true}]}}