{"id":1013,"date":"2025-09-26T09:28:59","date_gmt":"2025-09-26T09:28:59","guid":{"rendered":"https:\/\/lepex-novum.com\/eu-verordnung\/"},"modified":"2025-10-24T13:09:08","modified_gmt":"2025-10-24T13:09:08","slug":"eu-verordnung","status":"publish","type":"page","link":"https:\/\/lepex-novum.com\/de\/eu-verordnung\/","title":{"rendered":"EU-Verordnung"},"content":{"rendered":"\t\t<div data-elementor-type=\"wp-page\" data-elementor-id=\"1013\" class=\"elementor elementor-1013 elementor-64\">\n\t\t\t\t<div class=\"elementor-element elementor-element-3e9ca36 e-flex e-con-boxed e-con e-parent\" data-id=\"3e9ca36\" data-element_type=\"container\" data-e-type=\"container\">\n\t\t\t\t\t<div class=\"e-con-inner\">\n\t\t\t\t<div class=\"elementor-element elementor-element-ab96b59 elementor-widget elementor-widget-image\" data-id=\"ab96b59\" data-element_type=\"widget\" data-e-type=\"widget\" data-widget_type=\"image.default\">\n\t\t\t\t\t\t\t\t\t\t\t\t\t\t\t<img fetchpriority=\"high\" decoding=\"async\" width=\"1024\" height=\"796\" src=\"https:\/\/lepex-novum.com\/wp-content\/uploads\/2025\/09\/Firefly_EU-regulaiton-490357-1024x796.jpg\" class=\"attachment-large size-large wp-image-1015\" alt=\"\" srcset=\"https:\/\/lepex-novum.com\/wp-content\/uploads\/2025\/09\/Firefly_EU-regulaiton-490357-1024x796.jpg 1024w, https:\/\/lepex-novum.com\/wp-content\/uploads\/2025\/09\/Firefly_EU-regulaiton-490357-200x156.jpg 200w, https:\/\/lepex-novum.com\/wp-content\/uploads\/2025\/09\/Firefly_EU-regulaiton-490357-300x233.jpg 300w, https:\/\/lepex-novum.com\/wp-content\/uploads\/2025\/09\/Firefly_EU-regulaiton-490357-768x597.jpg 768w, https:\/\/lepex-novum.com\/wp-content\/uploads\/2025\/09\/Firefly_EU-regulaiton-490357-1536x1195.jpg 1536w, https:\/\/lepex-novum.com\/wp-content\/uploads\/2025\/09\/Firefly_EU-regulaiton-490357-2048x1593.jpg 2048w\" sizes=\"(max-width: 1024px) 100vw, 1024px\" \/>\t\t\t\t\t\t\t\t\t\t\t\t\t\t\t<\/div>\n\t\t\t\t<div class=\"elementor-element elementor-element-2479f7b elementor-widget elementor-widget-text-editor\" data-id=\"2479f7b\" data-element_type=\"widget\" data-e-type=\"widget\" data-widget_type=\"text-editor.default\">\n\t\t\t\t\t\t\t\t\t<div id=\"bgLayers_comp-m25vs53w1\" class=\"MW5IWV\" data-hook=\"bgLayers\" data-motion-part=\"BG_LAYER comp-m25vs53w1\"><div id=\"bgMedia_comp-m25vs53w1\" class=\"VgO9Yg\" data-motion-part=\"BG_MEDIA comp-m25vs53w1\"> <\/div><\/div><div class=\"\" data-mesh-id=\"comp-m25vs53w1inlineContent\" data-testid=\"inline-content\"><div data-mesh-id=\"comp-m25vs53w1inlineContent-gridContainer\" data-testid=\"mesh-container-content\"><div id=\"comp-lr5o0ez4\" class=\"Z_l5lU ku3DBC zQ9jDz comp-lr5o0ez4 wixui-rich-text\" data-testid=\"richTextElement\"><h2 class=\"font_2 wixui-rich-text__text\"><span class=\"wixui-rich-text__text\">Zur Regulierung von Tiersemenkonservierungsmedien in der EU.<\/span><\/h2><\/div><div id=\"comp-lr5o0ez56\" class=\"Z_l5lU ku3DBC zQ9jDz comp-lr5o0ez56 wixui-rich-text\" data-testid=\"richTextElement\"><p class=\"font_8 wixui-rich-text__text\"><span class=\"wixui-rich-text__text\">Tiersemenkonservierungsmedien sind fl\u00fcssige L\u00f6sungen, die verwendet werden, um Ejakulate zu verd\u00fcnnen, wodurch das Ejakulatvolumen erh\u00f6ht wird, um die geeignete Spermienzellkonzentration f\u00fcr die k\u00fcnstliche Befruchtung zu erreichen. Dar\u00fcber hinaus dienen diese Medien dazu, die Funktionalit\u00e4t der Spermienzellen f\u00fcr die Befruchtung aufrechtzuerhalten. Semenkonservierungsmedien bestehen aus Salzen und Zuckern und regulieren den pH-Wert und die Osmolarit\u00e4t, w\u00e4hrend sie auch Antibiotika enthalten, um die Vermehrung von Mikroorganismen zu reduzieren. Dar\u00fcber hinaus k\u00f6nnen verschiedene andere Substanzen in diesen Medien enthalten sein.   <\/span><\/p><p class=\"font_8 wixui-rich-text__text\"><span class=\"wixui-rich-text__text\">Im Gegensatz zu Tierarzneimitteln gibt es derzeit keine spezifische Verordnung f\u00fcr Tiersemenkonservierungsmedien. So k\u00f6nnen beispielsweise Spermakonservierungsmedien Antibiotika enthalten, die dazu bestimmt sind, die Lebensf\u00e4higkeit der Spermienzellen aufrechtzuerhalten, anstatt eine physiologische Wirkung auf das Tier auszu\u00fcben, das der Besamung unterzogen wird. Es ist m\u00f6glich, dass bestimmte Bestandteile, die in bestimmten Semenkonservierungsmedien enthalten sind, unabh\u00e4ngig davon, ob sie im Handel erh\u00e4ltlich sind oder nicht, als Tierarzneimittel eingestuft werden k\u00f6nnten. Wenn diese Inhaltsstoffe tats\u00e4chlich Tierarzneimittel sind, m\u00fcssten sie wahrscheinlich die entsprechenden regulatorischen Anforderungen erf\u00fcllen.   <\/span><\/p><p class=\"font_8 wixui-rich-text__text\"><span class=\"wixui-rich-text__text\"> <\/span><span class=\"wixui-rich-text__text\">Die Klassifizierung bestimmter Inhaltsstoffe in Spermakonservierungsmedien kann mehrdeutig sein, was Unsicherheit dar\u00fcber schafft, ob das Medium als Tierarzneimittel eingestuft werden sollte oder ob der Inhaltsstoff als nicht-medizinische Substanz betrachtet werden kann. Einige Inhaltsstoffe wirken m\u00f6glicherweise nicht als Konservierungsmittel, spielen aber dennoch eine Rolle bei der Befruchtung. Beispielsweise k\u00f6nnen Substanzen, die verd\u00fcnntem Samen zugesetzt werden, um seine Mischbarkeit mit Vaginalschleim zu verbessern, m\u00f6glicherweise die Wahrscheinlichkeit einer Empf\u00e4ngnis erh\u00f6hen, wie in Arten wie Schweinen und Kaninchen gezeigt wurde. Oder Substanzen, die dem Medium zugesetzt werden, um den Prozess der nat\u00fcrlichen Ovulation zu unterst\u00fctzen, wie im Fall des Kaninchensemenkonservierungsmediums Lepex-Novum.   <\/span><\/p><p class=\"font_8 wixui-rich-text__text\"><span class=\"wixui-rich-text__text\">Wenn man vor dem Dilemma steht, Inhaltsstoffe als Tierarzneimittel oder nicht-medizinische Spermakonservierungszus\u00e4tze einzustufen, kann man eine Klassifizierung von der Borderline Working Group (BWG) anfordern, die von der Coordination Group for Mutual Recognition and Decentralised Procedures for Veterinary Medicinal Products (CMDv) der Europ\u00e4ischen Arzneimittel-Agentur (EMA) eingerichtet wurde. Die CMDv, die im Rahmen der \u00fcberarbeiteten Arzneimittelgesetzgebung gegr\u00fcndet wurde, befasst sich mit Anfragen im Zusammenhang mit der Genehmigung f\u00fcr das Inverkehrbringen von Tierarzneimitteln in mehreren Mitgliedstaaten durch gegenseitige Anerkennung oder dezentrales Verfahren. <\/span><\/p><p class=\"font_8 wixui-rich-text__text\"><span class=\"wixui-rich-text__text\">\u200b<\/span><span class=\"wixui-rich-text__text\">Die CMDv hat der BWG folgendes Mandat erteilt.<\/span><\/p><p class=\"font_8 wixui-rich-text__text\"><span class=\"wixui-rich-text__text\">\u200b<\/span><span class=\"wixui-rich-text__text\">1. Eine Bestandsaufnahme des relevanten Personals, der Arbeitsgruppen und Teams innerhalb der nationalen zust\u00e4ndigen Beh\u00f6rden zur Schaffung eines europ\u00e4ischen \u201eBorderline\u201c-Netzwerks. Die einschl\u00e4gigen Rechtsvorschriften, die Durchf\u00fchrungsrechtsakte der Kommission gem\u00e4\u00df Artikel 3 Absatz 2 und die europ\u00e4ische Rechtsprechung zu diesem Thema sowie die europ\u00e4ische Rechtsprechung zu diesem Thema zu ermitteln.<\/span><\/p><p class=\"font_8 wixui-rich-text__text\"><span class=\"wixui-rich-text__text\">2. Die verschiedenen Bereiche von Borderline-Produkten zu identifizieren.<\/span><\/p><p class=\"font_8 wixui-rich-text__text\"><span class=\"wixui-rich-text__text\">3. Sich auf ein gemeinsames Verst\u00e4ndnis zwischen den Mitgliedstaaten \u00fcber Borderline-Definitionen und \u00fcber verschiedene Bereiche identifizierter Borderline-Produkte zu einigen, um etwaige Interpretationsunterschiede zwischen den Mitgliedstaaten zu minimieren.<\/span><\/p><p class=\"font_8 wixui-rich-text__text\"><span class=\"wixui-rich-text__text\">4. Empfehlungen f\u00fcr die Klassifizierung eines Produkts oder einer Produktgruppe abzugeben.<\/span><\/p><p class=\"font_8 wixui-rich-text__text\"><span class=\"wixui-rich-text__text\">5. Bei Bedarf mit der Europ\u00e4ischen Kommission \u00fcber eine spezifische Empfehlung zu kommunizieren.<\/span><\/p><p class=\"font_8 wixui-rich-text__text\"><span class=\"wixui-rich-text__text\">6. Die Klassifizierung basiert auf der Bewertung der Funktion und der Aufmachung des Produkts von Fall zu Fall.<\/span><\/p><p class=\"font_8 wixui-rich-text__text\"><span class=\"wixui-rich-text__text\">Mit diesem Mandat kann die BWG Empfehlungen zu Inhaltsstoffen von Tiersemenkonservierungsmedien abgeben, f\u00fcr die ein Antrag gestellt wurde.<\/span><\/p><\/div><div id=\"comp-m3bc1zkc\" class=\"Z_l5lU ku3DBC zQ9jDz comp-m3bc1zkc wixui-rich-text\" data-testid=\"richTextElement\"><h2 class=\"font_2 wixui-rich-text__text\"><span style=\"text-decoration: underline;\"><span class=\"wixui-rich-text__text\">Empfehlung des Europ\u00e4ischen Ausschusses f\u00fcr die Beurteilung von Arzneimitteln &#8211; Agentur<\/span><\/span><\/h2><\/div><div id=\"comp-m3bc0wor\" class=\"Z_l5lU ku3DBC zQ9jDz comp-m3bc0wor wixui-rich-text\" data-testid=\"richTextElement\"><p class=\"font_8 wixui-rich-text__text\"><span class=\"wixui-rich-text__text\">Im Juli 2023 wurden zwei Antr\u00e4ge auf Klassifizierung bei der Borderline Working Group (BWG) eingereicht, einem Gremium, das von der Coordination Group for Mutual Recognition and Decentralised Procedures for Veterinary Medicinal Products (CMDv) der Europ\u00e4ischen Arzneimittel-Agentur (EMA) eingerichtet wurde, und zwar in Bezug auf Pronexcell und Matrixcell, zwei Hauptbestandteile von Lepex-Novum.<\/span><\/p><p class=\"font_8 wixui-rich-text__text\"><span class=\"wixui-rich-text__text\">Dar\u00fcber hinaus wurde im November 2023 das vollst\u00e4ndige Rezept von Novum an die Tierarzneimittelbeh\u00f6rde zur Klassifizierung des Nahrungserg\u00e4nzungsmittels Novum weitergeleitet. Die Einreichung enthielt Einzelheiten zu allen Inhaltsstoffen von Novum sowie eine Erl\u00e4uterung des Mechanismus, der auf dem Vorhandensein des NGF-Proteins basiert, was mit den Informationen auf der aktuellen Website \u00fcbereinstimmt. <\/span><\/p><p class=\"font_8 wixui-rich-text__text\"><span class=\"wixui-rich-text__text\">\u200b<\/span><span class=\"wixui-rich-text__text\">Die schriftliche Antwort des Regulatory Project Leader\/Niederl\u00e4ndischen Vertreters \u2013 eines Mitglieds der CMDv der Veterinary Medicinal Products Unit des Medicines Evaluation Board-Agency \u2013 lautete wie folgt.<\/span><\/p><p class=\"font_8 wixui-rich-text__text\"><span class=\"wixui-rich-text__text\">\u200b<\/span><span class=\"wixui-rich-text__text\">Gem\u00e4\u00df der EU-Verordnung 2019\/6 umfasst der Begriff \u201eTierarzneimittel\u201c jede Substanz oder Kombination von Substanzen, die mindestens eine der folgenden Bedingungen erf\u00fcllt:<\/span><\/p><p class=\"font_8 wixui-rich-text__text\"><span class=\"wixui-rich-text__text\">a) die als Mittel mit therapeutischen oder prophylaktischen Eigenschaften bei Krankheiten von Tieren dargestellt werden;<\/span><\/p><p class=\"font_8 wixui-rich-text__text\"><span class=\"wixui-rich-text__text\">b) die dazu bestimmt sind, bei Tieren angewendet oder ihnen verabreicht zu werden, um physiologische Funktionen durch eine pharmakologische, immunologische oder metabolische Wirkung wiederherzustellen, zu verbessern oder zu ver\u00e4ndern.<\/span><\/p><p class=\"font_8 wixui-rich-text__text\"><span class=\"wixui-rich-text__text\">Basierend auf den bereitgestellten Informationen erf\u00fcllt Novum nicht die Definition eines Tierarzneimittels gem\u00e4\u00df Artikel 4 Absatz 1 Buchstabe a oder 4 Absatz 1 Buchstabe b der EU-Verordnung 2019\/6.<\/span><\/p><\/div><\/div><\/div>\t\t\t\t\t\t\t\t<\/div>\n\t\t\t\t\t<\/div>\n\t\t\t\t<\/div>\n\t\t\t\t<\/div>\n\t\t","protected":false},"excerpt":{"rendered":"<p>Zur Regulierung von Tiersemenkonservierungsmedien in der EU. Tiersemenkonservierungsmedien sind fl\u00fcssige L\u00f6sungen, die verwendet werden, um Ejakulate zu verd\u00fcnnen, wodurch das [&hellip;]<\/p>\n","protected":false},"author":1,"featured_media":0,"parent":0,"menu_order":0,"comment_status":"closed","ping_status":"closed","template":"","meta":{"site-sidebar-layout":"no-sidebar","site-content-layout":"","ast-site-content-layout":"full-width-container","site-content-style":"default","site-sidebar-style":"default","ast-global-header-display":"","ast-banner-title-visibility":"","ast-main-header-display":"","ast-hfb-above-header-display":"","ast-hfb-below-header-display":"","ast-hfb-mobile-header-display":"","site-post-title":"disabled","ast-breadcrumbs-content":"","ast-featured-img":"disabled","footer-sml-layout":"","ast-disable-related-posts":"","theme-transparent-header-meta":"","adv-header-id-meta":"","stick-header-meta":"","header-above-stick-meta":"","header-main-stick-meta":"","header-below-stick-meta":"","astra-migrate-meta-layouts":"default","ast-page-background-enabled":"default","ast-page-background-meta":{"desktop":{"background-color":"var(--ast-global-color-5)","background-image":"","background-repeat":"repeat","background-position":"center center","background-size":"auto","background-attachment":"scroll","background-type":"","background-media":"","overlay-type":"","overlay-color":"","overlay-opacity":"","overlay-gradient":""},"tablet":{"background-color":"","background-image":"","background-repeat":"repeat","background-position":"center center","background-size":"auto","background-attachment":"scroll","background-type":"","background-media":"","overlay-type":"","overlay-color":"","overlay-opacity":"","overlay-gradient":""},"mobile":{"background-color":"","background-image":"","background-repeat":"repeat","background-position":"center center","background-size":"auto","background-attachment":"scroll","background-type":"","background-media":"","overlay-type":"","overlay-color":"","overlay-opacity":"","overlay-gradient":""}},"ast-content-background-meta":{"desktop":{"background-color":"var(--ast-global-color-4)","background-image":"","background-repeat":"repeat","background-position":"center center","background-size":"auto","background-attachment":"scroll","background-type":"","background-media":"","overlay-type":"","overlay-color":"","overlay-opacity":"","overlay-gradient":""},"tablet":{"background-color":"var(--ast-global-color-4)","background-image":"","background-repeat":"repeat","background-position":"center center","background-size":"auto","background-attachment":"scroll","background-type":"","background-media":"","overlay-type":"","overlay-color":"","overlay-opacity":"","overlay-gradient":""},"mobile":{"background-color":"var(--ast-global-color-4)","background-image":"","background-repeat":"repeat","background-position":"center center","background-size":"auto","background-attachment":"scroll","background-type":"","background-media":"","overlay-type":"","overlay-color":"","overlay-opacity":"","overlay-gradient":""}},"footnotes":""},"class_list":["post-1013","page","type-page","status-publish","hentry"],"jetpack_sharing_enabled":true,"_links":{"self":[{"href":"https:\/\/lepex-novum.com\/de\/wp-json\/wp\/v2\/pages\/1013","targetHints":{"allow":["GET"]}}],"collection":[{"href":"https:\/\/lepex-novum.com\/de\/wp-json\/wp\/v2\/pages"}],"about":[{"href":"https:\/\/lepex-novum.com\/de\/wp-json\/wp\/v2\/types\/page"}],"author":[{"embeddable":true,"href":"https:\/\/lepex-novum.com\/de\/wp-json\/wp\/v2\/users\/1"}],"replies":[{"embeddable":true,"href":"https:\/\/lepex-novum.com\/de\/wp-json\/wp\/v2\/comments?post=1013"}],"version-history":[{"count":1,"href":"https:\/\/lepex-novum.com\/de\/wp-json\/wp\/v2\/pages\/1013\/revisions"}],"predecessor-version":[{"id":1017,"href":"https:\/\/lepex-novum.com\/de\/wp-json\/wp\/v2\/pages\/1013\/revisions\/1017"}],"wp:attachment":[{"href":"https:\/\/lepex-novum.com\/de\/wp-json\/wp\/v2\/media?parent=1013"}],"curies":[{"name":"wp","href":"https:\/\/api.w.org\/{rel}","templated":true}]}}