{"id":1007,"date":"2025-09-26T09:21:09","date_gmt":"2025-09-26T08:21:09","guid":{"rendered":"https:\/\/lepex-novum.com\/startseite\/"},"modified":"2025-11-24T10:18:31","modified_gmt":"2025-11-24T09:18:31","slug":"startseite","status":"publish","type":"page","link":"https:\/\/lepex-novum.com\/de\/","title":{"rendered":"Startseite"},"content":{"rendered":"\t\t<div data-elementor-type=\"wp-page\" data-elementor-id=\"1007\" class=\"elementor elementor-1007 elementor-58\">\n\t\t\t\t<div class=\"elementor-element elementor-element-2648367 e-flex e-con-boxed e-con e-parent\" data-id=\"2648367\" data-element_type=\"container\" data-e-type=\"container\">\n\t\t\t\t\t<div class=\"e-con-inner\">\n\t\t\t\t<div class=\"elementor-element elementor-element-9b5199b elementor-widget elementor-widget-heading\" data-id=\"9b5199b\" data-element_type=\"widget\" data-e-type=\"widget\" data-widget_type=\"heading.default\">\n\t\t\t\t\t<h2 class=\"elementor-heading-title elementor-size-default\">Willkommen auf der Lepex-Novum Website.<\/h2>\t\t\t\t<\/div>\n\t\t\t\t<div class=\"elementor-element elementor-element-8aa2525 elementor-widget elementor-widget-image\" data-id=\"8aa2525\" data-element_type=\"widget\" data-e-type=\"widget\" data-widget_type=\"image.default\">\n\t\t\t\t\t\t\t\t\t\t\t\t\t\t\t<img fetchpriority=\"high\" decoding=\"async\" width=\"1024\" height=\"796\" src=\"https:\/\/lepex-novum.com\/wp-content\/uploads\/2025\/09\/Firefly_lapins-en-laboratoire-683029-1024x796.jpg\" class=\"attachment-large size-large wp-image-1010\" alt=\"\" srcset=\"https:\/\/lepex-novum.com\/wp-content\/uploads\/2025\/09\/Firefly_lapins-en-laboratoire-683029-1024x796.jpg 1024w, https:\/\/lepex-novum.com\/wp-content\/uploads\/2025\/09\/Firefly_lapins-en-laboratoire-683029-200x156.jpg 200w, https:\/\/lepex-novum.com\/wp-content\/uploads\/2025\/09\/Firefly_lapins-en-laboratoire-683029-300x233.jpg 300w, https:\/\/lepex-novum.com\/wp-content\/uploads\/2025\/09\/Firefly_lapins-en-laboratoire-683029-768x597.jpg 768w, https:\/\/lepex-novum.com\/wp-content\/uploads\/2025\/09\/Firefly_lapins-en-laboratoire-683029-1536x1195.jpg 1536w, https:\/\/lepex-novum.com\/wp-content\/uploads\/2025\/09\/Firefly_lapins-en-laboratoire-683029-2048x1593.jpg 2048w\" sizes=\"(max-width: 1024px) 100vw, 1024px\" \/>\t\t\t\t\t\t\t\t\t\t\t\t\t\t\t<\/div>\n\t\t\t\t<div class=\"elementor-element elementor-element-0324b49 elementor-widget elementor-widget-text-editor\" data-id=\"0324b49\" data-element_type=\"widget\" data-e-type=\"widget\" data-widget_type=\"text-editor.default\">\n\t\t\t\t\t\t\t\t\t<div id=\"bgLayers_comp-m3affkvw\" class=\"MW5IWV\" data-hook=\"bgLayers\" data-motion-part=\"BG_LAYER comp-m3affkvw\"><div id=\"bgMedia_comp-m3affkvw\" class=\"VgO9Yg\" data-motion-part=\"BG_MEDIA comp-m3affkvw\"><div><p><strong>K\u00fcnstliche Besamung bei Kaninchen<\/strong><\/p><\/div><div><p>Die k\u00fcnstliche Besamung (KB) bei Kaninchen ist eine Reproduktionstechnik, bei der Sperma von einem m\u00e4nnlichen Tier gesammelt und manuell in den Fortpflanzungstrakt des weiblichen Tieres eingef\u00fchrt wird. <span lang=\"NL-BE\">Diese Methode wird in kommerziellen Kaninchenzuchtprogrammen weit verbreitet eingesetzt, um die Herdenproduktivit\u00e4t und genetische Selektion zu verbessern. Sie unterst\u00fctzt auch die Krankheitskontrolle, indem sie den direkten physischen Kontakt zwischen den Tieren minimiert. <\/span> <\/p><p>In Gro\u00dfbetrieben erm\u00f6glicht die KB eine synchronisierte Zucht, eine effiziente Aufzeichnung und eine konsistente Produktion von Fleisch oder Fell.  <span style=\"font-size: 16px;\">Insgesamt verbessert die KB sowohl die Wirtschaftlichkeit als auch das Zuchtmanagement in der kommerziellen Kaninchenproduktion.<\/span><\/p><\/div><div><p><span style=\"text-decoration: underline;\"><strong><span lang=\"NL-BE\">LEPEX UND NOVUM.<\/span><\/strong><\/span><\/p><p class=\"font7\"><span lang=\"NL-BE\">Im<\/span><span class=\"wixui-rich-texttext\"><span lang=\"NL-BE\"> Jahr 2015 entwickelte Dr. Bart van den Berg (Niederlande) das Kaninchensamen-Konservierungsmedium <b>LEPEX<\/b>, das seitdem kommerziell erh\u00e4ltlich ist. <\/span><\/span><span class=\"wixui-rich-texttext\"><b><span lang=\"NL-BE\">LEPEX <\/span><\/b><\/span><span class=\"wixui-rich-texttext\"><span lang=\"NL-BE\">ist ein Samenverd\u00fcnner f\u00fcr Hasentiere, der als hochwertiges mikronisiertes Pulver f\u00fcr den Frischgebrauch und gek\u00fchlten Transport geliefert wird. Er ist speziell f\u00fcr die Verd\u00fcnnung von Kaninchensperma und die Lagerung des verd\u00fcnnten Spermas bei 17 \u00b0C formuliert. <\/span><\/span> <\/p><p class=\"font7\"><span class=\"wixui-rich-texttext\">Neue Erkenntnisse \u00fcber die biochemischen Mechanismen, die der Kaninchenreproduktion zugrunde liegen, f\u00fchrten zur Entwicklung eines neuartigen Zusatzes namens <b>NOVUM<\/b>. Dieses mikronisierte Pulverpr\u00e4parat, das dem Samenverd\u00fcnner zugesetzt wird, bietet einen bahnbrechenden Ansatz zur Unterst\u00fctzung der Ovulationsinduktion.<\/span><span class=\"wixui-rich-texttext\"><span lang=\"NL-BE\">Die Kombination von <b>NOVUM<\/b> mit dem speziell entwickelten <b>LEPEX<\/b>-Verd\u00fcnner wird als <b>LEPEX-NOVUM<\/b> vermarktet.<\/span><\/span> <\/p><\/div><div><p class=\"font7\"><span class=\"wixui-rich-texttext\">Umfassende kommerzielle, technische und wissenschaftliche Informationen zu diesen Produkten und Erg\u00e4nzungsmitteln finden Sie an anderer Stelle auf dieser Website.  <\/span><\/p><\/div><div><p class=\"font7\"><span style=\"font-size: 16px;\">Alle Produkte:<\/span> <b style=\"font-style: inherit;\">LEPEX<\/b><span style=\"font-size: 16px;\">,<\/span> <b style=\"font-style: inherit;\">NOVUM<\/b><span style=\"font-size: 16px;\"> und<\/span> <b style=\"font-style: inherit;\">LEPEX-NOVUM<\/b><span style=\"font-size: 16px;\"> werden von HuVeSearch bv (Belgien) hergestellt und als mikronisierte Pulver geliefert. Dr. Bart van den Berg ist weiterhin als Berater f\u00fcr HuVeSearch bv t\u00e4tig.<\/span><\/p><\/div><\/div><\/div>\t\t\t\t\t\t\t\t<\/div>\n\t\t\t\t<div class=\"elementor-element elementor-element-c33f2c6 elementor-widget__width-inherit elementor-align-justify elementor-widget elementor-widget-button\" data-id=\"c33f2c6\" data-element_type=\"widget\" data-e-type=\"widget\" data-widget_type=\"button.default\">\n\t\t\t\t\t\t\t\t\t\t<a class=\"elementor-button elementor-button-link elementor-size-sm\" href=\"tel:+32474988280\">\n\t\t\t\t\t\t<span class=\"elementor-button-content-wrapper\">\n\t\t\t\t\t\t\t\t\t<span class=\"elementor-button-text\">Rufen Sie uns an<\/span>\n\t\t\t\t\t<\/span>\n\t\t\t\t\t<\/a>\n\t\t\t\t\t\t\t\t<\/div>\n\t\t\t\t\t<\/div>\n\t\t\t\t<\/div>\n\t\t\t\t<\/div>\n\t\t","protected":false},"excerpt":{"rendered":"<p>Willkommen auf der Lepex-Novum Website. K\u00fcnstliche Besamung bei Kaninchen Die k\u00fcnstliche Besamung (KB) bei Kaninchen ist eine Reproduktionstechnik, bei der [&hellip;]<\/p>\n","protected":false},"author":1,"featured_media":0,"parent":0,"menu_order":0,"comment_status":"closed","ping_status":"closed","template":"elementor_header_footer","meta":{"site-sidebar-layout":"no-sidebar","site-content-layout":"","ast-site-content-layout":"full-width-container","site-content-style":"default","site-sidebar-style":"default","ast-global-header-display":"","ast-banner-title-visibility":"","ast-main-header-display":"","ast-hfb-above-header-display":"","ast-hfb-below-header-display":"","ast-hfb-mobile-header-display":"","site-post-title":"disabled","ast-breadcrumbs-content":"","ast-featured-img":"disabled","footer-sml-layout":"","ast-disable-related-posts":"","theme-transparent-header-meta":"","adv-header-id-meta":"","stick-header-meta":"","header-above-stick-meta":"","header-main-stick-meta":"","header-below-stick-meta":"","astra-migrate-meta-layouts":"default","ast-page-background-enabled":"default","ast-page-background-meta":{"desktop":{"background-color":"var(--ast-global-color-5)","background-image":"","background-repeat":"repeat","background-position":"center center","background-size":"auto","background-attachment":"scroll","background-type":"","background-media":"","overlay-type":"","overlay-color":"","overlay-opacity":"","overlay-gradient":""},"tablet":{"background-color":"","background-image":"","background-repeat":"repeat","background-position":"center center","background-size":"auto","background-attachment":"scroll","background-type":"","background-media":"","overlay-type":"","overlay-color":"","overlay-opacity":"","overlay-gradient":""},"mobile":{"background-color":"","background-image":"","background-repeat":"repeat","background-position":"center center","background-size":"auto","background-attachment":"scroll","background-type":"","background-media":"","overlay-type":"","overlay-color":"","overlay-opacity":"","overlay-gradient":""}},"ast-content-background-meta":{"desktop":{"background-color":"var(--ast-global-color-4)","background-image":"","background-repeat":"repeat","background-position":"center center","background-size":"auto","background-attachment":"scroll","background-type":"","background-media":"","overlay-type":"","overlay-color":"","overlay-opacity":"","overlay-gradient":""},"tablet":{"background-color":"var(--ast-global-color-4)","background-image":"","background-repeat":"repeat","background-position":"center center","background-size":"auto","background-attachment":"scroll","background-type":"","background-media":"","overlay-type":"","overlay-color":"","overlay-opacity":"","overlay-gradient":""},"mobile":{"background-color":"var(--ast-global-color-4)","background-image":"","background-repeat":"repeat","background-position":"center center","background-size":"auto","background-attachment":"scroll","background-type":"","background-media":"","overlay-type":"","overlay-color":"","overlay-opacity":"","overlay-gradient":""}},"footnotes":""},"class_list":["post-1007","page","type-page","status-publish","hentry"],"jetpack_sharing_enabled":true,"_links":{"self":[{"href":"https:\/\/lepex-novum.com\/de\/wp-json\/wp\/v2\/pages\/1007","targetHints":{"allow":["GET"]}}],"collection":[{"href":"https:\/\/lepex-novum.com\/de\/wp-json\/wp\/v2\/pages"}],"about":[{"href":"https:\/\/lepex-novum.com\/de\/wp-json\/wp\/v2\/types\/page"}],"author":[{"embeddable":true,"href":"https:\/\/lepex-novum.com\/de\/wp-json\/wp\/v2\/users\/1"}],"replies":[{"embeddable":true,"href":"https:\/\/lepex-novum.com\/de\/wp-json\/wp\/v2\/comments?post=1007"}],"version-history":[{"count":2,"href":"https:\/\/lepex-novum.com\/de\/wp-json\/wp\/v2\/pages\/1007\/revisions"}],"predecessor-version":[{"id":1260,"href":"https:\/\/lepex-novum.com\/de\/wp-json\/wp\/v2\/pages\/1007\/revisions\/1260"}],"wp:attachment":[{"href":"https:\/\/lepex-novum.com\/de\/wp-json\/wp\/v2\/media?parent=1007"}],"curies":[{"name":"wp","href":"https:\/\/api.w.org\/{rel}","templated":true}]}}